{"id":7237,"date":"2026-05-06T08:58:05","date_gmt":"2026-05-06T08:58:05","guid":{"rendered":"https:\/\/korea-transmission.com\/?page_id=7237"},"modified":"2026-05-07T07:01:03","modified_gmt":"2026-05-07T07:01:03","slug":"pto-shaft-for-manure-spreader","status":"publish","type":"page","link":"https:\/\/korea-transmission.com\/vi\/pto-shaft-for-manure-spreader\/","title":{"rendered":"Tr\u1ee5c PTO cho m\u00e1y r\u1ea3i ph\u00e2n b\u00f3n"},"content":{"rendered":"<p>[et_pb_section fb_built=”1″ _builder_version=”4.27.5″ _module_preset=”default” use_background_color_gradient=”on” background_color_gradient_stops=”#ffffff 0%|rgba(255,255,255,0) 100%” background_color_gradient_overlays_image=”on” background_image=”https:\/\/korea-transmission.com\/wp-content\/uploads\/2026\/05\/0_PTO-Shaft-for-Manure-Spreader-1.webp” custom_padding=”96px||106px|||” global_colors_info=”{}”][et_pb_row _builder_version=”4.27.5″ _module_preset=”default” global_colors_info=”{}”][et_pb_column type=”4_4″ _builder_version=”4.27.5″ _module_preset=”default” global_colors_info=”{}”][et_pb_text _builder_version=”4.27.5″ _module_preset=”default” header_font_size=”60px” global_colors_info=”{}”]<\/p>\n<h1 style=\"text-align: center;\">Tr\u1ee5c PTO cho m\u00e1y r\u1ea3i ph\u00e2n b\u00f3n<\/h1>\n<p>[\/et_pb_text][et_pb_text _builder_version=”4.27.5″ _module_preset=”default” text_text_color=”#000000″ global_colors_info=”{}”]<\/p>\n<p style=\"text-align: center;\">Tr\u1ee5c truy\u1ec1n \u0111\u1ed9ng (PTO) \u0111\u01b0\u1ee3c thi\u1ebft k\u1ebf cho m\u00e1y r\u1ea3i ph\u00e2n chu\u1ed3ng \u0111\u00f3ng vai tr\u00f2 l\u00e0 li\u00ean k\u1ebft c\u01a1 kh\u00ed quan tr\u1ecdng, truy\u1ec1n c\u00f4ng su\u1ea5t quay t\u1eeb \u0111\u1ea7u n\u1ed1i PTO ph\u00eda sau c\u1ee7a m\u00e1y k\u00e9o tr\u1ef1c ti\u1ebfp \u0111\u1ebfn h\u1ed9p s\u1ed1 v\u00e0 c\u00e1c b\u1ed9 ph\u1eadn truy\u1ec1n \u0111\u1ed9ng c\u1ee7a m\u00e1y r\u1ea3i. Trong tr\u01b0\u1eddng h\u1ee3p m\u00e1y r\u1ea3i ph\u00e2n chu\u1ed3ng Meyer, tr\u1ee5c n\u00e0y cho ph\u00e9p h\u1ec7 th\u1ed1ng x\u00edch v\u00e0 c\u1ee5m tr\u1ee5c \u0111\u1eadp ho\u1ea1t \u0111\u1ed9ng tr\u01a1n tru, \u0111\u1ea3m b\u1ea3o ph\u00e2n b\u00f3n \u0111\u01b0\u1ee3c ph\u00e2n b\u1ed1 \u0111\u1ec1u kh\u1eafp c\u00e1nh \u0111\u1ed3ng m\u00e0 kh\u00f4ng b\u1ecb gi\u00e1n \u0111o\u1ea1n. <\/p>\n<p>[\/et_pb_text][et_pb_button button_url=”#contacts” button_text=”Request A Quote” button_alignment=”center” _builder_version=”4.27.5″ _module_preset=”default” custom_button=”on” button_text_color=”#000000″ global_colors_info=”{}”][\/et_pb_button][\/et_pb_column][\/et_pb_row][\/et_pb_section][et_pb_section fb_built=”1″ _builder_version=”4.27.5″ _module_preset=”default” custom_padding=”40px||17px|||” global_colors_info=”{}”][et_pb_row _builder_version=”4.27.5″ _module_preset=”default” global_colors_info=”{}”][et_pb_column type=”4_4″ _builder_version=”4.27.5″ _module_preset=”default” global_colors_info=”{}”][et_pb_text _builder_version=”4.27.5″ _module_preset=”default” header_2_font_size=”36px” global_colors_info=”{}”]<\/p>\n<h2>C\u00e1c lo\u1ea1i tr\u1ee5c PTO c\u1ee7a m\u00e1y r\u1ea3i ph\u00e2n chu\u1ed3ng<\/h2>\n<p>[\/et_pb_text][et_pb_text _builder_version=”4.27.5″ _module_preset=”default” global_colors_info=”{}”]The PTO shaft for Meyer manure spreaders, compatible with models including the 2636, 3245, 3954, 7400, 7500, 8500, 8720, 8865, 2636T, 3245T, 3954T, and 5570, serves as the essential driveline assembly that transfers rotational power from a tractor\u2019s rear power take-off outlet directly to the spreader\u2019s operational systems. This Category 4 constant velocity unit, featuring telescoping sections, universal joints, and integrated protective clutches, activates the apron conveyor and rotating beaters to ensure precise, uniform distribution of manure across agricultural fields. Its robust construction withstands high torque demands and variable terrain conditions while incorporating safety shields to minimize operational risks. Routine lubrication and alignment checks sustain its performance, supporting reliable productivity in demanding farm environments.[\/et_pb_text][\/et_pb_column][\/et_pb_row][\/et_pb_section][et_pb_section fb_built=”1″ _builder_version=”4.27.5″ _module_preset=”default” custom_padding=”19px||30px|||” global_colors_info=”{}”][et_pb_row _builder_version=”4.27.5″ _module_preset=”default” global_colors_info=”{}”][et_pb_column type=”4_4″ _builder_version=”4.27.5″ _module_preset=”default” global_colors_info=”{}”][et_pb_text _builder_version=”4.27.5″ _module_preset=”default” header_2_font_size=”36px” global_colors_info=”{}”]<\/p>\n<h2>Tr\u1ee5c PTO cho m\u00e1y r\u1ea3i ph\u00e2n b\u00f3n Meyer<\/h2>\n<p>[\/et_pb_text][\/et_pb_column][\/et_pb_row][et_pb_row column_structure=”1_3,1_3,1_3″ _builder_version=”4.27.5″ _module_preset=”default” global_colors_info=”{}”][et_pb_column type=”1_3″ _builder_version=”4.27.5″ _module_preset=”default” global_colors_info=”{}”][et_pb_image src=”https:\/\/korea-transmission.com\/wp-content\/uploads\/2026\/05\/PTO-Shaft-for-Meyer-Manure-Spreader-1.webp” alt=”PTO Shaft for Meyer Manure Spreader” title_text=”PTO Shaft for Meyer Manure Spreader-1″ _builder_version=”4.27.5″ _module_preset=”default” hover_enabled=”0″ global_colors_info=”{}” url=”https:\/\/korea-transmission.com\/product\/pto-shaft-for-meyer-manure-spreader-2636-3245-3954-7400\/” sticky_enabled=”0″][\/et_pb_image][et_pb_text _builder_version=”4.27.5″ _module_preset=”default” hover_enabled=”0″ global_colors_info=”{}” sticky_enabled=”0″]<\/p>\n<h3><a href=\"https:\/\/korea-transmission.com\/vi\/san-pham\/pto-shaft-for-meyer-manure-spreader-2636-3245-3954-7400\/\">Tr\u1ee5c PTO cho m\u00e1y r\u1ea3i ph\u00e2n b\u00f3n Meyer 2636, 3245, 3954, 7400<\/a><\/h3>\n<p>[\/et_pb_text][\/et_pb_column][et_pb_column type=”1_3″ _builder_version=”4.27.5″ _module_preset=”default” global_colors_info=”{}”][et_pb_image src=”https:\/\/korea-transmission.com\/wp-content\/uploads\/2026\/05\/PTO-Shaft-for-Meyer-Manure-Spreader-2.webp” alt=”PTO Shaft for Meyer Manure Spreader” title_text=”PTO Shaft for Meyer Manure Spreader-2″ _builder_version=”4.27.5″ _module_preset=”default” hover_enabled=”0″ global_colors_info=”{}” url=”https:\/\/korea-transmission.com\/product\/pto-shaft-for-meyer-manure-spreader-7500-8500-8720-8865\/” sticky_enabled=”0″][\/et_pb_image][et_pb_text _builder_version=”4.27.5″ _module_preset=”default” hover_enabled=”0″ global_colors_info=”{}” sticky_enabled=”0″]<\/p>\n<h3><a href=\"https:\/\/korea-transmission.com\/vi\/san-pham\/pto-shaft-for-meyer-manure-spreader-7500-8500-8720-8865\/\">Tr\u1ee5c PTO cho m\u00e1y r\u1ea3i ph\u00e2n b\u00f3n Meyer 7500, 8500, 8720, 8865<\/a><\/h3>\n<p>[\/et_pb_text][\/et_pb_column][et_pb_column type=”1_3″ _builder_version=”4.27.5″ _module_preset=”default” global_colors_info=”{}”][et_pb_image src=”https:\/\/korea-transmission.com\/wp-content\/uploads\/2026\/05\/PTO-Shaft-for-Meyer-Manure-Spreader-3.webp” alt=”PTO Shaft for Meyer Manure Spreader” title_text=”PTO Shaft for Meyer Manure Spreader-3″ _builder_version=”4.27.5″ _module_preset=”default” hover_enabled=”0″ global_colors_info=”{}” url=”https:\/\/korea-transmission.com\/product\/pto-shaft-for-meyer-manure-spreader-2636t-3245t-3954t-5570\/” sticky_enabled=”0″][\/et_pb_image][et_pb_text _builder_version=”4.27.5″ _module_preset=”default” hover_enabled=”0″ global_colors_info=”{}” sticky_enabled=”0″]<\/p>\n<h3><a href=\"https:\/\/korea-transmission.com\/vi\/san-pham\/pto-shaft-for-meyer-manure-spreader-2636t-3245t-3954t-5570\/\">Tr\u1ee5c PTO cho m\u00e1y r\u1ea3i ph\u00e2n b\u00f3n Meyer 2636T, 3245T, 3954T, 5570<\/a><\/h3>\n<p>[\/et_pb_text][\/et_pb_column][\/et_pb_row][\/et_pb_section]<\/p>","protected":false},"excerpt":{"rendered":"<p>PTO Shaft for Manure SpreaderA Power Take-Off (PTO) shaft designed for a manure spreader serves as the critical mechanical link that transfers rotational power from a tractor\u2019s rear PTO stub directly to the spreader\u2019s gearbox and drive components. In the case of a Meyer manure spreader, this shaft enables the apron chain and beater assemblies [&hellip;]<\/p>","protected":false},"author":2,"featured_media":0,"parent":0,"menu_order":0,"comment_status":"closed","ping_status":"closed","template":"","meta":{"_et_pb_use_builder":"on","_et_pb_old_content":"","_et_gb_content_width":"","footnotes":""},"class_list":["post-7237","page","type-page","status-publish","hentry"],"_links":{"self":[{"href":"https:\/\/korea-transmission.com\/vi\/wp-json\/wp\/v2\/pages\/7237","targetHints":{"allow":["GET"]}}],"collection":[{"href":"https:\/\/korea-transmission.com\/vi\/wp-json\/wp\/v2\/pages"}],"about":[{"href":"https:\/\/korea-transmission.com\/vi\/wp-json\/wp\/v2\/types\/page"}],"author":[{"embeddable":true,"href":"https:\/\/korea-transmission.com\/vi\/wp-json\/wp\/v2\/users\/2"}],"replies":[{"embeddable":true,"href":"https:\/\/korea-transmission.com\/vi\/wp-json\/wp\/v2\/comments?post=7237"}],"version-history":[{"count":12,"href":"https:\/\/korea-transmission.com\/vi\/wp-json\/wp\/v2\/pages\/7237\/revisions"}],"predecessor-version":[{"id":7297,"href":"https:\/\/korea-transmission.com\/vi\/wp-json\/wp\/v2\/pages\/7237\/revisions\/7297"}],"wp:attachment":[{"href":"https:\/\/korea-transmission.com\/vi\/wp-json\/wp\/v2\/media?parent=7237"}],"curies":[{"name":"wp","href":"https:\/\/api.w.org\/{rel}","templated":true}]}}