{"id":6959,"date":"2026-04-27T08:40:46","date_gmt":"2026-04-27T08:40:46","guid":{"rendered":"https:\/\/korea-transmission.com\/?page_id=6959"},"modified":"2026-04-30T07:30:13","modified_gmt":"2026-04-30T07:30:13","slug":"pto-shaft-for-discbine","status":"publish","type":"page","link":"https:\/\/korea-transmission.com\/vi\/pto-shaft-for-discbine\/","title":{"rendered":"Tr\u1ee5c PTO cho m\u00e1y c\u1eaft c\u1ecf"},"content":{"rendered":"<p>[et_pb_section fb_built=”1″ _builder_version=”4.27.5″ _module_preset=”default” use_background_color_gradient=”on” background_color_gradient_stops=”#ffffff 0%|rgba(255,255,255,0) 100%” background_color_gradient_overlays_image=”on” background_image=”https:\/\/korea-transmission.com\/wp-content\/uploads\/2026\/04\/0_PTO-Shaft-for-Discbine-1.webp” custom_padding=”110px||128px|||” global_colors_info=”{}”][et_pb_row _builder_version=”4.27.5″ _module_preset=”default” global_colors_info=”{}”][et_pb_column type=”4_4″ _builder_version=”4.27.5″ _module_preset=”default” global_colors_info=”{}”][et_pb_text _builder_version=”4.27.5″ _module_preset=”default” header_font_size=”60px” global_colors_info=”{}”]<\/p>\n<h1 style=\"text-align: center;\">Tr\u1ee5c PTO cho m\u00e1y c\u1eaft c\u1ecf<\/h1>\n<p>[\/et_pb_text][et_pb_text _builder_version=”4.27.5″ _module_preset=”default” text_text_color=”#000000″ global_colors_info=”{}”]<\/p>\n<p style=\"text-align: center;\">Tr\u1ee5c PTO c\u1ee7a m\u00e1y c\u00e0y \u0111\u0129a ho\u1ea1t \u0111\u1ed9ng nh\u01b0 li\u00ean k\u1ebft c\u01a1 kh\u00ed ch\u00ednh, truy\u1ec1n c\u00f4ng su\u1ea5t quay t\u1eeb \u0111\u1ea7u ra PTO ph\u00eda sau c\u1ee7a m\u00e1y k\u00e9o tr\u1ef1c ti\u1ebfp \u0111\u1ebfn h\u1ec7 th\u1ed1ng truy\u1ec1n \u0111\u1ed9ng c\u1ee7a thi\u1ebft b\u1ecb. \u0110\u01b0\u1ee3c thi\u1ebft k\u1ebf cho c\u00e1c \u0111i\u1ec1u ki\u1ec7n \u0111\u1ed3ng ru\u1ed9ng kh\u1eafc nghi\u1ec7t, n\u00f3 d\u1eabn \u0111\u1ed9ng thanh c\u1eaft \u0111\u0129a quay v\u00e0 con l\u0103n l\u00e0m t\u01a1i tr\u00ean c\u00e1c m\u1eabu m\u00e1y do New Holland, Case IH, Massey Ferguson v\u00e0 New Idea s\u1ea3n xu\u1ea5t, cho ph\u00e9p c\u1eaft v\u00e0 \u00e9p c\u1ecf kh\u00f4 ho\u1eb7c c\u00e2y th\u1ee9c \u0103n gia s\u00fac m\u1ed9t c\u00e1ch ch\u00ednh x\u00e1c v\u1edbi t\u1ed1c \u0111\u1ed9 \u1ed5n \u0111\u1ecbnh.<\/p>\n<p>[\/et_pb_text][et_pb_button button_url=”#contacts” button_text=”Request A Quote” button_alignment=”center” _builder_version=”4.27.5″ _module_preset=”default” custom_button=”on” button_text_color=”#000000″ global_colors_info=”{}”][\/et_pb_button][\/et_pb_column][\/et_pb_row][\/et_pb_section][et_pb_section fb_built=”1″ _builder_version=”4.27.5″ _module_preset=”default” custom_padding=”42px||16px|||” global_colors_info=”{}”][et_pb_row _builder_version=”4.27.5″ _module_preset=”default” global_colors_info=”{}”][et_pb_column type=”4_4″ _builder_version=”4.27.5″ _module_preset=”default” global_colors_info=”{}”][et_pb_text _builder_version=”4.27.5″ _module_preset=”default” header_2_font_size=”36px” global_colors_info=”{}”]<\/p>\n<h2>C\u00e1c lo\u1ea1i tr\u1ee5c PTO c\u1ee7a Discbine<\/h2>\n<p>[\/et_pb_text][et_pb_text _builder_version=”4.27.5″ _module_preset=”default” global_colors_info=”{}”]A  PTO shaft for discbine equipment functions as the primary mechanical link that transmits rotational power from a tractor’s rear PTO output directly to the implement’s drive system. Engineered for demanding field conditions, it drives the rotating disc cutterbar and conditioning rollers on models produced by New Holland, Case IH, Massey Ferguson, and New Idea, enabling precise cutting and crimping of hay or forage crops at consistent speeds.<\/p>\n<p>Constructed from high-strength steel tubing with protective shielding and universal joints, the shaft must match specific spline counts, lengths, and torque ratings to ensure seamless compatibility and minimize vibration. Regular inspection of its guards, yokes, and shear bolts remains vital for operational safety and longevity, preventing costly breakdowns during peak harvest periods. Proper alignment and lubrication further optimize power delivery, supporting efficient performance across varied terrain and crop densities.[\/et_pb_text][\/et_pb_column][\/et_pb_row][\/et_pb_section][et_pb_section fb_built=”1″ _builder_version=”4.27.5″ _module_preset=”default” custom_padding=”21px||36px|||” global_colors_info=”{}”][et_pb_row _builder_version=”4.27.5″ _module_preset=”default” global_colors_info=”{}”][et_pb_column type=”4_4″ _builder_version=”4.27.5″ _module_preset=”default” global_colors_info=”{}”][et_pb_text _builder_version=”4.27.5″ _module_preset=”default” header_2_font_size=”36px” global_colors_info=”{}”]<\/p>\n<h2>Tr\u1ee5c PTO cho m\u00e1y c\u1eaft c\u1ecf New Holland<\/h2>\n<p>[\/et_pb_text][\/et_pb_column][\/et_pb_row][et_pb_row column_structure=”1_3,1_3,1_3″ _builder_version=”4.27.5″ _module_preset=”default” global_colors_info=”{}”][et_pb_column type=”1_3″ _builder_version=”4.27.5″ _module_preset=”default” global_colors_info=”{}”][et_pb_image src=”https:\/\/korea-transmission.com\/wp-content\/uploads\/2026\/04\/PTO-Shaft-for-New-Holland-Discbine-1.webp” alt=”PTO Shaft for New Holland Discbine” title_text=”PTO Shaft for New Holland Discbine-1″ url=”https:\/\/korea-transmission.com\/product\/pto-shaft-for-new-holland-discbine-1431-1432-disc-mower\/” _builder_version=”4.27.5″ _module_preset=”default” global_colors_info=”{}”][\/et_pb_image][et_pb_text _builder_version=”4.27.5″ _module_preset=”default” global_colors_info=”{}”]<\/p>\n<h3><a href=\"https:\/\/korea-transmission.com\/vi\/san-pham\/pto-shaft-for-new-holland-discbine-1431-1432-disc-mower\/\">Tr\u1ee5c PTO cho m\u00e1y c\u1eaft c\u1ecf \u0111\u0129a New Holland Discbine 1431, 1432<\/a><\/h3>\n<p>[\/et_pb_text][\/et_pb_column][et_pb_column type=”1_3″ _builder_version=”4.27.5″ _module_preset=”default” global_colors_info=”{}”][et_pb_image src=”https:\/\/korea-transmission.com\/wp-content\/uploads\/2026\/04\/PTO-Shaft-for-New-Holland-Discbine-2.webp” alt=”PTO Shaft for New Holland Discbine” title_text=”PTO Shaft for New Holland Discbine-2″ url=”https:\/\/korea-transmission.com\/product\/pto-shaft-for-new-holland-discbine-411-disc-mower\/” _builder_version=”4.27.5″ _module_preset=”default” global_colors_info=”{}”][\/et_pb_image][et_pb_text _builder_version=”4.27.5″ _module_preset=”default” global_colors_info=”{}”]<\/p>\n<h3><a href=\"https:\/\/korea-transmission.com\/vi\/san-pham\/pto-shaft-for-new-holland-discbine-411-disc-mower\/\">Tr\u1ee5c PTO cho m\u00e1y c\u1eaft c\u1ecf \u0111\u0129a New Holland Discbine 411<\/a><\/h3>\n<p>[\/et_pb_text][\/et_pb_column][et_pb_column type=”1_3″ _builder_version=”4.27.5″ _module_preset=”default” global_colors_info=”{}”][et_pb_image src=”https:\/\/korea-transmission.com\/wp-content\/uploads\/2026\/04\/PTO-Shaft-for-New-Holland-Discbine-3.webp” alt=”PTO Shaft for New Holland Discbine” title_text=”PTO Shaft for New Holland Discbine-3″ url=”https:\/\/korea-transmission.com\/product\/pto-shaft-for-new-holland-discbine-1409-1410-1411-1412-1441-1442-disc-mower\/” _builder_version=”4.27.5″ _module_preset=”default” global_colors_info=”{}”][\/et_pb_image][et_pb_text _builder_version=”4.27.5″ _module_preset=”default” global_colors_info=”{}”]<\/p>\n<h3><a href=\"https:\/\/korea-transmission.com\/vi\/san-pham\/pto-shaft-for-new-holland-discbine-1409-1410-1411-1412-1441-1442-disc-mower\/\">Tr\u1ee5c PTO cho m\u00e1y c\u1eaft \u0111\u0129a New Holland Discbine 1409, 1410, 1411, 1412, 1441, 1442<\/a><\/h3>\n<p>[\/et_pb_text][\/et_pb_column][\/et_pb_row][et_pb_row column_structure=”1_3,1_3,1_3″ _builder_version=”4.27.5″ _module_preset=”default” global_colors_info=”{}”][et_pb_column type=”1_3″ _builder_version=”4.27.5″ _module_preset=”default” global_colors_info=”{}”][et_pb_image src=”https:\/\/korea-transmission.com\/wp-content\/uploads\/2026\/04\/PTO-Shaft-for-New-Holland-Discbine-4.webp” alt=”PTO Shaft for New Holland Discbine” title_text=”PTO Shaft for New Holland Discbine-4″ url=”https:\/\/korea-transmission.com\/product\/pto-shaft-for-new-holland-discbine-h7220-h7230-h7320-h7330-h7450-h7460-h7550-h7560-disc-mower\/” _builder_version=”4.27.5″ _module_preset=”default” global_colors_info=”{}”][\/et_pb_image][et_pb_text _builder_version=”4.27.5″ _module_preset=”default” global_colors_info=”{}”]<\/p>\n<h3><a href=\"https:\/\/korea-transmission.com\/vi\/san-pham\/pto-shaft-for-new-holland-discbine-h7220-h7230-h7320-h7330-h7450-h7460-h7550-h7560-disc-mower\/\">Tr\u1ee5c PTO cho m\u00e1y c\u1eaft c\u1ecf \u0111\u0129a New Holland H7220, H7230, H7320, H7330, H7450, H7460, H7550, H7560<\/a><\/h3>\n<p>[\/et_pb_text][\/et_pb_column][et_pb_column type=”1_3″ _builder_version=”4.27.5″ _module_preset=”default” global_colors_info=”{}”][\/et_pb_column][et_pb_column type=”1_3″ _builder_version=”4.27.5″ _module_preset=”default” global_colors_info=”{}”][\/et_pb_column][\/et_pb_row][\/et_pb_section][et_pb_section fb_built=”1″ _builder_version=”4.27.5″ _module_preset=”default” custom_padding=”21px||36px|||” global_colors_info=”{}”][et_pb_row _builder_version=”4.27.5″ _module_preset=”default” global_colors_info=”{}”][et_pb_column type=”4_4″ _builder_version=”4.27.5″ _module_preset=”default” global_colors_info=”{}”][et_pb_text _builder_version=”4.27.5″ _module_preset=”default” header_2_font_size=”36px” global_colors_info=”{}”]<\/p>\n<h2>Tr\u1ee5c PTO cho m\u00e1y c\u1eaft c\u1ecf Case IH Discbine<\/h2>\n<p>[\/et_pb_text][\/et_pb_column][\/et_pb_row][et_pb_row column_structure=”1_3,1_3,1_3″ _builder_version=”4.27.5″ _module_preset=”default” global_colors_info=”{}”][et_pb_column type=”1_3″ _builder_version=”4.27.5″ _module_preset=”default” global_colors_info=”{}”][et_pb_image src=”https:\/\/korea-transmission.com\/wp-content\/uploads\/2026\/04\/PTO-Shaft-for-Case-IH-Discbine-1.webp” alt=”PTO Shaft for Case IH Discbine” title_text=”PTO Shaft for Case IH Discbine-1″ url=”https:\/\/korea-transmission.com\/product\/pto-shaft-for-case-ih-discbine-dc132-disc-mower\/” _builder_version=”4.27.5″ _module_preset=”default” global_colors_info=”{}”][\/et_pb_image][et_pb_text _builder_version=”4.27.5″ _module_preset=”default” global_colors_info=”{}”]<\/p>\n<h3><a href=\"https:\/\/korea-transmission.com\/vi\/san-pham\/pto-shaft-for-case-ih-discbine-dc132-disc-mower\/\">Tr\u1ee5c PTO cho m\u00e1y c\u1eaft c\u1ecf \u0111\u0129a Case IH Discbine DC132<\/a><\/h3>\n<p>[\/et_pb_text][\/et_pb_column][et_pb_column type=”1_3″ _builder_version=”4.27.5″ _module_preset=”default” global_colors_info=”{}”][et_pb_image src=”https:\/\/korea-transmission.com\/wp-content\/uploads\/2026\/04\/PTO-Shaft-for-Case-IH-Discbine-2.webp” alt=”PTO Shaft for Case IH Discbine” title_text=”PTO Shaft for Case IH Discbine-2″ url=”https:\/\/korea-transmission.com\/product\/pto-shaft-for-case-ih-discbine-8312-disc-mower\/” _builder_version=”4.27.5″ _module_preset=”default” global_colors_info=”{}”][\/et_pb_image][et_pb_text _builder_version=”4.27.5″ _module_preset=”default” global_colors_info=”{}”]<\/p>\n<h3><a href=\"https:\/\/korea-transmission.com\/vi\/san-pham\/pto-shaft-for-case-ih-discbine-8312-disc-mower\/\">Tr\u1ee5c PTO cho m\u00e1y c\u1eaft c\u1ecf \u0111\u0129a Case IH Discbine 8312<\/a><\/h3>\n<p>[\/et_pb_text][\/et_pb_column][et_pb_column type=”1_3″ _builder_version=”4.27.5″ _module_preset=”default” global_colors_info=”{}”][et_pb_image src=”https:\/\/korea-transmission.com\/wp-content\/uploads\/2026\/04\/0_PTO-Shaft-for-Case-IH-Discbine-3.webp” alt=”PTO Shaft for Case IH Discbine” title_text=”0_PTO Shaft for Case IH Discbine-3″ _builder_version=”4.27.5″ _module_preset=”default” hover_enabled=”0″ global_colors_info=”{}” url=”https:\/\/korea-transmission.com\/product\/pto-shaft-for-case-ih-discbine-td103-disc-mower\/” sticky_enabled=”0″][\/et_pb_image][et_pb_text _builder_version=”4.27.5″ _module_preset=”default” hover_enabled=”0″ global_colors_info=”{}” sticky_enabled=”0″]<\/p>\n<h3><a href=\"https:\/\/korea-transmission.com\/vi\/san-pham\/pto-shaft-for-case-ih-discbine-td103-disc-mower\/\">Tr\u1ee5c PTO cho m\u00e1y c\u1eaft c\u1ecf \u0111\u0129a Case IH Discbine TD103<\/a><\/h3>\n<p>[\/et_pb_text][\/et_pb_column][\/et_pb_row][et_pb_row column_structure=”1_3,1_3,1_3″ _builder_version=”4.27.5″ _module_preset=”default” global_colors_info=”{}”][et_pb_column type=”1_3″ _builder_version=”4.27.5″ _module_preset=”default” global_colors_info=”{}”][et_pb_image src=”https:\/\/korea-transmission.com\/wp-content\/uploads\/2026\/04\/0_PTO-Shaft-for-Case-IH-Discbine-4.webp” alt=”PTO Shaft for Case IH Discbine” title_text=”0_PTO Shaft for Case IH Discbine-4″ _builder_version=”4.27.5″ _module_preset=”default” hover_enabled=”0″ global_colors_info=”{}” url=”https:\/\/korea-transmission.com\/product\/pto-shaft-for-case-ih-discbine-dc93-dc103-disc-mower\/” sticky_enabled=”0″][\/et_pb_image][et_pb_text _builder_version=”4.27.5″ _module_preset=”default” hover_enabled=”0″ global_colors_info=”{}” sticky_enabled=”0″]<\/p>\n<h3><a href=\"https:\/\/korea-transmission.com\/vi\/san-pham\/pto-shaft-for-case-ih-discbine-dc93-dc103-disc-mower\/\">Tr\u1ee5c PTO cho m\u00e1y c\u1eaft c\u1ecf Case IH Discbine DC93, DC103.<\/a><\/h3>\n<p>[\/et_pb_text][\/et_pb_column][et_pb_column type=”1_3″ _builder_version=”4.27.5″ _module_preset=”default” global_colors_info=”{}”][et_pb_image src=”https:\/\/korea-transmission.com\/wp-content\/uploads\/2026\/04\/0_PTO-Shaft-for-Case-IH-Discbine-5.webp” alt=”PTO Shaft for Case IH Discbine” title_text=”0_PTO Shaft for Case IH Discbine-5″ _builder_version=”4.27.5″ _module_preset=”default” hover_enabled=”0″ global_colors_info=”{}” url=”https:\/\/korea-transmission.com\/product\/pto-shaft-for-case-ih-discbine-dc105-dc125-dc135-dc165-disc-mower\/” sticky_enabled=”0″][\/et_pb_image][et_pb_text _builder_version=”4.27.5″ _module_preset=”default” hover_enabled=”0″ global_colors_info=”{}” sticky_enabled=”0″]<\/p>\n<h3><a href=\"https:\/\/korea-transmission.com\/vi\/san-pham\/pto-shaft-for-case-ih-discbine-dc105-dc125-dc135-dc165-disc-mower\/\">Tr\u1ee5c PTO cho m\u00e1y c\u1eaft c\u1ecf Case IH Discbine DC105, DC125, DC135, DC165<\/a><\/h3>\n<p>[\/et_pb_text][\/et_pb_column][et_pb_column type=”1_3″ _builder_version=”4.27.5″ _module_preset=”default” global_colors_info=”{}”][\/et_pb_column][\/et_pb_row][\/et_pb_section][et_pb_section fb_built=”1″ _builder_version=”4.27.5″ _module_preset=”default” custom_padding=”21px||36px|||” global_colors_info=”{}”][et_pb_row _builder_version=”4.27.5″ _module_preset=”default” global_colors_info=”{}”][et_pb_column type=”4_4″ _builder_version=”4.27.5″ _module_preset=”default” global_colors_info=”{}”][et_pb_text _builder_version=”4.27.5″ _module_preset=”default” header_2_font_size=”36px” global_colors_info=”{}”]<\/p>\n<h2>Tr\u1ee5c PTO cho m\u00e1y c\u1eaft c\u1ecf Massey Ferguson<\/h2>\n<p>[\/et_pb_text][\/et_pb_column][\/et_pb_row][et_pb_row column_structure=”1_3,1_3,1_3″ _builder_version=”4.27.5″ _module_preset=”default” global_colors_info=”{}”][et_pb_column type=”1_3″ _builder_version=”4.27.5″ _module_preset=”default” global_colors_info=”{}”][et_pb_image src=”https:\/\/korea-transmission.com\/wp-content\/uploads\/2026\/04\/PTO-Shaft-for-Massey-Ferguson-Discbine-1.webp” alt=”PTO Shaft for Massey Ferguson Discbine” title_text=”PTO Shaft for Massey Ferguson Discbine-1″ url=”https:\/\/korea-transmission.com\/product\/pto-shaft-for-massey-ferguson-discbine-1359-1373-1376-1393-1316s-disc-mower\/” _builder_version=”4.27.5″ _module_preset=”default” global_colors_info=”{}”][\/et_pb_image][et_pb_text _builder_version=”4.27.5″ _module_preset=”default” global_colors_info=”{}”]<\/p>\n<h3><a href=\"https:\/\/korea-transmission.com\/vi\/san-pham\/pto-shaft-for-massey-ferguson-discbine-1359-1373-1376-1393-1316s-disc-mower\/\">Tr\u1ee5c PTO cho m\u00e1y c\u1eaft c\u1ecf \u0111\u0129a Massey Ferguson 1359, 1373, 1376, 1393, 1316S<\/a><\/h3>\n<p>[\/et_pb_text][\/et_pb_column][et_pb_column type=”1_3″ _builder_version=”4.27.5″ _module_preset=”default” global_colors_info=”{}”][\/et_pb_column][et_pb_column type=”1_3″ _builder_version=”4.27.5″ _module_preset=”default” global_colors_info=”{}”][\/et_pb_column][\/et_pb_row][\/et_pb_section][et_pb_section fb_built=”1″ _builder_version=”4.27.5″ _module_preset=”default” custom_padding=”21px||36px|||” global_colors_info=”{}”][et_pb_row _builder_version=”4.27.5″ _module_preset=”default” global_colors_info=”{}”][et_pb_column type=”4_4″ _builder_version=”4.27.5″ _module_preset=”default” global_colors_info=”{}”][et_pb_text _builder_version=”4.27.5″ _module_preset=”default” header_2_font_size=”36px” global_colors_info=”{}”]<\/p>\n<h2>Tr\u1ee5c PTO cho m\u00e1y c\u1eaft c\u1ecf New Idea Discbine<\/h2>\n<p>[\/et_pb_text][\/et_pb_column][\/et_pb_row][et_pb_row column_structure=”1_3,1_3,1_3″ _builder_version=”4.27.5″ _module_preset=”default” global_colors_info=”{}”][et_pb_column type=”1_3″ _builder_version=”4.27.5″ _module_preset=”default” global_colors_info=”{}”][et_pb_image src=”https:\/\/korea-transmission.com\/wp-content\/uploads\/2026\/04\/PTO-Shaft-for-New-Idea-Discbine-1.webp” alt=”PTO Shaft for New Idea Discbine” title_text=”PTO Shaft for New Idea Discbine-1″ url=”https:\/\/korea-transmission.com\/product\/pto-shaft-for-new-idea-discbine-5512-disc-mower\/” _builder_version=”4.27.5″ _module_preset=”default” global_colors_info=”{}”][\/et_pb_image][et_pb_text _builder_version=”4.27.5″ _module_preset=”default” global_colors_info=”{}”]<\/p>\n<h3><a href=\"https:\/\/korea-transmission.com\/vi\/san-pham\/pto-shaft-for-new-idea-discbine-5512-disc-mower\/\">Tr\u1ee5c PTO cho m\u00e1y c\u1eaft c\u1ecf \u0111\u0129a New Idea Discbine 5512<\/a><\/h3>\n<p>[\/et_pb_text][\/et_pb_column][et_pb_column type=”1_3″ _builder_version=”4.27.5″ _module_preset=”default” global_colors_info=”{}”][\/et_pb_column][et_pb_column type=”1_3″ _builder_version=”4.27.5″ _module_preset=”default” global_colors_info=”{}”][\/et_pb_column][\/et_pb_row][\/et_pb_section][et_pb_section fb_built=”1″ _builder_version=”4.27.5″ _module_preset=”default” custom_padding=”21px||36px|||” global_colors_info=”{}”][et_pb_row _builder_version=”4.27.5″ _module_preset=”default” global_colors_info=”{}”][et_pb_column type=”4_4″ _builder_version=”4.27.5″ _module_preset=”default” global_colors_info=”{}”][et_pb_text _builder_version=”4.27.5″ _module_preset=”default” header_2_font_size=”36px” global_colors_info=”{}”]<\/p>\n<h2>Tr\u1ee5c PTO cho m\u00e1y c\u1eaft c\u1ecf Hesston Discbine<\/h2>\n<p>[\/et_pb_text][\/et_pb_column][\/et_pb_row][et_pb_row column_structure=”1_3,1_3,1_3″ _builder_version=”4.27.5″ _module_preset=”default” global_colors_info=”{}”][et_pb_column type=”1_3″ _builder_version=”4.27.5″ _module_preset=”default” global_colors_info=”{}”][et_pb_image src=”https:\/\/korea-transmission.com\/wp-content\/uploads\/2026\/04\/PTO-Shaft-for-Hesston-Discbine-1.webp” alt=”PTO Shaft for Hesston Discbine” title_text=”PTO Shaft for Hesston Discbine-1″ url=”https:\/\/korea-transmission.com\/product\/pto-shaft-for-hesston-discbine-1340-1345-disc-mower\/” _builder_version=”4.27.5″ _module_preset=”default” global_colors_info=”{}”][\/et_pb_image][et_pb_text _builder_version=”4.27.5″ _module_preset=”default” global_colors_info=”{}”]<\/p>\n<h3><a href=\"https:\/\/korea-transmission.com\/vi\/san-pham\/pto-shaft-for-hesston-discbine-1340-1345-disc-mower\/\">Tr\u1ee5c PTO cho m\u00e1y c\u1eaft c\u1ecf \u0111\u0129a Hesston Discbine 1340, 1345<\/a><\/h3>\n<p>[\/et_pb_text][\/et_pb_column][et_pb_column type=”1_3″ _builder_version=”4.27.5″ _module_preset=”default” global_colors_info=”{}”][\/et_pb_column][et_pb_column type=”1_3″ _builder_version=”4.27.5″ _module_preset=”default” global_colors_info=”{}”][\/et_pb_column][\/et_pb_row][\/et_pb_section]<\/p>","protected":false},"excerpt":{"rendered":"<p>PTO Shaft for DiscbineA PTO shaft for discbine equipment functions as the primary mechanical link that transmits rotational power from a tractor’s rear PTO output directly to the implement’s drive system. Engineered for demanding field conditions, it drives the rotating disc cutterbar and conditioning rollers on models produced by New Holland, Case IH, Massey Ferguson, [&hellip;]<\/p>","protected":false},"author":2,"featured_media":0,"parent":0,"menu_order":0,"comment_status":"closed","ping_status":"closed","template":"","meta":{"_et_pb_use_builder":"on","_et_pb_old_content":"","_et_gb_content_width":"","footnotes":""},"class_list":["post-6959","page","type-page","status-publish","hentry"],"_links":{"self":[{"href":"https:\/\/korea-transmission.com\/vi\/wp-json\/wp\/v2\/pages\/6959","targetHints":{"allow":["GET"]}}],"collection":[{"href":"https:\/\/korea-transmission.com\/vi\/wp-json\/wp\/v2\/pages"}],"about":[{"href":"https:\/\/korea-transmission.com\/vi\/wp-json\/wp\/v2\/types\/page"}],"author":[{"embeddable":true,"href":"https:\/\/korea-transmission.com\/vi\/wp-json\/wp\/v2\/users\/2"}],"replies":[{"embeddable":true,"href":"https:\/\/korea-transmission.com\/vi\/wp-json\/wp\/v2\/comments?post=6959"}],"version-history":[{"count":21,"href":"https:\/\/korea-transmission.com\/vi\/wp-json\/wp\/v2\/pages\/6959\/revisions"}],"predecessor-version":[{"id":7158,"href":"https:\/\/korea-transmission.com\/vi\/wp-json\/wp\/v2\/pages\/6959\/revisions\/7158"}],"wp:attachment":[{"href":"https:\/\/korea-transmission.com\/vi\/wp-json\/wp\/v2\/media?parent=6959"}],"curies":[{"name":"wp","href":"https:\/\/api.w.org\/{rel}","templated":true}]}}