{"id":214,"date":"2025-04-23T09:09:56","date_gmt":"2025-04-23T09:09:56","guid":{"rendered":"https:\/\/korea-transmission.com\/?page_id=214"},"modified":"2026-04-22T02:40:30","modified_gmt":"2026-04-22T02:40:30","slug":"about-us","status":"publish","type":"page","link":"https:\/\/korea-transmission.com\/vi\/about-us\/","title":{"rendered":"V\u1ec1 ch\u00fang t\u00f4i"},"content":{"rendered":"<p>[et_pb_section fb_built=”1″ fullwidth=”on” admin_label=”Hero Section” _builder_version=”4.16″ global_colors_info=”{}”][et_pb_fullwidth_header title=”About Us” subhead=”The Leader in Power Transmission Solutions Driving the Future” text_orientation=”center” header_fullscreen=”on” button_one_text=”Contact Us” button_one_url=”https:\/\/korea-transmission.com\/contact-us\/” background_overlay_color=”rgba(0,0,0,0.5)” title_font_color=”#ffffff” subhead_font_color=”#ffffff” _builder_version=”4.20.4″ title_font=”Poppins||||||||” title_text_color=”#ffffff” title_font_size=”80px” content_font=”||||||||” subhead_font=”Poppins||||||||” subhead_text_color=”#ffffff” subhead_font_size=”24px” subhead_line_height=”1.6em” background_color=”rgba(255, 255, 255, 0)” background_image=”https:\/\/korea-transmission.com\/wp-content\/uploads\/2025\/04\/About-Us.webp” custom_button_one=”on” button_one_text_size=”14px” button_one_text_color=”#ffffff” button_one_bg_color=”#2ba34d” button_one_border_width=”12px” button_one_border_color=”#2ba34d” button_one_border_radius=”0px” button_one_letter_spacing=”2px” button_one_font=”Poppins|700||on|||||” button_one_use_icon=”off” background_layout=”light” animation_style=”fade” title_font_size_tablet=”” title_font_size_phone=”48px” title_font_size_last_edited=”on|phone” subhead_font_size_tablet=”” subhead_font_size_phone=”” subhead_font_size_last_edited=”on|phone” button_one_text_color_hover=”#ffffff” button_one_border_color_hover=”#0099e5″ button_one_border_radius_hover=”0px” button_one_letter_spacing_hover=”2px” button_one_bg_color_hover=”#0099e5″ global_colors_info=”{}” button_one_text_size__hover_enabled=”off” button_two_text_size__hover_enabled=”off” button_one_text_color__hover_enabled=”on|hover” button_one_text_color__hover=”#ffffff” button_two_text_color__hover_enabled=”off” button_one_border_width__hover_enabled=”off” button_two_border_width__hover_enabled=”off” button_one_border_color__hover_enabled=”on” button_one_border_color__hover=”#2ba34d” button_two_border_color__hover_enabled=”off” button_one_border_radius__hover_enabled=”on” button_one_border_radius__hover=”0px” button_two_border_radius__hover_enabled=”off” button_one_letter_spacing__hover_enabled=”on” button_one_letter_spacing__hover=”2px” button_two_letter_spacing__hover_enabled=”off” button_one_bg_color__hover_enabled=”on|hover” button_one_bg_color__hover=”#2ba34d” button_two_bg_color__hover_enabled=”off” button_one_bg_enable_color__hover=”on”][\/et_pb_fullwidth_header][\/et_pb_section][et_pb_section fb_built=”1″ admin_label=”Our Story Section” _builder_version=”4.16″ custom_padding=”40px||1px|||” global_colors_info=”{}”][et_pb_row column_structure=”1_2,1_2″ admin_label=”Text Area” _builder_version=”4.16″ custom_padding=”||0px|||” global_colors_info=”{}”][et_pb_column type=”1_2″ _builder_version=”4.16″ custom_padding=”|||” global_colors_info=”{}” custom_padding__hover=”|||”][et_pb_text admin_label=”Title” _builder_version=”4.20.4″ text_font=”||||||||” header_font=”||||||||” header_2_font=”Poppins||||||||” header_2_text_align=”center” header_2_text_color=”#263954″ header_2_font_size=”36px” header_2_line_height=”1.4em” max_width=”600px” module_alignment=”center” custom_margin=”||5px|” animation_style=”fold” animation_direction=”bottom” animation_intensity_fold=”20%” animation_starting_opacity=”100%” global_colors_info=”{}”]<\/p>\n<h2 style=\"text-align: left;\">C\u00e1c nh\u00e0 cung c\u1ea5p h\u00e0ng \u0111\u1ea7u h\u1ec7 th\u1ed1ng truy\u1ec1n t\u1ea3i \u0111i\u1ec7n c\u00f4ng nghi\u1ec7p<\/h2>\n<p>[\/et_pb_text][et_pb_divider divider_position=”center” divider_weight=”2px” _builder_version=”4.20.4″ max_width=”50px” module_alignment=”left” custom_margin=”||30px|” locked=”off” global_colors_info=”{}”][\/et_pb_divider][et_pb_text _builder_version=”4.20.4″ text_font=”||||||||” text_text_color=”#707985″ max_width=”800px” module_alignment=”center” custom_margin=”-9px||35px|||” animation_style=”fold” animation_direction=”bottom” animation_intensity_fold=”20%” animation_starting_opacity=”100%” global_colors_info=”{}”]As one of the world’s leading suppliers of industrial power transmission system solutions, CMN Transmission(Korea) producing a series of products including various power transmission components such as PTO drive shafts, hydraulic cylinders, planetary gearboxes, worm gearboxes, chain sprockets, chains, bevel gears, gear racks, pulleys, taper bushes, couplings, etc. In addition, we also provide wholesale, customized product services and free samples to meet the requirements of our customers.<\/p>\n<p>Over the years, CMN Transmission has not only been a leading supplier in the agricultural industry but also served many industries such as auto parts, logistics and transportation, mining, and heavy industry. CMN Transmission not only provide first-class quality but also provide customized services to meet the diverse needs of customers.[\/et_pb_text][\/et_pb_column][et_pb_column type=”1_2″ _builder_version=”4.16″ custom_padding=”|||” global_colors_info=”{}” custom_padding__hover=”|||”][et_pb_image src=”https:\/\/korea-transmission.com\/wp-content\/uploads\/2025\/04\/Industrial-Power-Transmission-System.webp” alt=”Industrial Power Transmission System” title_text=”Industrial Power Transmission System” _builder_version=”4.20.4″ _module_preset=”default” custom_margin=”30px|||||” animation_style=”slide” global_colors_info=”{}”][\/et_pb_image][\/et_pb_column][\/et_pb_row][\/et_pb_section][et_pb_section fb_built=”1″ admin_label=”Our Story Section” _builder_version=”4.16″ custom_margin=”-23px|||||” custom_padding=”50px||28px|||” global_colors_info=”{}”][et_pb_row column_structure=”1_4,1_4,1_4,1_4″ admin_label=”Text Area” _builder_version=”4.20.4″ animation_style=”flip” global_colors_info=”{}”][et_pb_column type=”1_4″ _builder_version=”4.16″ custom_padding=”|||” global_colors_info=”{}” custom_padding__hover=”|||”][et_pb_icon font_icon=”||divi||400″ icon_color=”#000000″ icon_width=”46px” align=”left” _builder_version=”4.20.4″ _module_preset=”default” global_colors_info=”{}”][\/et_pb_icon][et_pb_text _builder_version=”4.20.4″ _module_preset=”default” header_3_text_color=”#2ba34d” header_3_font_size=”50px” custom_margin=”||8px|||” global_colors_info=”{}”]<\/p>\n<h3>1+12<\/h3>\n<p>[\/et_pb_text][et_pb_divider divider_position=”center” divider_weight=”2px” _builder_version=”4.20.4″ max_width=”200%” module_alignment=”left” custom_margin=”||30px|” locked=”off” global_colors_info=”{}”][\/et_pb_divider][et_pb_text _builder_version=”4.20.4″ _module_preset=”default” custom_margin=”-17px|||||” global_colors_info=”{}”]<\/p>\n<p><span>M\u1ed9t c\u01a1 s\u1edf s\u1ea3n xu\u1ea5t v\u00e0 h\u01a1n 10 nh\u00e0 m\u00e1y h\u1ee3p t\u00e1c x\u00e3 c\u1ed5 ph\u1ea7n.<\/span><\/p>\n<p>[\/et_pb_text][\/et_pb_column][et_pb_column type=”1_4″ _builder_version=”4.16″ custom_padding=”|||” global_colors_info=”{}” custom_padding__hover=”|||”][et_pb_icon font_icon=”||fa||400″ icon_color=”#000000″ icon_width=”46px” align=”left” _builder_version=”4.20.4″ _module_preset=”default” global_colors_info=”{}”][\/et_pb_icon][et_pb_text _builder_version=”4.20.4″ _module_preset=”default” header_3_text_color=”#2ba34d” header_3_font_size=”50px” custom_margin=”||8px|||” global_colors_info=”{}”]<\/p>\n<h3>150000+<\/h3>\n<p>[\/et_pb_text][et_pb_divider divider_position=”center” divider_weight=”2px” _builder_version=”4.20.4″ max_width=”200%” module_alignment=”left” custom_margin=”||30px|” locked=”off” global_colors_info=”{}”][\/et_pb_divider][et_pb_text _builder_version=”4.20.4″ _module_preset=”default” custom_margin=”-17px|||||” global_colors_info=”{}”]<\/p>\n<p><span>S\u1ea3n ph\u1ea9m ti\u00eau chu\u1ea9n c\u00f3 s\u1eb5n<\/span><\/p>\n<p>[\/et_pb_text][\/et_pb_column][et_pb_column type=”1_4″ _builder_version=”4.16″ custom_padding=”|||” global_colors_info=”{}” custom_padding__hover=”|||”][et_pb_icon font_icon=”||fa||400″ icon_color=”#000000″ icon_width=”46px” align=”left” _builder_version=”4.20.4″ _module_preset=”default” global_colors_info=”{}”][\/et_pb_icon][et_pb_text _builder_version=”4.20.4″ _module_preset=”default” header_3_text_color=”#2ba34d” header_3_font_size=”50px” custom_margin=”||8px|||” global_colors_info=”{}”]<\/p>\n<h3>200+<\/h3>\n<p>[\/et_pb_text][et_pb_divider divider_position=”center” divider_weight=”2px” _builder_version=”4.20.4″ max_width=”200%” module_alignment=”left” custom_margin=”||30px|” locked=”off” global_colors_info=”{}”][\/et_pb_divider][et_pb_text _builder_version=”4.20.4″ _module_preset=”default” custom_margin=”-17px|||||” global_colors_info=”{}”]<span>Nh\u00e2n vi\u00ean<\/span>[\/et_pb_text][\/et_pb_column][et_pb_column type=”1_4″ _builder_version=”4.16″ custom_padding=”|||” global_colors_info=”{}” custom_padding__hover=”|||”][et_pb_icon font_icon=”||divi||400″ icon_color=”#000000″ icon_width=”46px” align=”left” _builder_version=”4.20.4″ _module_preset=”default” global_colors_info=”{}”][\/et_pb_icon][et_pb_text _builder_version=”4.20.4″ _module_preset=”default” header_3_text_color=”#2ba34d” header_3_font_size=”50px” custom_margin=”||8px|||” global_colors_info=”{}”]<\/p>\n<h3>53+<\/h3>\n<p>[\/et_pb_text][et_pb_divider divider_position=”center” divider_weight=”2px” _builder_version=”4.20.4″ max_width=”200%” module_alignment=”left” custom_margin=”||30px|” locked=”off” global_colors_info=”{}”][\/et_pb_divider][et_pb_text _builder_version=”4.20.4″ _module_preset=”default” custom_margin=”-17px|||||” global_colors_info=”{}”]<span>B\u00e1n h\u00e0ng cho c\u00e1c qu\u1ed1c gia<\/span>[\/et_pb_text][\/et_pb_column][\/et_pb_row][\/et_pb_section][et_pb_section fb_built=”1″ _builder_version=”4.20.4″ _module_preset=”default” background_color=”#f2f2f2″ global_colors_info=”{}”][et_pb_row _builder_version=”4.20.4″ _module_preset=”default” global_colors_info=”{}”][et_pb_column type=”4_4″ _builder_version=”4.20.4″ _module_preset=”default” global_colors_info=”{}”][et_pb_text _builder_version=”4.20.4″ _module_preset=”default” custom_margin=”||11px|||” global_colors_info=”{}”]<\/p>\n<h3 style=\"text-align: center;\">T\u00f4i tin r\u1eb1ng \u0111\u00e2y l\u00e0 l\u00fd do t\u1ea1i sao 95% kh\u00e1ch h\u00e0ng c\u1ee7a ch\u00fang t\u00f4i l\u1ef1a ch\u1ecdn ch\u00fang t\u00f4i.<\/h3>\n<p>[\/et_pb_text][et_pb_text _builder_version=”4.20.4″ _module_preset=”default” header_2_font_size=”36px” global_colors_info=”{}”]<\/p>\n<h2 style=\"text-align: center;\">Ch\u00fang t\u00f4i t\u1eadp trung v\u00e0o 4 l\u0129nh v\u1ef1c ch\u00ednh: D\u1ecbch v\u1ee5, H\u1ed7 tr\u1ee3 v\u00e0 Th\u00e0nh c\u00f4ng c\u1ee7a b\u1ea1n.<\/h2>\n<p>[\/et_pb_text][\/et_pb_column][\/et_pb_row][et_pb_row column_structure=”1_2,1_2″ _builder_version=”4.20.4″ _module_preset=”default” animation_style=”slide” animation_direction=”top” global_colors_info=”{}”][et_pb_column type=”1_2″ _builder_version=”4.20.4″ _module_preset=”default” global_colors_info=”{}”][et_pb_icon font_icon=”||fa||900″ icon_width=”72px” align=”left” _builder_version=”4.20.4″ _module_preset=”default” global_colors_info=”{}”][\/et_pb_icon][et_pb_text _builder_version=”4.20.4″ _module_preset=”default” global_colors_info=”{}”]<\/p>\n<h4>Chu\u1ed7i cung \u1ee9ng m\u1ed9t c\u1eeda<\/h4>\n<p>[\/et_pb_text][et_pb_text _builder_version=”4.20.4″ _module_preset=”default” custom_margin=”-11px|||||” global_colors_info=”{}”]As a family-owned company, our strength lies in combining traditional values with a young, dynamic team. This combination allows us to maintain the stability of our heritage while injecting new thinking that drives the company to remain agile and innovative in the marketplace.[\/et_pb_text][\/et_pb_column][et_pb_column type=”1_2″ _builder_version=”4.20.4″ _module_preset=”default” global_colors_info=”{}”][et_pb_icon font_icon=”||fa||900″ icon_width=”72px” align=”left” _builder_version=”4.20.4″ _module_preset=”default” global_colors_info=”{}”][\/et_pb_icon][et_pb_text _builder_version=”4.20.4″ _module_preset=”default” global_colors_info=”{}”]<\/p>\n<h4>\u0110\u1ed5i m\u1edbi c\u00f4ng ngh\u1ec7 v\u00e0 b\u00e1n h\u00e0ng tr\u1ef1c ti\u1ebfp t\u1eeb nh\u00e0 m\u00e1y<\/h4>\n<p>[\/et_pb_text][et_pb_text _builder_version=”4.20.4″ _module_preset=”default” custom_margin=”-11px|||||” global_colors_info=”{}”]CMN Transmission not only focuses on product quality but also on technological innovation. We use advanced means such as CAD design, material technology, and surface treatment technology to continuously improve product performance. As an integration of industry and trade, we implement direct sales from the factory to ensure controllable delivery and rapid feedback.[\/et_pb_text][\/et_pb_column][\/et_pb_row][et_pb_row column_structure=”1_2,1_2″ _builder_version=”4.20.4″ _module_preset=”default” animation_style=”slide” animation_direction=”top” global_colors_info=”{}”][et_pb_column type=”1_2″ _builder_version=”4.20.4″ _module_preset=”default” global_colors_info=”{}”][et_pb_icon font_icon=”||fa||900″ icon_width=”72px” align=”left” _builder_version=”4.20.4″ _module_preset=”default” global_colors_info=”{}”][\/et_pb_icon][et_pb_text _builder_version=”4.20.4″ _module_preset=”default” global_colors_info=”{}”]<\/p>\n<h4>Ph\u1ea1m vi th\u1ecb tr\u01b0\u1eddng to\u00e0n c\u1ea7u v\u00e0 ph\u00e1t tri\u1ec3n b\u1ec1n v\u1eefng<\/h4>\n<p>[\/et_pb_text][et_pb_text _builder_version=”4.20.4″ _module_preset=”default” custom_margin=”-11px|||||” global_colors_info=”{}”]With its excellent sales network, factory direct sales advantages, big brand endorsement and good market reputation, CMN Transmission products are exported to Europe, North America, South America, the Middle East, Africa, Southeast Asia and other places. We focus on customer needs while committing to sustainable development. With “Transmit Force, Drive Future” as our business goal, we provide support to various industries and promote efficiency and innovation.[\/et_pb_text][\/et_pb_column][et_pb_column type=”1_2″ _builder_version=”4.20.4″ _module_preset=”default” global_colors_info=”{}”][et_pb_icon font_icon=”||fa||900″ icon_width=”72px” align=”left” _builder_version=”4.20.4″ _module_preset=”default” global_colors_info=”{}”][\/et_pb_icon][et_pb_text _builder_version=”4.20.4″ _module_preset=”default” global_colors_info=”{}”]<\/p>\n<h4>Hi\u1ec3u bi\u1ebft s\u00e2u s\u1eafc v\u1ec1 c\u00e1c \u1ee9ng d\u1ee5ng trong ng\u00e0nh.<\/h4>\n<p>[\/et_pb_text][et_pb_text _builder_version=”4.20.4″ _module_preset=”default” custom_margin=”-11px|||||” global_colors_info=”{}”]CMN Transmission has an in-depth understanding of major market areas such as construction machinery, auto parts, logistics and transportation, agricultural machinery, and mining heavy industry machinery, which allows us to provide customers with solutions that are more relevant to actual needs. Understanding that exceptional accuracy, reliability, efficiency and performance are critical to you, we provide highly targeted, highly customized solutions.[\/et_pb_text][\/et_pb_column][\/et_pb_row][\/et_pb_section][et_pb_section fb_built=”1″ _builder_version=”4.20.4″ _module_preset=”default” custom_padding=”40px||30px|||” global_colors_info=”{}”][et_pb_row _builder_version=”4.20.4″ _module_preset=”default” custom_padding=”||0px|||” global_colors_info=”{}”][et_pb_column type=”4_4″ _builder_version=”4.20.4″ _module_preset=”default” global_colors_info=”{}”][et_pb_text _builder_version=”4.20.4″ _module_preset=”default” header_2_font_size=”36px” custom_margin=”||12px|||” global_colors_info=”{}”]<\/p>\n<h2 style=\"text-align: left;\">M\u00f4i tr\u01b0\u1eddng v\u00e0 thi\u1ebft b\u1ecb nh\u00e0 m\u00e1y<\/h2>\n<p>[\/et_pb_text][et_pb_divider divider_position=”center” divider_weight=”2px” _builder_version=”4.20.4″ max_width=”50px” module_alignment=”left” custom_margin=”||30px|” locked=”off” global_colors_info=”{}”][\/et_pb_divider][et_pb_slider _builder_version=”4.20.4″ _module_preset=”default” custom_margin=”-12px|||||” custom_padding=”320px||361px||false|” animation_style=”bounce” global_colors_info=”{}”][et_pb_slide _builder_version=”4.20.4″ _module_preset=”default” background_image=”https:\/\/korea-transmission.com\/wp-content\/uploads\/2025\/04\/Factory-Environment-1.webp” background_enable_image=”on” global_colors_info=”{}” sticky_transition=”on”][\/et_pb_slide][et_pb_slide _builder_version=”4.20.4″ _module_preset=”default” background_image=”https:\/\/korea-transmission.com\/wp-content\/uploads\/2025\/04\/Factory-Environment-2.webp” background_enable_image=”on” global_colors_info=”{}” sticky_transition=”on”][\/et_pb_slide][et_pb_slide _builder_version=”4.20.4″ _module_preset=”default” background_image=”https:\/\/korea-transmission.com\/wp-content\/uploads\/2025\/04\/Factory-Environment-3.webp” background_enable_image=”on” global_colors_info=”{}” sticky_transition=”on”][\/et_pb_slide][et_pb_slide _builder_version=”4.20.4″ _module_preset=”default” background_image=”https:\/\/korea-transmission.com\/wp-content\/uploads\/2025\/04\/Factory-Environment-4.webp” background_enable_image=”on” global_colors_info=”{}” sticky_transition=”on”][\/et_pb_slide][et_pb_slide _builder_version=”4.20.4″ _module_preset=”default” background_image=”https:\/\/korea-transmission.com\/wp-content\/uploads\/2025\/04\/Factory-Environment-5.webp” background_enable_image=”on” global_colors_info=”{}” sticky_transition=”on”][\/et_pb_slide][et_pb_slide _builder_version=”4.20.4″ _module_preset=”default” background_image=”https:\/\/korea-transmission.com\/wp-content\/uploads\/2025\/04\/Factory-Environment-6.webp” background_enable_image=”on” global_colors_info=”{}” sticky_transition=”on”][\/et_pb_slide][\/et_pb_slider][\/et_pb_column][\/et_pb_row][\/et_pb_section][et_pb_section fb_built=”1″ _builder_version=”4.20.4″ _module_preset=”default” custom_padding=”16px||33px|||” global_colors_info=”{}”][et_pb_row _builder_version=”4.20.4″ _module_preset=”default” custom_padding=”19px||0px|||” global_colors_info=”{}”][et_pb_column type=”4_4″ _builder_version=”4.20.4″ _module_preset=”default” global_colors_info=”{}”][et_pb_text _builder_version=”4.20.4″ _module_preset=”default” header_2_font_size=”36px” custom_margin=”||15px|||” global_colors_info=”{}”]<\/p>\n<h2 style=\"text-align: center;\">H\u01a1n 200 l\u1ef1a ch\u1ecdn d\u00e0nh cho kh\u00e1ch h\u00e0ng<\/h2>\n<p>[\/et_pb_text][et_pb_text _builder_version=”4.20.4″ _module_preset=”default” custom_margin=”||16px|||” global_colors_info=”{}”]<\/p>\n<p style=\"text-align: center;\">Ch\u00fang t\u00f4i lu\u00f4n n\u1ed7 l\u1ef1c cung c\u1ea5p c\u00e1c gi\u1ea3i ph\u00e1p h\u1ec7 th\u1ed1ng truy\u1ec1n t\u1ea3i \u0111i\u1ec7n c\u00f4ng nghi\u1ec7p ch\u1ea5t l\u01b0\u1ee3ng cao, v\u1edbi m\u1ee5c ti\u00eau t\u1ed1i th\u01b0\u1ee3ng l\u00e0 s\u1ef1 h\u00e0i l\u00f2ng c\u1ee7a kh\u00e1ch h\u00e0ng.<\/p>\n<p>[\/et_pb_text][\/et_pb_column][\/et_pb_row][et_pb_row column_structure=”1_3,1_3,1_3″ _builder_version=”4.20.4″ _module_preset=”default” animation_style=”fold” global_colors_info=”{}”][et_pb_column type=”1_3″ _builder_version=”4.20.4″ _module_preset=”default” global_colors_info=”{}”][et_pb_image src=”https:\/\/korea-transmission.com\/wp-content\/uploads\/2025\/04\/Agricultural-Machinery-Industry.webp” alt=”Agricultural Machinery Industry” title_text=”Agricultural Machinery Industry” _builder_version=”4.20.4″ _module_preset=”default” global_colors_info=”{}”][\/et_pb_image][et_pb_text _builder_version=”4.20.4″ _module_preset=”default” global_colors_info=”{}”]In the field of agricultural machinery, CMN Transmission products demonstrate excellent durability and stability. Our equipment performed well in different agricultural operation scenarios, and the performance of the drive system exceeded our expectations. Their expertise and customized services make our agricultural machinery more efficient.[\/et_pb_text][et_pb_text _builder_version=”4.20.4″ _module_preset=”default” header_4_font_size=”16px” global_colors_info=”{}”]<\/p>\n<h4 style=\"text-align: right;\">\u2014\u2014Ng\u00e0nh c\u00f4ng nghi\u1ec7p m\u00e1y m\u00f3c n\u00f4ng nghi\u1ec7p<\/h4>\n<p>[\/et_pb_text][\/et_pb_column][et_pb_column type=”1_3″ _builder_version=”4.20.4″ _module_preset=”default” global_colors_info=”{}”][et_pb_image src=”https:\/\/korea-transmission.com\/wp-content\/uploads\/2025\/04\/Wood-Processing-Industry.webp” alt=”Wood Processing Industry” title_text=”Wood Processing Industry” _builder_version=”4.20.4″ _module_preset=”default” global_colors_info=”{}”][\/et_pb_image][et_pb_text _builder_version=”4.20.4″ _module_preset=”default” global_colors_info=”{}”]As a wood processing industry factory, we are deeply impressed by the lumber conveyor chain transmission solutions provided by CMN Transmission. They not only meet our highly customized needs in product design but also provide smooth and efficient material handling in lumber mills and processing by improving transmission efficiency.[\/et_pb_text][et_pb_text _builder_version=”4.20.4″ _module_preset=”default” header_4_font_size=”16px” global_colors_info=”{}”]<\/p>\n<h4 style=\"text-align: right;\">\u2014\u2014Ng\u00e0nh c\u00f4ng nghi\u1ec7p ch\u1ebf bi\u1ebfn g\u1ed7<\/h4>\n<p>[\/et_pb_text][\/et_pb_column][et_pb_column type=”1_3″ _builder_version=”4.20.4″ _module_preset=”default” global_colors_info=”{}”][et_pb_image src=”https:\/\/korea-transmission.com\/wp-content\/uploads\/2025\/04\/Construction-Machinery-Industry.webp” alt=”Construction Machinery Industry” title_text=”Construction Machinery Industry” _builder_version=”4.20.4″ _module_preset=”default” global_colors_info=”{}”][\/et_pb_image][et_pb_text _builder_version=”4.20.4″ _module_preset=”default” global_colors_info=”{}”]The customized transmission parts provided by CMN Transmission perform well in construction machinery applications. Under high load and harsh environments, the stability and wear resistance of the transmission system have been significantly improved. Their professional team understood our needs and provided practical solutions.[\/et_pb_text][et_pb_text _builder_version=”4.20.4″ _module_preset=”default” header_4_font_size=”16px” global_colors_info=”{}”]<\/p>\n<h4 style=\"text-align: right;\">\u2014\u2014Ng\u00e0nh c\u00f4ng nghi\u1ec7p m\u00e1y m\u00f3c x\u00e2y d\u1ef1ng<\/h4>\n<p>[\/et_pb_text][\/et_pb_column][\/et_pb_row][\/et_pb_section]<\/p>","protected":false},"excerpt":{"rendered":"<p>Leading Industrial Power Transmission System SuppliersAs one of the world’s leading suppliers of industrial power transmission system solutions, CMN Transmission(Korea) producing a series of products including various power transmission components such as PTO drive shafts, hydraulic cylinders, planetary gearboxes, worm gearboxes, chain sprockets, chains, bevel gears, gear racks, pulleys, taper bushes, couplings, etc. In addition, [&hellip;]<\/p>","protected":false},"author":1,"featured_media":0,"parent":0,"menu_order":0,"comment_status":"closed","ping_status":"closed","template":"","meta":{"_et_pb_use_builder":"on","_et_pb_old_content":"","_et_gb_content_width":"","footnotes":""},"class_list":["post-214","page","type-page","status-publish","hentry"],"_links":{"self":[{"href":"https:\/\/korea-transmission.com\/vi\/wp-json\/wp\/v2\/pages\/214","targetHints":{"allow":["GET"]}}],"collection":[{"href":"https:\/\/korea-transmission.com\/vi\/wp-json\/wp\/v2\/pages"}],"about":[{"href":"https:\/\/korea-transmission.com\/vi\/wp-json\/wp\/v2\/types\/page"}],"author":[{"embeddable":true,"href":"https:\/\/korea-transmission.com\/vi\/wp-json\/wp\/v2\/users\/1"}],"replies":[{"embeddable":true,"href":"https:\/\/korea-transmission.com\/vi\/wp-json\/wp\/v2\/comments?post=214"}],"version-history":[{"count":72,"href":"https:\/\/korea-transmission.com\/vi\/wp-json\/wp\/v2\/pages\/214\/revisions"}],"predecessor-version":[{"id":5527,"href":"https:\/\/korea-transmission.com\/vi\/wp-json\/wp\/v2\/pages\/214\/revisions\/5527"}],"wp:attachment":[{"href":"https:\/\/korea-transmission.com\/vi\/wp-json\/wp\/v2\/media?parent=214"}],"curies":[{"name":"wp","href":"https:\/\/api.w.org\/{rel}","templated":true}]}}