{"id":6650,"date":"2026-04-15T01:12:11","date_gmt":"2026-04-15T01:12:11","guid":{"rendered":"https:\/\/korea-transmission.com\/?page_id=6650"},"modified":"2026-04-16T10:32:17","modified_gmt":"2026-04-16T10:32:17","slug":"pto-shaft-for-feed-mixer","status":"publish","type":"page","link":"https:\/\/korea-transmission.com\/tr\/pto-shaft-for-feed-mixer\/","title":{"rendered":"Yem Kar\u0131\u015ft\u0131r\u0131c\u0131 i\u00e7in PTO Mili"},"content":{"rendered":"<p>[et_pb_section fb_built=”1″ _builder_version=”4.27.5″ _module_preset=”default” use_background_color_gradient=”on” background_color_gradient_stops=”#ffffff 0%|rgba(255,255,255,0) 100%” background_color_gradient_overlays_image=”on” background_image=”https:\/\/korea-transmission.com\/wp-content\/uploads\/2026\/04\/PTO-Shaft-for-Feed-Mixer-1.webp” custom_padding=”80px||80px|||” global_colors_info=”{}”][et_pb_row _builder_version=”4.27.5″ _module_preset=”default” global_colors_info=”{}”][et_pb_column type=”4_4″ _builder_version=”4.27.5″ _module_preset=”default” global_colors_info=”{}”][et_pb_text _builder_version=”4.27.5″ _module_preset=”default” header_font_size=”60px” global_colors_info=”{}”]<\/p>\n<h1 style=\"text-align: center;\">Yem Kar\u0131\u015ft\u0131r\u0131c\u0131 i\u00e7in PTO Mili<\/h1>\n<p>[\/et_pb_text][et_pb_text _builder_version=”4.27.5″ _module_preset=”default” text_text_color=”#000000″ global_colors_info=”{}”]<\/p>\n<p style=\"text-align: center;\">Yem kar\u0131\u015ft\u0131r\u0131c\u0131lar\u0131nda kullan\u0131lan PTO \u015faft\u0131, trakt\u00f6r\u00fcn arka g\u00fc\u00e7 \u00e7\u0131k\u0131\u015f\u0131ndan gelen d\u00f6nme g\u00fcc\u00fcn\u00fc do\u011frudan kar\u0131\u015ft\u0131r\u0131c\u0131n\u0131n di\u015fli kutusuna ve helezon tahrik sistemine ileten birincil tahrik sistemi olarak i\u015flev g\u00f6r\u00fcr. Jaylor tek helezonlu TMR kar\u0131\u015ft\u0131r\u0131c\u0131lar\u0131, Jaylor \u00e7ift helezonlu TMR kar\u0131\u015ft\u0131r\u0131c\u0131lar\u0131, Peecon dikey yem kar\u0131\u015ft\u0131r\u0131c\u0131lar\u0131 ve Supreme yem kar\u0131\u015ft\u0131r\u0131c\u0131lar\u0131 gibi ekipmanlarda bu \u015faft, dikey kar\u0131\u015ft\u0131rma elemanlar\u0131n\u0131 d\u00f6nd\u00fcrmek i\u00e7in gereken torku sa\u011flar ve b\u00f6ylece kaba yemlerin, tah\u0131llar\u0131n, konsantrelerin ve takviyelerin dengeli bir toplam karma rasyona (TMR) iyice ve homojen bir \u015fekilde kar\u0131\u015ft\u0131r\u0131lmas\u0131n\u0131 sa\u011flar. <\/p>\n<p>[\/et_pb_text][et_pb_button button_url=”#contacts” button_text=”Request A Quote” button_alignment=”center” _builder_version=”4.27.5″ _module_preset=”default” custom_button=”on” button_text_color=”#000000″ global_colors_info=”{}”][\/et_pb_button][\/et_pb_column][\/et_pb_row][\/et_pb_section][et_pb_section fb_built=”1″ _builder_version=”4.27.5″ _module_preset=”default” custom_padding=”40px||21px|||” global_colors_info=”{}”][et_pb_row _builder_version=”4.27.5″ _module_preset=”default” global_colors_info=”{}”][et_pb_column type=”4_4″ _builder_version=”4.27.5″ _module_preset=”default” global_colors_info=”{}”][et_pb_text _builder_version=”4.27.5″ _module_preset=”default” header_2_font_size=”36px” global_colors_info=”{}”]<\/p>\n<h2>Yem Kar\u0131\u015ft\u0131r\u0131c\u0131 PTO \u015eaft Tipleri<\/h2>\n<p>[\/et_pb_text][et_pb_text _builder_version=”4.27.5″ _module_preset=”default” global_colors_info=”{}”]A PTO shaft for feed mixers functions as the primary driveline assembly that transmits rotational power from a tractor\u2019s rear power take-off directly to the mixer\u2019s gearbox and auger drive system. In equipment such as Jaylor single auger TMR mixers, Jaylor twin auger TMR mixers, Peecon vertical feed mixers, and Supreme feed mixers, this shaft supplies the torque required to rotate the vertical mixing elements, ensuring thorough and uniform blending of forages, grains, concentrates, and supplements into a balanced total mixed ration for livestock. Engineered with heavy-duty steel tubing, precision yokes, and often constant velocity joints, the component accommodates operational angles while minimizing vibration and wear under sustained high-load conditions. Protective guards and overload safeguards further enhance operator safety and equipment durability during daily agricultural use. Proper selection of shaft specifications, including spline size and RPM rating, combined with routine lubrication and inspection, contributes decisively to uninterrupted performance and extended service life in demanding farm environments.[\/et_pb_text][\/et_pb_column][\/et_pb_row][\/et_pb_section][et_pb_section fb_built=”1″ _builder_version=”4.27.5″ _module_preset=”default” custom_padding=”13px||30px|||” global_colors_info=”{}”][et_pb_row _builder_version=”4.27.5″ _module_preset=”default” global_colors_info=”{}”][et_pb_column type=”4_4″ _builder_version=”4.27.5″ _module_preset=”default” global_colors_info=”{}”][et_pb_text _builder_version=”4.27.5″ _module_preset=”default” header_2_font_size=”36px” global_colors_info=”{}”]<\/p>\n<h2>Jaylor Yem Kar\u0131\u015ft\u0131r\u0131c\u0131s\u0131 i\u00e7in PTO Mili<\/h2>\n<p>[\/et_pb_text][\/et_pb_column][\/et_pb_row][et_pb_row column_structure=”1_3,1_3,1_3″ _builder_version=”4.27.5″ _module_preset=”default” global_colors_info=”{}”][et_pb_column type=”1_3″ _builder_version=”4.27.5″ _module_preset=”default” global_colors_info=”{}”][et_pb_image src=”https:\/\/korea-transmission.com\/wp-content\/uploads\/2026\/04\/PTO-Shaft-for-Jaylor-Single-Auger-TMR-Mixer-1.webp” alt=”PTO Shaft for Jaylor Single Auger TMR Mixer” title_text=”PTO Shaft for Jaylor Single Auger TMR Mixer-1″ url=”https:\/\/korea-transmission.com\/product\/pto-shaft-for-jaylor-single-auger-tmr-mixers-5350-5400-5425-5575\/” _builder_version=”4.27.5″ _module_preset=”default” global_colors_info=”{}”][\/et_pb_image][et_pb_text _builder_version=”4.27.5″ _module_preset=”default” global_colors_info=”{}”]<\/p>\n<h3><a href=\"https:\/\/korea-transmission.com\/tr\/product\/pto-shaft-for-jaylor-single-auger-tmr-mixers-5350-5400-5425-5575\/\">Jaylor 5350, 5400, 5425, 5575 Tek Helezonlu TMR Kar\u0131\u015ft\u0131r\u0131c\u0131lar\u0131 i\u00e7in PTO Mili<\/a><\/h3>\n<p>[\/et_pb_text][\/et_pb_column][et_pb_column type=”1_3″ _builder_version=”4.27.5″ _module_preset=”default” global_colors_info=”{}”][et_pb_image src=”https:\/\/korea-transmission.com\/wp-content\/uploads\/2026\/04\/PTO-Shaft-for-Jaylor-Single-Auger-TMR-Mixer-2.webp” alt=”PTO Shaft for Jaylor Single Auger TMR Mixer” title_text=”PTO Shaft for Jaylor Single Auger TMR Mixer-2″ url=”https:\/\/korea-transmission.com\/product\/pto-shaft-for-jaylor-single-auger-tmr-mixers-6350-6400-6425-6575\/” _builder_version=”4.27.5″ _module_preset=”default” global_colors_info=”{}”][\/et_pb_image][et_pb_text _builder_version=”4.27.5″ _module_preset=”default” global_colors_info=”{}”]<\/p>\n<h3><a href=\"https:\/\/korea-transmission.com\/tr\/product\/pto-shaft-for-jaylor-single-auger-tmr-mixers-6350-6400-6425-6575\/\">Jaylor 6350, 6400, 6425, 6575 Tek Helezonlu TMR Mikserleri i\u00e7in PTO Mili<\/a><\/h3>\n<p>[\/et_pb_text][\/et_pb_column][et_pb_column type=”1_3″ _builder_version=”4.27.5″ _module_preset=”default” global_colors_info=”{}”][et_pb_image src=”https:\/\/korea-transmission.com\/wp-content\/uploads\/2026\/04\/PTO-Shaft-for-Jaylor-Twin-Auger-TMR-Mixer-1.webp” alt=”PTO Shaft for Jaylor Twin Auger TMR Mixer” title_text=”PTO Shaft for Jaylor Twin Auger TMR Mixer-1″ url=”https:\/\/korea-transmission.com\/product\/pto-shaft-for-jaylor-twin-auger-tmr-mixers-5600-5650-5750-5850\/” _builder_version=”4.27.5″ _module_preset=”default” global_colors_info=”{}”][\/et_pb_image][et_pb_text _builder_version=”4.27.5″ _module_preset=”default” global_colors_info=”{}”]<\/p>\n<h3><a href=\"https:\/\/korea-transmission.com\/tr\/product\/pto-shaft-for-jaylor-twin-auger-tmr-mixers-5600-5650-5750-5850\/\">Jaylor 5600, 5650, 5750, 5850 \u0130kiz Helezonlu TMR Mikserleri i\u00e7in PTO Mili<\/a><\/h3>\n<p>[\/et_pb_text][\/et_pb_column][\/et_pb_row][et_pb_row column_structure=”1_3,1_3,1_3″ _builder_version=”4.27.5″ _module_preset=”default” global_colors_info=”{}”][et_pb_column type=”1_3″ _builder_version=”4.27.5″ _module_preset=”default” global_colors_info=”{}”][et_pb_image src=”https:\/\/korea-transmission.com\/wp-content\/uploads\/2026\/04\/PTO-Shaft-for-Jaylor-Twin-Auger-TMR-Mixer-2.webp” alt=”PTO Shaft for Jaylor Twin Auger TMR Mixer” title_text=”PTO Shaft for Jaylor Twin Auger TMR Mixer-2″ _builder_version=”4.27.5″ _module_preset=”default” hover_enabled=”0″ global_colors_info=”{}” url=”https:\/\/korea-transmission.com\/product\/pto-shaft-for-jaylor-twin-auger-tmr-mixers-6600-6650-6750-6850\/” sticky_enabled=”0″][\/et_pb_image][et_pb_text _builder_version=”4.27.5″ _module_preset=”default” hover_enabled=”0″ global_colors_info=”{}” sticky_enabled=”0″]<\/p>\n<h3><a href=\"https:\/\/korea-transmission.com\/tr\/product\/pto-shaft-for-jaylor-twin-auger-tmr-mixers-6600-6650-6750-6850\/\">Jaylor 6600, 6650, 6750, 6850 \u0130kiz Helezonlu TMR Mikserleri i\u00e7in PTO Mili<\/a><\/h3>\n<p>[\/et_pb_text][\/et_pb_column][et_pb_column type=”1_3″ _builder_version=”4.27.5″ _module_preset=”default” global_colors_info=”{}”][\/et_pb_column][et_pb_column type=”1_3″ _builder_version=”4.27.5″ _module_preset=”default” global_colors_info=”{}”][\/et_pb_column][\/et_pb_row][\/et_pb_section][et_pb_section fb_built=”1″ _builder_version=”4.27.5″ _module_preset=”default” custom_padding=”24px||30px|||” global_colors_info=”{}”][et_pb_row _builder_version=”4.27.5″ _module_preset=”default” global_colors_info=”{}”][et_pb_column type=”4_4″ _builder_version=”4.27.5″ _module_preset=”default” global_colors_info=”{}”][et_pb_text _builder_version=”4.27.5″ _module_preset=”default” header_2_font_size=”36px” global_colors_info=”{}”]<\/p>\n<h2>Peecon Yem Kar\u0131\u015ft\u0131r\u0131c\u0131s\u0131 i\u00e7in PTO Mili<\/h2>\n<p>[\/et_pb_text][\/et_pb_column][\/et_pb_row][et_pb_row column_structure=”1_3,1_3,1_3″ _builder_version=”4.27.5″ _module_preset=”default” global_colors_info=”{}”][et_pb_column type=”1_3″ _builder_version=”4.27.5″ _module_preset=”default” global_colors_info=”{}”][et_pb_image src=”https:\/\/korea-transmission.com\/wp-content\/uploads\/2026\/04\/PTO-Shaft-for-Peecon-Vertical-Feed-Mixer-1.webp” alt=”PTO Shaft for Peecon Vertical Feed Mixer” title_text=”PTO Shaft for Peecon Vertical Feed Mixer-1″ _builder_version=”4.27.5″ _module_preset=”default” hover_enabled=”0″ global_colors_info=”{}” url=”https:\/\/korea-transmission.com\/product\/pto-shaft-for-peecon-vertical-feed-mixers-1100cf-1300cf-1500cf\/” sticky_enabled=”0″][\/et_pb_image][et_pb_text _builder_version=”4.27.5″ _module_preset=”default” hover_enabled=”0″ global_colors_info=”{}” sticky_enabled=”0″]<\/p>\n<h3><a href=\"https:\/\/korea-transmission.com\/tr\/product\/pto-shaft-for-peecon-vertical-feed-mixers-1100cf-1300cf-1500cf\/\">Peecon 1100CF, 1300CF, 1500CF Dikey Besleme Mikserleri i\u00e7in PTO Mili<\/a><\/h3>\n<p>[\/et_pb_text][\/et_pb_column][et_pb_column type=”1_3″ _builder_version=”4.27.5″ _module_preset=”default” global_colors_info=”{}”][et_pb_image src=”https:\/\/korea-transmission.com\/wp-content\/uploads\/2026\/04\/PTO-Shaft-for-Peecon-Vertical-Feed-Mixer-2.webp” alt=”PTO Shaft for Peecon Vertical Feed Mixer” title_text=”PTO Shaft for Peecon Vertical Feed Mixer-2″ _builder_version=”4.27.5″ _module_preset=”default” hover_enabled=”0″ global_colors_info=”{}” url=”https:\/\/korea-transmission.com\/product\/pto-shaft-for-peecon-vertical-feed-mixers-1500cf-1600cf-1700cf\/” sticky_enabled=”0″][\/et_pb_image][et_pb_text _builder_version=”4.27.5″ _module_preset=”default” hover_enabled=”0″ global_colors_info=”{}” sticky_enabled=”0″]<\/p>\n<h3><a href=\"https:\/\/korea-transmission.com\/tr\/product\/pto-shaft-for-peecon-vertical-feed-mixers-1500cf-1600cf-1700cf\/\">Peecon 1500CF, 1600CF, 1700CF Dikey Besleme Mikserleri i\u00e7in PTO Mili<\/a><\/h3>\n<p>[\/et_pb_text][\/et_pb_column][et_pb_column type=”1_3″ _builder_version=”4.27.5″ _module_preset=”default” global_colors_info=”{}”][\/et_pb_column][\/et_pb_row][\/et_pb_section][et_pb_section fb_built=”1″ _builder_version=”4.27.5″ _module_preset=”default” custom_padding=”24px||30px|||” global_colors_info=”{}”][et_pb_row _builder_version=”4.27.5″ _module_preset=”default” global_colors_info=”{}”][et_pb_column type=”4_4″ _builder_version=”4.27.5″ _module_preset=”default” global_colors_info=”{}”][et_pb_text _builder_version=”4.27.5″ _module_preset=”default” header_2_font_size=”36px” global_colors_info=”{}”]<\/p>\n<h2>Supreme Yem Kar\u0131\u015ft\u0131r\u0131c\u0131s\u0131 i\u00e7in PTO Mili<\/h2>\n<p>[\/et_pb_text][\/et_pb_column][\/et_pb_row][et_pb_row column_structure=”1_3,1_3,1_3″ _builder_version=”4.27.5″ _module_preset=”default” global_colors_info=”{}”][et_pb_column type=”1_3″ _builder_version=”4.27.5″ _module_preset=”default” global_colors_info=”{}”][et_pb_image src=”https:\/\/korea-transmission.com\/wp-content\/uploads\/2026\/04\/PTO-Shaft-for-Supreme-Feed-Mixer-2.webp” alt=”PTO Shaft for Supreme Feed Mixer” title_text=”PTO Shaft for Supreme Feed Mixer-2″ _builder_version=”4.27.5″ _module_preset=”default” global_colors_info=”{}”][\/et_pb_image][et_pb_text _builder_version=”4.27.5″ _module_preset=”default” global_colors_info=”{}”]<\/p>\n<h3>Supreme 700T, 800T, 900T, 1000T, 1200T, 1400T Dikey Beslemeli Kar\u0131\u015ft\u0131r\u0131c\u0131lar i\u00e7in PTO Mili<\/h3>\n<p>[\/et_pb_text][\/et_pb_column][et_pb_column type=”1_3″ _builder_version=”4.27.5″ _module_preset=”default” global_colors_info=”{}”][et_pb_image src=”https:\/\/korea-transmission.com\/wp-content\/uploads\/2026\/04\/PTO-Shaft-for-Supreme-Feed-Mixer-3.webp” alt=”PTO Shaft for Supreme Feed Mixer” title_text=”PTO Shaft for Supreme Feed Mixer-3″ _builder_version=”4.27.5″ _module_preset=”default” global_colors_info=”{}”][\/et_pb_image][et_pb_text _builder_version=”4.27.5″ _module_preset=”default” global_colors_info=”{}”]<\/p>\n<h3>Supreme 300, 400, 500, 600 Dikey Besleme Mikserleri i\u00e7in PTO Mili<\/h3>\n<p>[\/et_pb_text][\/et_pb_column][et_pb_column type=”1_3″ _builder_version=”4.27.5″ _module_preset=”default” global_colors_info=”{}”][et_pb_image src=”https:\/\/korea-transmission.com\/wp-content\/uploads\/2026\/04\/PTO-Shaft-for-Supreme-Feed-Mixer-1.webp” alt=”PTO Shaft for Supreme Feed Mixer” title_text=”PTO Shaft for Supreme Feed Mixer-1″ _builder_version=”4.27.5″ _module_preset=”default” global_colors_info=”{}”][\/et_pb_image][et_pb_text _builder_version=”4.27.5″ _module_preset=”default” global_colors_info=”{}”]<\/p>\n<h3>Supreme 1500TR, 1700TR, 1900TR Dikey Besleme Mikserleri i\u00e7in PTO Mili<\/h3>\n<p>[\/et_pb_text][\/et_pb_column][\/et_pb_row][\/et_pb_section]<\/p>","protected":false},"excerpt":{"rendered":"<p>PTO Shaft for Feed MixerA PTO shaft for feed mixers functions as the primary driveline assembly that transmits rotational power from a tractor\u2019s rear power take-off directly to the mixer\u2019s gearbox and auger drive system. In equipment such as Jaylor single auger TMR mixers, Jaylor twin auger TMR mixers, Peecon vertical feed mixers, and Supreme [&hellip;]<\/p>","protected":false},"author":2,"featured_media":0,"parent":0,"menu_order":0,"comment_status":"closed","ping_status":"closed","template":"","meta":{"_et_pb_use_builder":"on","_et_pb_old_content":"","_et_gb_content_width":"","footnotes":""},"class_list":["post-6650","page","type-page","status-publish","hentry"],"_links":{"self":[{"href":"https:\/\/korea-transmission.com\/tr\/wp-json\/wp\/v2\/pages\/6650","targetHints":{"allow":["GET"]}}],"collection":[{"href":"https:\/\/korea-transmission.com\/tr\/wp-json\/wp\/v2\/pages"}],"about":[{"href":"https:\/\/korea-transmission.com\/tr\/wp-json\/wp\/v2\/types\/page"}],"author":[{"embeddable":true,"href":"https:\/\/korea-transmission.com\/tr\/wp-json\/wp\/v2\/users\/2"}],"replies":[{"embeddable":true,"href":"https:\/\/korea-transmission.com\/tr\/wp-json\/wp\/v2\/comments?post=6650"}],"version-history":[{"count":26,"href":"https:\/\/korea-transmission.com\/tr\/wp-json\/wp\/v2\/pages\/6650\/revisions"}],"predecessor-version":[{"id":6758,"href":"https:\/\/korea-transmission.com\/tr\/wp-json\/wp\/v2\/pages\/6650\/revisions\/6758"}],"wp:attachment":[{"href":"https:\/\/korea-transmission.com\/tr\/wp-json\/wp\/v2\/media?parent=6650"}],"curies":[{"name":"wp","href":"https:\/\/api.w.org\/{rel}","templated":true}]}}