{"id":6244,"date":"2026-03-20T07:15:22","date_gmt":"2026-03-20T07:15:22","guid":{"rendered":"https:\/\/korea-transmission.com\/?page_id=6244"},"modified":"2026-03-23T05:23:47","modified_gmt":"2026-03-23T05:23:47","slug":"pto-shaft-for-round-baler","status":"publish","type":"page","link":"https:\/\/korea-transmission.com\/pt\/pto-shaft-for-round-baler\/","title":{"rendered":"Eixo da tomada de for\u00e7a para enfardadeira de fardos redondos"},"content":{"rendered":"<p>[et_pb_section fb_built=”1″ _builder_version=”4.27.5″ _module_preset=”default” use_background_color_gradient=”on” background_color_gradient_stops=”#ffffff 0%|rgba(255,255,255,0) 100%” background_color_gradient_overlays_image=”on” background_image=”https:\/\/korea-transmission.com\/wp-content\/uploads\/2026\/03\/0_PTO-Shaft-for-Round-Baler-1.webp” custom_padding=”100px||80px|||” global_colors_info=”{}”][et_pb_row _builder_version=”4.27.5″ _module_preset=”default” custom_margin=”|auto|52px|auto||” global_colors_info=”{}”][et_pb_column type=”4_4″ _builder_version=”4.27.5″ _module_preset=”default” global_colors_info=”{}”][et_pb_text _builder_version=”4.27.5″ _module_preset=”default” header_font_size=”60px” global_colors_info=”{}”]<\/p>\n<h1 style=\"text-align: center;\">Eixo da tomada de for\u00e7a para enfardadeira de fardos redondos<\/h1>\n<p>[\/et_pb_text][et_pb_text _builder_version=”4.27.5″ _module_preset=”default” text_text_color=”#333333″ global_colors_info=”{}”]<\/p>\n<p style=\"text-align: center;\">O eixo da tomada de for\u00e7a (TDF) \u00e9 um componente cr\u00edtico da transmiss\u00e3o das enfardadeiras de fardos redondos, projetado para transferir a pot\u00eancia rotacional do motor do trator para os mecanismos de trabalho da enfardadeira, incluindo o sistema de recolhimento, os rolos de compress\u00e3o e o sistema de amarra\u00e7\u00e3o com rede ou barbante. \u00c9 amplamente compat\u00edvel com as principais marcas de enfardadeiras de fardos redondos, como Krone, New Holland, CASE IH e John Deere.<\/p>\n<p>[\/et_pb_text][et_pb_button button_url=”#contacts” button_text=”Request A Quote” button_alignment=”center” _builder_version=”4.27.5″ _module_preset=”default” custom_button=”on” button_text_color=”#333333″ global_colors_info=”{}”][\/et_pb_button][\/et_pb_column][\/et_pb_row][\/et_pb_section][et_pb_section fb_built=”1″ _builder_version=”4.27.5″ _module_preset=”default” custom_padding=”||25px|||” global_colors_info=”{}”][et_pb_row _builder_version=”4.27.5″ _module_preset=”default” custom_padding=”||23px|||” global_colors_info=”{}”][et_pb_column type=”4_4″ _builder_version=”4.27.5″ _module_preset=”default” global_colors_info=”{}”][et_pb_text _builder_version=”4.27.5″ _module_preset=”default” header_2_font_size=”36px” global_colors_info=”{}”]<\/p>\n<h2>Tipos de eixos de tomada de for\u00e7a para enfardadeiras redondas<\/h2>\n<p>[\/et_pb_text][et_pb_text _builder_version=”4.27.5″ _module_preset=”default” global_colors_info=”{}”]The PTO (Power Take-Off) shaft is a critical drivetrain component of round balers, designed to transfer rotational power from the tractor’s engine to the baler’s working mechanisms, including the pickup system, compression rollers, and the net wrap or twine tying system. It is widely compatible with major round baler brands such as Krone, New Holland, CASE IH, and John Deere. The PTO shaft typically features a telescoping design with universal joints at both ends, allowing it to accommodate angular and distance variations between the tractor and the baler during field operations. It is also equipped with protective shielding to ensure operator safety. When selecting the appropriate PTO shaft, key factors to consider include speed compatibility (commonly 540 RPM or 1000 RPM), torque capacity, shaft diameter specifications, and model-specific fitment, all of which are essential to ensure efficient, reliable, and safe baling performance in agricultural operations.[\/et_pb_text][\/et_pb_column][\/et_pb_row][\/et_pb_section][et_pb_section fb_built=”1″ _builder_version=”4.27.5″ _module_preset=”default” custom_padding=”24px|||||” global_colors_info=”{}”][et_pb_row _builder_version=”4.27.5″ _module_preset=”default” custom_padding=”19px||19px|||” global_colors_info=”{}”][et_pb_column type=”4_4″ _builder_version=”4.27.5″ _module_preset=”default” global_colors_info=”{}”][et_pb_text _builder_version=”4.27.5″ _module_preset=”default” header_2_font_size=”36px” global_colors_info=”{}”]<\/p>\n<h2>Eixo da tomada de for\u00e7a (PTO) para enfardadeira de fardos redondos John Deere<\/h2>\n<p>[\/et_pb_text][\/et_pb_column][\/et_pb_row][et_pb_row column_structure=”1_3,1_3,1_3″ _builder_version=”4.27.5″ _module_preset=”default” global_colors_info=”{}”][et_pb_column type=”1_3″ _builder_version=”4.27.5″ _module_preset=”default” global_colors_info=”{}”][et_pb_image src=”https:\/\/korea-transmission.com\/wp-content\/uploads\/2026\/03\/0_PTO-Shaft-for-John-Deere-Round-Baler-1.webp” alt=”PTO Shaft for John Deere Round Baler” title_text=”0_PTO Shaft for John Deere Round Baler-1″ url=”https:\/\/korea-transmission.com\/product\/pto-shaft-for-john-deere-round-balers-469-569\/” _builder_version=”4.27.5″ _module_preset=”default” global_colors_info=”{}”][\/et_pb_image][et_pb_text _builder_version=”4.27.5″ _module_preset=”default” global_colors_info=”{}”]<\/p>\n<h3><a href=\"https:\/\/korea-transmission.com\/pt\/produto\/pto-shaft-for-john-deere-round-balers-469-569\/\">Eixo da tomada de for\u00e7a (PTO) para enfardadeiras redondas John Deere 469 e 569.<\/a><\/h3>\n<p>[\/et_pb_text][\/et_pb_column][et_pb_column type=”1_3″ _builder_version=”4.27.5″ _module_preset=”default” global_colors_info=”{}”][et_pb_image src=”https:\/\/korea-transmission.com\/wp-content\/uploads\/2026\/03\/0_PTO-Shaft-for-John-Deere-Round-Baler-2.webp” alt=”PTO Shaft for John Deere Round Baler” title_text=”0_PTO Shaft for John Deere Round Baler-2″ url=”https:\/\/korea-transmission.com\/product\/pto-shaft-for-john-deere-round-balers-447-449-457-458-459-467-468-469-547\/” _builder_version=”4.27.5″ _module_preset=”default” global_colors_info=”{}”][\/et_pb_image][et_pb_text _builder_version=”4.27.5″ _module_preset=”default” global_colors_info=”{}”]<\/p>\n<h3><a href=\"https:\/\/korea-transmission.com\/pt\/produto\/pto-shaft-for-john-deere-round-balers-447-449-457-458-459-467-468-469-547\/\">Eixo da tomada de for\u00e7a (TDF) para enfardadeiras redondas John Deere 447, 449, 457, 458, 459, 467, 468, 469, 547<\/a><\/h3>\n<p>[\/et_pb_text][\/et_pb_column][et_pb_column type=”1_3″ _builder_version=”4.27.5″ _module_preset=”default” global_colors_info=”{}”][\/et_pb_column][\/et_pb_row][\/et_pb_section][et_pb_section fb_built=”1″ _builder_version=”4.27.5″ _module_preset=”default” custom_padding=”24px|||||” global_colors_info=”{}”][et_pb_row _builder_version=”4.27.5″ _module_preset=”default” custom_padding=”19px||19px|||” global_colors_info=”{}”][et_pb_column type=”4_4″ _builder_version=”4.27.5″ _module_preset=”default” global_colors_info=”{}”][et_pb_text _builder_version=”4.27.5″ _module_preset=”default” header_2_font_size=”36px” global_colors_info=”{}”]<\/p>\n<h2>Eixo da tomada de for\u00e7a (PTO) para enfardadeira de fardos redondos New Holland<\/h2>\n<p>[\/et_pb_text][\/et_pb_column][\/et_pb_row][et_pb_row column_structure=”1_3,1_3,1_3″ _builder_version=”4.27.5″ _module_preset=”default” global_colors_info=”{}”][et_pb_column type=”1_3″ _builder_version=”4.27.5″ _module_preset=”default” global_colors_info=”{}”][et_pb_image src=”https:\/\/korea-transmission.com\/wp-content\/uploads\/2026\/03\/0_PTO-Shaft-for-New-Holland-Round-Baler-1.webp” alt=”PTO Shaft for New Holland Round Baler” title_text=”0_PTO Shaft for New Holland Round Baler-1″ url=”https:\/\/korea-transmission.com\/product\/pto-shaft-for-new-holland-round-balers-br7050-br7060-br7070-br7080-br7090\/” _builder_version=”4.27.5″ _module_preset=”default” global_colors_info=”{}”][\/et_pb_image][et_pb_text _builder_version=”4.27.5″ _module_preset=”default” global_colors_info=”{}”]<\/p>\n<h3><a href=\"https:\/\/korea-transmission.com\/pt\/produto\/pto-shaft-for-new-holland-round-balers-br7050-br7060-br7070-br7080-br7090\/\">Eixo da tomada de for\u00e7a (PTO) para enfardadeiras redondas New Holland BR7050, BR7060, BR7070, BR7080, BR7090<\/a><\/h3>\n<p>[\/et_pb_text][\/et_pb_column][et_pb_column type=”1_3″ _builder_version=”4.27.5″ _module_preset=”default” global_colors_info=”{}”][\/et_pb_column][et_pb_column type=”1_3″ _builder_version=”4.27.5″ _module_preset=”default” global_colors_info=”{}”][\/et_pb_column][\/et_pb_row][\/et_pb_section][et_pb_section fb_built=”1″ _builder_version=”4.27.5″ _module_preset=”default” custom_padding=”24px|||||” global_colors_info=”{}”][et_pb_row _builder_version=”4.27.5″ _module_preset=”default” custom_padding=”19px||19px|||” global_colors_info=”{}”][et_pb_column type=”4_4″ _builder_version=”4.27.5″ _module_preset=”default” global_colors_info=”{}”][et_pb_text _builder_version=”4.27.5″ _module_preset=”default” header_2_font_size=”36px” global_colors_info=”{}”]<\/p>\n<h2>Eixo da tomada de for\u00e7a (PTO) para enfardadeira de fardos redondos Case IH<\/h2>\n<p>[\/et_pb_text][\/et_pb_column][\/et_pb_row][et_pb_row column_structure=”1_3,1_3,1_3″ _builder_version=”4.27.5″ _module_preset=”default” global_colors_info=”{}”][et_pb_column type=”1_3″ _builder_version=”4.27.5″ _module_preset=”default” global_colors_info=”{}”][et_pb_image src=”https:\/\/korea-transmission.com\/wp-content\/uploads\/2026\/03\/0_PTO-Shaft-for-Case-IH-Round-Baler-1.webp” alt=”PTO Shaft for Case IH Round Baler” title_text=”0_PTO Shaft for Case IH Round Baler-1″ _builder_version=”4.27.5″ _module_preset=”default” hover_enabled=”0″ global_colors_info=”{}” url=”https:\/\/korea-transmission.com\/product\/pto-shaft-for-case-ih-round-balers-rb444-rb454-rb455a-rb464-rb554-rb564\/” sticky_enabled=”0″][\/et_pb_image][et_pb_text _builder_version=”4.27.5″ _module_preset=”default” hover_enabled=”0″ global_colors_info=”{}” sticky_enabled=”0″]<\/p>\n<h3><a href=\"https:\/\/korea-transmission.com\/pt\/produto\/pto-shaft-for-case-ih-round-balers-rb444-rb454-rb455a-rb464-rb554-rb564\/\">Eixo da tomada de for\u00e7a (PTO) para enfardadeiras redondas Case IH RB444, RB454, RB455A, RB464, RB554, RB564<\/a><\/h3>\n<p>[\/et_pb_text][\/et_pb_column][et_pb_column type=”1_3″ _builder_version=”4.27.5″ _module_preset=”default” global_colors_info=”{}”][\/et_pb_column][et_pb_column type=”1_3″ _builder_version=”4.27.5″ _module_preset=”default” global_colors_info=”{}”][\/et_pb_column][\/et_pb_row][\/et_pb_section][et_pb_section fb_built=”1″ _builder_version=”4.27.5″ _module_preset=”default” custom_padding=”24px|||||” global_colors_info=”{}”][et_pb_row _builder_version=”4.27.5″ _module_preset=”default” custom_padding=”19px||19px|||” global_colors_info=”{}”][et_pb_column type=”4_4″ _builder_version=”4.27.5″ _module_preset=”default” global_colors_info=”{}”][et_pb_text _builder_version=”4.27.5″ _module_preset=”default” header_2_font_size=”36px” global_colors_info=”{}”]<\/p>\n<h2>Eixo da tomada de for\u00e7a para enfardadeira de fardos redondos Krone<\/h2>\n<p>[\/et_pb_text][\/et_pb_column][\/et_pb_row][et_pb_row column_structure=”1_3,1_3,1_3″ _builder_version=”4.27.5″ _module_preset=”default” global_colors_info=”{}”][et_pb_column type=”1_3″ _builder_version=”4.27.5″ _module_preset=”default” global_colors_info=”{}”][et_pb_image src=”https:\/\/korea-transmission.com\/wp-content\/uploads\/2026\/03\/0_PTO-Shaft-for-Krone-Round-Baler-1.webp” alt=”PTO Shaft for Krone Round Baler” title_text=”0_PTO Shaft for Krone Round Baler-1″ _builder_version=”4.27.5″ _module_preset=”default” hover_enabled=”0″ global_colors_info=”{}” url=”https:\/\/korea-transmission.com\/product\/pto-shaft-for-krone-round-balers-kr100-kr130-kr155-kr160-v-1500-v-1500-mc-v-1800-mc\/” sticky_enabled=”0″][\/et_pb_image][et_pb_text _builder_version=”4.27.5″ _module_preset=”default” hover_enabled=”0″ global_colors_info=”{}” sticky_enabled=”0″]<\/p>\n<h3><a href=\"https:\/\/korea-transmission.com\/pt\/produto\/pto-shaft-for-krone-round-balers-kr100-kr130-kr155-kr160-v-1500-v-1500-mc-v-1800-mc\/\">Eixo da tomada de for\u00e7a (TDF) para enfardadeiras de fardos redondos Krone KR100, KR130, KR155, KR160, V 1500, V 1500 MC, V 1800 MC<\/a><\/h3>\n<p>[\/et_pb_text][\/et_pb_column][et_pb_column type=”1_3″ _builder_version=”4.27.5″ _module_preset=”default” global_colors_info=”{}”][\/et_pb_column][et_pb_column type=”1_3″ _builder_version=”4.27.5″ _module_preset=”default” global_colors_info=”{}”][\/et_pb_column][\/et_pb_row][\/et_pb_section]<\/p>","protected":false},"excerpt":{"rendered":"<p>PTO Shaft for Round BalerThe PTO (Power Take-Off) shaft is a critical drivetrain component of round balers, designed to transfer rotational power from the tractor’s engine to the baler’s working mechanisms, including the pickup system, compression rollers, and the net wrap or twine tying system. It is widely compatible with major round baler brands such [&hellip;]<\/p>","protected":false},"author":2,"featured_media":0,"parent":0,"menu_order":0,"comment_status":"closed","ping_status":"closed","template":"","meta":{"_et_pb_use_builder":"on","_et_pb_old_content":"","_et_gb_content_width":"","footnotes":""},"class_list":["post-6244","page","type-page","status-publish","hentry"],"_links":{"self":[{"href":"https:\/\/korea-transmission.com\/pt\/wp-json\/wp\/v2\/pages\/6244","targetHints":{"allow":["GET"]}}],"collection":[{"href":"https:\/\/korea-transmission.com\/pt\/wp-json\/wp\/v2\/pages"}],"about":[{"href":"https:\/\/korea-transmission.com\/pt\/wp-json\/wp\/v2\/types\/page"}],"author":[{"embeddable":true,"href":"https:\/\/korea-transmission.com\/pt\/wp-json\/wp\/v2\/users\/2"}],"replies":[{"embeddable":true,"href":"https:\/\/korea-transmission.com\/pt\/wp-json\/wp\/v2\/comments?post=6244"}],"version-history":[{"count":13,"href":"https:\/\/korea-transmission.com\/pt\/wp-json\/wp\/v2\/pages\/6244\/revisions"}],"predecessor-version":[{"id":6327,"href":"https:\/\/korea-transmission.com\/pt\/wp-json\/wp\/v2\/pages\/6244\/revisions\/6327"}],"wp:attachment":[{"href":"https:\/\/korea-transmission.com\/pt\/wp-json\/wp\/v2\/media?parent=6244"}],"curies":[{"name":"wp","href":"https:\/\/api.w.org\/{rel}","templated":true}]}}