{"id":6080,"date":"2026-03-16T03:22:05","date_gmt":"2026-03-16T03:22:05","guid":{"rendered":"https:\/\/korea-transmission.com\/?page_id=6080"},"modified":"2026-04-10T10:08:27","modified_gmt":"2026-04-10T10:08:27","slug":"pto-shaft-for-rotary-cutter","status":"publish","type":"page","link":"https:\/\/korea-transmission.com\/pt\/pto-shaft-for-rotary-cutter\/","title":{"rendered":"Eixo da tomada de for\u00e7a para cortador rotativo"},"content":{"rendered":"<p>[et_pb_section fb_built=”1″ _builder_version=”4.27.5″ _module_preset=”default” use_background_color_gradient=”on” background_color_gradient_stops=”#ffffff 0%|rgba(255,255,255,0) 100%” background_color_gradient_overlays_image=”on” background_image=”https:\/\/korea-transmission.com\/wp-content\/uploads\/2026\/03\/0_PTO-Shaft-for-Rotary-Cutter-1.webp” custom_padding=”100px||100px|||” global_colors_info=”{}”][et_pb_row _builder_version=”4.27.5″ _module_preset=”default” global_colors_info=”{}”][et_pb_column type=”4_4″ _builder_version=”4.27.5″ _module_preset=”default” global_colors_info=”{}”][et_pb_text _builder_version=”4.27.5″ _module_preset=”default” header_font_size=”60px” global_colors_info=”{}”]<\/p>\n<h1 style=\"text-align: center;\">Eixo da tomada de for\u00e7a para cortador rotativo<\/h1>\n<p>[\/et_pb_text][et_pb_text _builder_version=”4.27.5″ _module_preset=”default” text_text_color=”#333333″ global_colors_info=”{}”]<\/p>\n<p style=\"text-align: center;\">O eixo da tomada de for\u00e7a (TDF) \u00e9 uma liga\u00e7\u00e3o mec\u00e2nica crucial em equipamentos agr\u00edcolas e de paisagismo, especialmente em ro\u00e7adeiras fabricadas por marcas como Bush Hog, John Deere, Land Pride e Woods. Este componente transmite a pot\u00eancia rotacional da sa\u00edda da TDF traseira do trator para a caixa de engrenagens da ro\u00e7adeira, permitindo que as l\u00e2minas girem de forma eficiente para tarefas como cortar arbustos densos, grama ou vegeta\u00e7\u00e3o. <\/p>\n<p>[\/et_pb_text][et_pb_button button_url=”#contacts” button_text=”Request A Quote” button_alignment=”center” _builder_version=”4.27.5″ _module_preset=”default” custom_button=”on” button_text_color=”#333333″ global_colors_info=”{}”][\/et_pb_button][\/et_pb_column][\/et_pb_row][\/et_pb_section][et_pb_section fb_built=”1″ _builder_version=”4.27.5″ _module_preset=”default” custom_padding=”50px||30px||false|false” global_colors_info=”{}”][et_pb_row _builder_version=”4.27.5″ _module_preset=”default” global_colors_info=”{}”][et_pb_column type=”4_4″ _builder_version=”4.27.5″ _module_preset=”default” global_colors_info=”{}”][et_pb_text _builder_version=”4.27.5″ _module_preset=”default” header_2_font_size=”36px” global_colors_info=”{}”]<\/p>\n<h2>Tipos de eixos de tomada de for\u00e7a (PTO) para cortadores rotativos<\/h2>\n<p>[\/et_pb_text][et_pb_text _builder_version=”4.27.5″ _module_preset=”default” global_colors_info=”{}”]The PTO shaft, or power take-off shaft, serves as a critical mechanical linkage in agricultural and landscaping equipment, particularly for rotary cutters manufactured by brands such as Bush Hog, John Deere, Land Pride, and Woods. This component transmits rotational power from a tractor’s rear-mounted PTO output to the rotary cutter’s gearbox, enabling the blades to spin efficiently for tasks like mowing heavy brush, grass, or vegetation. Constructed typically from high-strength steel with universal joints at both ends for flexibility, the shaft incorporates safety features including shear bolts or slip clutches to prevent overload damage. When selecting a PTO shaft, compatibility with the tractor’s horsepower rating and the cutter’s input requirements is essential to achieve optimal performance and safety in field applications.[\/et_pb_text][\/et_pb_column][\/et_pb_row][et_pb_row _builder_version=”4.27.5″ _module_preset=”default” global_colors_info=”{}”][et_pb_column type=”4_4″ _builder_version=”4.27.5″ _module_preset=”default” global_colors_info=”{}”][et_pb_text _builder_version=”4.27.5″ _module_preset=”default” header_2_font_size=”36px” global_colors_info=”{}”]<\/p>\n<h2>Eixo da tomada de for\u00e7a (PTO) para ro\u00e7adeira rotativa Bush Hog<\/h2>\n<p>[\/et_pb_text][\/et_pb_column][\/et_pb_row][et_pb_row column_structure=”1_3,1_3,1_3″ _builder_version=”4.27.5″ _module_preset=”default” global_colors_info=”{}”][et_pb_column type=”1_3″ _builder_version=”4.27.5″ _module_preset=”default” global_colors_info=”{}”][et_pb_image src=”https:\/\/korea-transmission.com\/wp-content\/uploads\/2026\/03\/0_PTO-Shaft-for-Bush-Hog-Rotary-Cutter-1.webp” alt=”PTO Shaft for Bush Hog Rotary Cutter” title_text=”0_PTO Shaft for Bush Hog Rotary Cutter-1″ url=”https:\/\/korea-transmission.com\/product\/pto-shaft-for-bush-hog-rotary-cutters-3210-3209-3214-2308-2010-2310-3308-3510-3514-14215\/” _builder_version=”4.27.5″ _module_preset=”default” global_colors_info=”{}”][\/et_pb_image][et_pb_text _builder_version=”4.27.5″ _module_preset=”default” global_colors_info=”{}”]<\/p>\n<h3 style=\"text-align: left;\"><a href=\"https:\/\/korea-transmission.com\/pt\/produto\/pto-shaft-for-bush-hog-rotary-cutters-3210-3209-3214-2308-2010-2310-3308-3510-3514-14215\/\">Eixo da tomada de for\u00e7a (PTO) para ro\u00e7adeiras rotativas Bush Hog 3210, 3209, 3214, 2308, 2010, 2310, 3308, 3510, 3514, 14215<\/a><\/h3>\n<p>[\/et_pb_text][\/et_pb_column][et_pb_column type=”1_3″ _builder_version=”4.27.5″ _module_preset=”default” global_colors_info=”{}”][et_pb_image src=”https:\/\/korea-transmission.com\/wp-content\/uploads\/2026\/03\/0_PTO-Shaft-for-Bush-Hog-Rotary-Cutter-2.webp” alt=”PTO Shaft for Bush Hog Rotary Cutter” title_text=”0_PTO Shaft for Bush Hog Rotary Cutter-2″ url=”https:\/\/korea-transmission.com\/product\/pto-shaft-for-bush-hog-rotary-cutters-405-406-325-326-327\/” _builder_version=”4.27.5″ _module_preset=”default” global_colors_info=”{}”][\/et_pb_image][et_pb_text _builder_version=”4.27.5″ _module_preset=”default” global_colors_info=”{}”]<\/p>\n<h3 style=\"text-align: left;\"><a href=\"https:\/\/korea-transmission.com\/pt\/produto\/pto-shaft-for-bush-hog-rotary-cutters-405-406-325-326-327\/\">Eixo da tomada de for\u00e7a (PTO) para ro\u00e7adeiras rotativas Bush Hog 405, 406, 325, 326, 327<\/a><\/h3>\n<p>[\/et_pb_text][\/et_pb_column][et_pb_column type=”1_3″ _builder_version=”4.27.5″ _module_preset=”default” global_colors_info=”{}”][\/et_pb_column][\/et_pb_row][\/et_pb_section][et_pb_section fb_built=”1″ _builder_version=”4.27.5″ _module_preset=”default” custom_padding=”50px||30px||false|false” global_colors_info=”{}”][et_pb_row _builder_version=”4.27.5″ _module_preset=”default” global_colors_info=”{}”][et_pb_column type=”4_4″ _builder_version=”4.27.5″ _module_preset=”default” global_colors_info=”{}”][et_pb_text _builder_version=”4.27.5″ _module_preset=”default” header_2_font_size=”36px” global_colors_info=”{}”]<\/p>\n<h2>Eixo da tomada de for\u00e7a (PTO) para cortador rotativo Woods<\/h2>\n<p>[\/et_pb_text][\/et_pb_column][\/et_pb_row][et_pb_row column_structure=”1_3,1_3,1_3″ _builder_version=”4.27.5″ _module_preset=”default” global_colors_info=”{}”][et_pb_column type=”1_3″ _builder_version=”4.27.5″ _module_preset=”default” global_colors_info=”{}”][et_pb_image src=”https:\/\/korea-transmission.com\/wp-content\/uploads\/2026\/03\/0_PTO-Shaft-for-Woods-Rotary-Cutter-1.webp” alt=”PTO Shaft for Woods Rotary Cutter” title_text=”0_PTO Shaft for Woods Rotary Cutter-1″ url=”https:\/\/korea-transmission.com\/product\/pto-shaft-for-woods-brushbull-rotary-cutters-bb48x-bb60x-bb72x-hc48-hc54-hc60-hc72\/” _builder_version=”4.27.5″ _module_preset=”default” global_colors_info=”{}”][\/et_pb_image][et_pb_text _builder_version=”4.27.5″ _module_preset=”default” global_colors_info=”{}”]<\/p>\n<h3 style=\"text-align: left;\"><a href=\"https:\/\/korea-transmission.com\/pt\/produto\/pto-shaft-for-woods-brushbull-rotary-cutters-bb48x-bb60x-bb72x-hc48-hc54-hc60-hc72\/\">Eixo de tomada de for\u00e7a (PTO) para ro\u00e7adeiras rotativas Woods BrushBull BB48X, BB60X, BB72X, HC48, HC54, HC60, HC72<\/a><\/h3>\n<p>[\/et_pb_text][\/et_pb_column][et_pb_column type=”1_3″ _builder_version=”4.27.5″ _module_preset=”default” global_colors_info=”{}”][et_pb_image src=”https:\/\/korea-transmission.com\/wp-content\/uploads\/2026\/03\/0_PTO-Shaft-for-Woods-Rotary-Cutter-3.webp” alt=”PTO Shaft for Woods Rotary Cutter” title_text=”0_PTO Shaft for Woods Rotary Cutter-3″ url=”https:\/\/korea-transmission.com\/product\/pto-shaft-for-woods-medium-duty-rotary-cutters-bb84x-bb600x-bb720x-bb840x-bb840x-p\/” _builder_version=”4.27.5″ _module_preset=”default” global_colors_info=”{}”][\/et_pb_image][et_pb_text _builder_version=”4.27.5″ _module_preset=”default” global_colors_info=”{}”]<\/p>\n<h3 style=\"text-align: left;\"><a href=\"https:\/\/korea-transmission.com\/pt\/produto\/pto-shaft-for-woods-medium-duty-rotary-cutters-bb84x-bb600x-bb720x-bb840x-bb840x-p\/\">Eixo de tomada de for\u00e7a (PTO) para ro\u00e7adeiras rotativas de servi\u00e7o m\u00e9dio Woods BB84X, BB600X, BB720X, BB840X, BB840X-P<\/a><\/h3>\n<p>[\/et_pb_text][\/et_pb_column][et_pb_column type=”1_3″ _builder_version=”4.27.5″ _module_preset=”default” global_colors_info=”{}”][et_pb_image src=”https:\/\/korea-transmission.com\/wp-content\/uploads\/2026\/03\/0_PTO-Shaft-for-Woods-Rotary-Cutter-2.webp” alt=”PTO Shaft for Woods Rotary Cutter” title_text=”0_PTO Shaft for Woods Rotary Cutter-2″ url=”https:\/\/korea-transmission.com\/product\/pto-shaft-for-woods-heavy-duty-rotary-cutters-bb6000x-bb7200x-bb8400x-bb840x-p\/” _builder_version=”4.27.5″ _module_preset=”default” global_colors_info=”{}”][\/et_pb_image][et_pb_text _builder_version=”4.27.5″ _module_preset=”default” global_colors_info=”{}”]<\/p>\n<h3 style=\"text-align: left;\"><a href=\"https:\/\/korea-transmission.com\/pt\/produto\/pto-shaft-for-woods-heavy-duty-rotary-cutters-bb6000x-bb7200x-bb8400x-bb840x-p\/\">Eixo de tomada de for\u00e7a (PTO) para ro\u00e7adeiras rotativas de alta resist\u00eancia Woods BB6000X, BB7200X, BB8400X, BB840X-P<\/a><\/h3>\n<p>[\/et_pb_text][\/et_pb_column][\/et_pb_row][et_pb_row column_structure=”1_3,1_3,1_3″ _builder_version=”4.27.5″ _module_preset=”default” global_colors_info=”{}”][et_pb_column type=”1_3″ _builder_version=”4.27.5″ _module_preset=”default” global_colors_info=”{}”][et_pb_image src=”https:\/\/korea-transmission.com\/wp-content\/uploads\/2026\/03\/0_PTO-Shaft-for-Woods-Rotary-Cutter-4.webp” alt=”PTO Shaft for Woods Rotary Cutter” title_text=”0_PTO Shaft for Woods Rotary Cutter-4″ url=”https:\/\/korea-transmission.com\/product\/pto-shaft-for-woods-medium-duty-rotary-cutters-md160-md172-md184\/” _builder_version=”4.27.5″ _module_preset=”default” global_colors_info=”{}”][\/et_pb_image][et_pb_text _builder_version=”4.27.5″ _module_preset=”default” global_colors_info=”{}”]<\/p>\n<h3 style=\"text-align: left;\"><a href=\"https:\/\/korea-transmission.com\/pt\/produto\/pto-shaft-for-woods-medium-duty-rotary-cutters-md160-md172-md184\/\">Eixo de tomada de for\u00e7a (PTO) para ro\u00e7adeiras rotativas de servi\u00e7o m\u00e9dio Woods MD160, MD172, MD184<\/a><\/h3>\n<p>[\/et_pb_text][\/et_pb_column][et_pb_column type=”1_3″ _builder_version=”4.27.5″ _module_preset=”default” global_colors_info=”{}”][et_pb_image src=”https:\/\/korea-transmission.com\/wp-content\/uploads\/2026\/03\/0_PTO-Shaft-for-Woods-Rotary-Cutter-5.webp” alt=”PTO Shaft for Woods Rotary Cutter” title_text=”0_PTO Shaft for Woods Rotary Cutter-5″ url=”https:\/\/korea-transmission.com\/product\/pto-shaft-for-woods-multi-spindle-rotary-cutters-ds96-mds96-ds120-mds120-ds1260-ds1440-dso1260-mts1680-ts1680\/” _builder_version=”4.27.5″ _module_preset=”default” global_colors_info=”{}”][\/et_pb_image][et_pb_text _builder_version=”4.27.5″ _module_preset=”default” hover_enabled=”0″ global_colors_info=”{}” sticky_enabled=”0″]<\/p>\n<h3 style=\"text-align: left;\"><a href=\"https:\/\/korea-transmission.com\/pt\/produto\/pto-shaft-for-woods-multi-spindle-rotary-cutters-ds96-mds96-ds120-mds120-ds1260-ds1440-dso1260-mts1680-ts1680\/\">Eixo de tomada de for\u00e7a (PTO) para cortadores rotativos multieixos Woods DS96, MDS96, DS120, MDS120, DS1260, DS1440, DSO1260, MTS1680, TS1680<\/a><\/h3>\n<p>[\/et_pb_text][\/et_pb_column][et_pb_column type=”1_3″ _builder_version=”4.27.5″ _module_preset=”default” global_colors_info=”{}”][\/et_pb_column][\/et_pb_row][\/et_pb_section][et_pb_section fb_built=”1″ _builder_version=”4.27.5″ _module_preset=”default” custom_padding=”50px||30px||false|false” global_colors_info=”{}”][et_pb_row _builder_version=”4.27.5″ _module_preset=”default” global_colors_info=”{}”][et_pb_column type=”4_4″ _builder_version=”4.27.5″ _module_preset=”default” global_colors_info=”{}”][et_pb_text _builder_version=”4.27.5″ _module_preset=”default” header_2_font_size=”36px” global_colors_info=”{}”]<\/p>\n<h2>Eixo da tomada de for\u00e7a (PTO) para cortador rotativo John Deere<\/h2>\n<p>[\/et_pb_text][\/et_pb_column][\/et_pb_row][et_pb_row column_structure=”1_3,1_3,1_3″ _builder_version=”4.27.5″ _module_preset=”default” global_colors_info=”{}”][et_pb_column type=”1_3″ _builder_version=”4.27.5″ _module_preset=”default” global_colors_info=”{}”][et_pb_image src=”https:\/\/korea-transmission.com\/wp-content\/uploads\/2026\/03\/0_PTO-Shaft-for-John-Deere-Rotary-Cutter.webp” alt=”PTO Shaft for John Deere Rotary Cutter” title_text=”0_PTO Shaft for John Deere Rotary Cutter” url=”https:\/\/korea-transmission.com\/product\/pto-shaft-for-john-deere-rotary-cutters-609-709\/” _builder_version=”4.27.5″ _module_preset=”default” hover_enabled=”0″ global_colors_info=”{}” sticky_enabled=”0″][\/et_pb_image][et_pb_text _builder_version=”4.27.5″ _module_preset=”default” hover_enabled=”0″ global_colors_info=”{}” sticky_enabled=”0″]<\/p>\n<h3 style=\"text-align: left;\"><a href=\"https:\/\/korea-transmission.com\/pt\/produto\/pto-shaft-for-john-deere-rotary-cutters-609-709\/\">Eixo da tomada de for\u00e7a (PTO) para cortadores rotativos John Deere 609 e 709.<\/a><\/h3>\n<p>[\/et_pb_text][\/et_pb_column][et_pb_column type=”1_3″ _builder_version=”4.27.5″ _module_preset=”default” global_colors_info=”{}”][et_pb_image src=”https:\/\/korea-transmission.com\/wp-content\/uploads\/2026\/03\/0_PTO-Shaft-for-John-Deere-Rotary-Cutter-2.webp” alt=”PTO Shaft for John Deere Rotary Cutter” title_text=”0_PTO Shaft for John Deere Rotary Cutter-2″ url=”https:\/\/korea-transmission.com\/product\/pto-shaft-for-john-deere-multi-spindle-rotary-cutters-hx10-hx14\/” _builder_version=”4.27.5″ _module_preset=”default” global_colors_info=”{}”][\/et_pb_image][et_pb_text _builder_version=”4.27.5″ _module_preset=”default” global_colors_info=”{}”]<\/p>\n<h3 style=\"text-align: left;\"><a href=\"https:\/\/korea-transmission.com\/pt\/produto\/pto-shaft-for-john-deere-multi-spindle-rotary-cutters-hx10-hx14\/\">Eixo da tomada de for\u00e7a (PTO) para cortadores rotativos multieixos John Deere HX10, HX14<\/a><\/h3>\n<p>[\/et_pb_text][\/et_pb_column][et_pb_column type=”1_3″ _builder_version=”4.27.5″ _module_preset=”default” global_colors_info=”{}”][\/et_pb_column][\/et_pb_row][\/et_pb_section][et_pb_section fb_built=”1″ _builder_version=”4.27.5″ _module_preset=”default” custom_padding=”50px||30px||false|false” global_colors_info=”{}”][et_pb_row _builder_version=”4.27.5″ _module_preset=”default” global_colors_info=”{}”][et_pb_column type=”4_4″ _builder_version=”4.27.5″ _module_preset=”default” global_colors_info=”{}”][et_pb_text _builder_version=”4.27.5″ _module_preset=”default” header_2_font_size=”36px” global_colors_info=”{}”]<\/p>\n<h2>Eixo da tomada de for\u00e7a (PTO) para cortador rotativo Land Pride<\/h2>\n<p>[\/et_pb_text][\/et_pb_column][\/et_pb_row][et_pb_row column_structure=”1_3,1_3,1_3″ _builder_version=”4.27.5″ _module_preset=”default” global_colors_info=”{}”][et_pb_column type=”1_3″ _builder_version=”4.27.5″ _module_preset=”default” global_colors_info=”{}”][et_pb_image src=”https:\/\/korea-transmission.com\/wp-content\/uploads\/2026\/03\/0_PTO-Shaft-for-Land-Pride-Rotary-Cutter.webp” alt=”PTO Shaft for Land Pride Rotary Cutter” title_text=”0_PTO Shaft for Land Pride Rotary Cutter” url=”https:\/\/korea-transmission.com\/product\/pto-shaft-for-land-pride-rotary-cutters-rcr12-rcr15-rcr18-rcr1884-rcf20-rcf2084-rcr2510\/” _builder_version=”4.27.5″ _module_preset=”default” hover_enabled=”0″ global_colors_info=”{}” sticky_enabled=”0″][\/et_pb_image][et_pb_text _builder_version=”4.27.5″ _module_preset=”default” global_colors_info=”{}”]<\/p>\n<h3 style=\"text-align: left;\"><a href=\"https:\/\/korea-transmission.com\/pt\/produto\/pto-shaft-for-land-pride-rotary-cutters-rcr12-rcr15-rcr18-rcr1884-rcf20-rcf2084-rcr2510\/\">Eixo da tomada de for\u00e7a (PTO) para ro\u00e7adeiras rotativas Land Pride RCR12, RCR15, RCR18, RCR1884, RCF20, RCF2084, RCR2510<\/a><\/h3>\n<p>[\/et_pb_text][\/et_pb_column][et_pb_column type=”1_3″ _builder_version=”4.27.5″ _module_preset=”default” global_colors_info=”{}”][\/et_pb_column][et_pb_column type=”1_3″ _builder_version=”4.27.5″ _module_preset=”default” global_colors_info=”{}”][\/et_pb_column][\/et_pb_row][\/et_pb_section]<\/p>","protected":false},"excerpt":{"rendered":"<p>PTO Shaft for Rotary CutterThe PTO shaft, or power take-off shaft, serves as a critical mechanical linkage in agricultural and landscaping equipment, particularly for rotary cutters manufactured by brands such as Bush Hog, John Deere, Land Pride, and Woods. This component transmits rotational power from a tractor’s rear-mounted PTO output to the rotary cutter’s gearbox, [&hellip;]<\/p>","protected":false},"author":2,"featured_media":0,"parent":0,"menu_order":0,"comment_status":"closed","ping_status":"closed","template":"","meta":{"_et_pb_use_builder":"on","_et_pb_old_content":"","_et_gb_content_width":"","footnotes":""},"class_list":["post-6080","page","type-page","status-publish","hentry"],"_links":{"self":[{"href":"https:\/\/korea-transmission.com\/pt\/wp-json\/wp\/v2\/pages\/6080","targetHints":{"allow":["GET"]}}],"collection":[{"href":"https:\/\/korea-transmission.com\/pt\/wp-json\/wp\/v2\/pages"}],"about":[{"href":"https:\/\/korea-transmission.com\/pt\/wp-json\/wp\/v2\/types\/page"}],"author":[{"embeddable":true,"href":"https:\/\/korea-transmission.com\/pt\/wp-json\/wp\/v2\/users\/2"}],"replies":[{"embeddable":true,"href":"https:\/\/korea-transmission.com\/pt\/wp-json\/wp\/v2\/comments?post=6080"}],"version-history":[{"count":26,"href":"https:\/\/korea-transmission.com\/pt\/wp-json\/wp\/v2\/pages\/6080\/revisions"}],"predecessor-version":[{"id":6511,"href":"https:\/\/korea-transmission.com\/pt\/wp-json\/wp\/v2\/pages\/6080\/revisions\/6511"}],"wp:attachment":[{"href":"https:\/\/korea-transmission.com\/pt\/wp-json\/wp\/v2\/media?parent=6080"}],"curies":[{"name":"wp","href":"https:\/\/api.w.org\/{rel}","templated":true}]}}