{"id":6801,"date":"2026-04-22T08:44:49","date_gmt":"2026-04-22T08:44:49","guid":{"rendered":"https:\/\/korea-transmission.com\/?page_id=6801"},"modified":"2026-04-23T02:43:52","modified_gmt":"2026-04-23T02:43:52","slug":"pto-shaft-for-flail-shredder","status":"publish","type":"page","link":"https:\/\/korea-transmission.com\/it\/pto-shaft-for-flail-shredder\/","title":{"rendered":"Albero cardanico per trinciatrice a flagelli"},"content":{"rendered":"<p>[et_pb_section fb_built=”1″ _builder_version=”4.27.5″ _module_preset=”default” hover_enabled=”0″ global_colors_info=”{}” alt=”PTO Shaft for Flail Shredder” title_text=”0_PTO Shaft for Flail Shredder-1″ background_image=”https:\/\/korea-transmission.com\/wp-content\/uploads\/2026\/04\/0_PTO-Shaft-for-Flail-Shredder-1.webp” sticky_enabled=”0″ custom_padding=”90px||100px|||” use_background_color_gradient=”on” background_color_gradient_stops=”#ffffff 0%|rgba(255,255,255,0) 100%” background_color_gradient_overlays_image=”on”][et_pb_row _builder_version=”4.27.5″ _module_preset=”default” global_colors_info=”{}”][et_pb_column type=”4_4″ _builder_version=”4.27.5″ _module_preset=”default” global_colors_info=”{}”][et_pb_text _builder_version=”4.27.5″ _module_preset=”default” hover_enabled=”0″ global_colors_info=”{}” header_font_size=”60px” sticky_enabled=”0″]<\/p>\n<h1 style=\"text-align: center;\">Albero cardanico per trinciatrice a flagelli<\/h1>\n<p>[\/et_pb_text][et_pb_text _builder_version=”4.27.5″ _module_preset=”default” text_text_color=”#000000″ hover_enabled=”0″ sticky_enabled=”0″]<\/p>\n<p style=\"text-align: center;\">L'albero cardanico di una trinciatrice a flagelli funge da trasmissione principale, trasferendo la potenza rotazionale dalla presa di forza posteriore del trattore direttamente al robusto riduttore e al rotore della trinciatrice. Nei modelli come le trinciatrici a flagelli trainate John Deere 520, 115 e 120, nonch\u00e9 nelle unit\u00e0 Alloway compatibili, questo albero aziona la rotazione ad alta velocit\u00e0 delle lame, consentendo un taglio preciso e una trinciatura uniforme dei residui colturali, degli steli e dei detriti di campo.<\/p>\n<p>[\/et_pb_text][et_pb_button button_text=”Request A Quote” _builder_version=”4.27.5″ _module_preset=”default” button_url=”#contacts” button_alignment=”center” custom_button=”on” button_text_color=”#000000″ hover_enabled=”0″ sticky_enabled=”0″][\/et_pb_button][\/et_pb_column][\/et_pb_row][\/et_pb_section][et_pb_section fb_built=”1″ theme_builder_area=”post_content” _builder_version=”4.27.5″ _module_preset=”default” custom_padding=”||29px|||”][et_pb_row _builder_version=”4.27.5″ _module_preset=”default” theme_builder_area=”post_content”][et_pb_column _builder_version=”4.27.5″ _module_preset=”default” type=”4_4″ theme_builder_area=”post_content”][et_pb_text _builder_version=”4.27.5″ _module_preset=”default” theme_builder_area=”post_content” hover_enabled=”0″ sticky_enabled=”0″ header_2_font_size=”36px”]<\/p>\n<h2>Tipi di alberi cardanici per trinciatrici a flagelli<\/h2>\n<p>[\/et_pb_text][et_pb_text _builder_version=”4.27.5″ _module_preset=”default” theme_builder_area=”post_content” hover_enabled=”0″ sticky_enabled=”0″]A PTO shaft for a flail shredder functions as the primary driveline assembly that transfers rotational power from a tractor\u2019s rear power take-off directly to the shredder\u2019s heavy-duty gearbox and rotor. In models such as the John Deere 520, 115, and 120 drawn flail shredders, along with compatible Alloway units, this shaft drives the high-speed rotation of the flail knives, enabling precise cutting and uniform mulching of crop residues, stalks, and field debris. Engineered with telescoping sections, robust universal or constant-velocity joints, and durable shielding, it accommodates the dynamic angles and working distances typical in large-scale agricultural operations while delivering consistent torque at 540 or 1,000 RPM. Proper selection and maintenance of the PTO shaft ensure reliable performance, minimize vibration-related wear, and extend service life under demanding field conditions.[\/et_pb_text][\/et_pb_column][\/et_pb_row][\/et_pb_section][et_pb_section fb_built=”1″ theme_builder_area=”post_content” _builder_version=”4.27.5″ _module_preset=”default” custom_padding=”13px||25px|||”][et_pb_row _builder_version=”4.27.5″ _module_preset=”default” theme_builder_area=”post_content”][et_pb_column _builder_version=”4.27.5″ _module_preset=”default” type=”4_4″ theme_builder_area=”post_content”][et_pb_text _builder_version=”4.27.5″ _module_preset=”default” theme_builder_area=”post_content” hover_enabled=”0″ sticky_enabled=”0″ header_2_font_size=”36px”]<\/p>\n<h2>Albero cardanico per trinciatrice a flagelli John Deere<\/h2>\n<p>[\/et_pb_text][\/et_pb_column][\/et_pb_row][et_pb_row _builder_version=”4.27.5″ _module_preset=”default” column_structure=”1_3,1_3,1_3″ theme_builder_area=”post_content” hover_enabled=”0″ sticky_enabled=”0″][et_pb_column _builder_version=”4.27.5″ _module_preset=”default” type=”1_3″ theme_builder_area=”post_content”][et_pb_image src=”https:\/\/korea-transmission.com\/wp-content\/uploads\/2026\/04\/PTO-Shaft-for-John-Deere-Flail-Shredder-1.webp” _builder_version=”4.27.5″ _module_preset=”default” theme_builder_area=”post_content” hover_enabled=”0″ sticky_enabled=”0″ alt=”PTO Shaft for John Deere Flail Shredder” title_text=”PTO Shaft for John Deere Flail Shredder-1″][\/et_pb_image][et_pb_text _builder_version=”4.27.5″ _module_preset=”default” theme_builder_area=”post_content” hover_enabled=”0″ sticky_enabled=”0″]<\/p>\n<h3>Albero cardanico per trinciatrici a flagelli John Deere 520<\/h3>\n<p>[\/et_pb_text][\/et_pb_column][et_pb_column _builder_version=”4.27.5″ _module_preset=”default” type=”1_3″ theme_builder_area=”post_content”][et_pb_image src=”https:\/\/korea-transmission.com\/wp-content\/uploads\/2026\/04\/PTO-Shaft-for-John-Deere-Flail-Shredder-2.webp” _builder_version=”4.27.5″ _module_preset=”default” theme_builder_area=”post_content” hover_enabled=”0″ sticky_enabled=”0″ alt=”PTO Shaft for John Deere Flail Shredder” title_text=”PTO Shaft for John Deere Flail Shredder-2″][\/et_pb_image][et_pb_text _builder_version=”4.27.5″ _module_preset=”default” theme_builder_area=”post_content” hover_enabled=”0″ sticky_enabled=”0″]<\/p>\n<h3>Albero cardanico per trinciatrici a flagelli John Deere 115, 120<\/h3>\n<p>[\/et_pb_text][\/et_pb_column][et_pb_column _builder_version=”4.27.5″ _module_preset=”default” type=”1_3″ theme_builder_area=”post_content”][et_pb_image src=”https:\/\/korea-transmission.com\/wp-content\/uploads\/2026\/04\/PTO-Shaft-for-John-Deere-Flail-Shredder-3.webp” _builder_version=”4.27.5″ _module_preset=”default” theme_builder_area=”post_content” hover_enabled=”0″ sticky_enabled=”0″ alt=”PTO Shaft for John Deere Flail Shredder” title_text=”PTO Shaft for John Deere Flail Shredder-3″][\/et_pb_image][et_pb_text _builder_version=”4.27.5″ _module_preset=”default” theme_builder_area=”post_content” hover_enabled=”0″ sticky_enabled=”0″]<\/p>\n<h3>Albero cardanico per trinciatrici a flagelli John Deere 520<\/h3>\n<p>[\/et_pb_text][\/et_pb_column][\/et_pb_row][\/et_pb_section][et_pb_section fb_built=”1″ theme_builder_area=”post_content” _builder_version=”4.27.5″ _module_preset=”default” custom_padding=”31px||25px|||”][et_pb_row _builder_version=”4.27.5″ _module_preset=”default” theme_builder_area=”post_content”][et_pb_column _builder_version=”4.27.5″ _module_preset=”default” type=”4_4″ theme_builder_area=”post_content”][et_pb_text _builder_version=”4.27.5″ _module_preset=”default” theme_builder_area=”post_content” hover_enabled=”0″ sticky_enabled=”0″ header_2_font_size=”36px”]<\/p>\n<h2>Albero cardanico per trinciatrice a flagelli Alloway<\/h2>\n<p>[\/et_pb_text][\/et_pb_column][\/et_pb_row][et_pb_row _builder_version=”4.27.5″ _module_preset=”default” column_structure=”1_3,1_3,1_3″ theme_builder_area=”post_content” hover_enabled=”0″ sticky_enabled=”0″][et_pb_column _builder_version=”4.27.5″ _module_preset=”default” type=”1_3″ theme_builder_area=”post_content”][et_pb_image src=”https:\/\/korea-transmission.com\/wp-content\/uploads\/2026\/04\/PTO-Shaft-for-Alloway-Shredders-1.webp” _builder_version=”4.27.5″ _module_preset=”default” theme_builder_area=”post_content” hover_enabled=”0″ sticky_enabled=”0″ alt=”PTO Shaft for Alloway Shredders” title_text=”PTO Shaft for Alloway Shredders-1″][\/et_pb_image][et_pb_text _builder_version=”4.27.5″ _module_preset=”default” theme_builder_area=”post_content” hover_enabled=”0″ sticky_enabled=”0″]<\/p>\n<h3>Albero cardanico per trituratori Alloway S15CD, S20CD, S22CD, S25CD, S27CD<\/h3>\n<p>[\/et_pb_text][\/et_pb_column][et_pb_column _builder_version=”4.27.5″ _module_preset=”default” type=”1_3″ theme_builder_area=”post_content”][\/et_pb_column][et_pb_column _builder_version=”4.27.5″ _module_preset=”default” type=”1_3″ theme_builder_area=”post_content”][\/et_pb_column][\/et_pb_row][\/et_pb_section]<\/p>","protected":false},"excerpt":{"rendered":"<p>PTO Shaft for Flail ShredderA PTO shaft for a flail shredder functions as the primary driveline assembly that transfers rotational power from a tractor\u2019s rear power take-off directly to the shredder\u2019s heavy-duty gearbox and rotor. In models such as the John Deere 520, 115, and 120 drawn flail shredders, along with compatible Alloway units, this [&hellip;]<\/p>","protected":false},"author":2,"featured_media":0,"parent":0,"menu_order":0,"comment_status":"closed","ping_status":"closed","template":"","meta":{"_et_pb_use_builder":"on","_et_pb_old_content":"","_et_gb_content_width":"","footnotes":""},"class_list":["post-6801","page","type-page","status-publish","hentry"],"_links":{"self":[{"href":"https:\/\/korea-transmission.com\/it\/wp-json\/wp\/v2\/pages\/6801","targetHints":{"allow":["GET"]}}],"collection":[{"href":"https:\/\/korea-transmission.com\/it\/wp-json\/wp\/v2\/pages"}],"about":[{"href":"https:\/\/korea-transmission.com\/it\/wp-json\/wp\/v2\/types\/page"}],"author":[{"embeddable":true,"href":"https:\/\/korea-transmission.com\/it\/wp-json\/wp\/v2\/users\/2"}],"replies":[{"embeddable":true,"href":"https:\/\/korea-transmission.com\/it\/wp-json\/wp\/v2\/comments?post=6801"}],"version-history":[{"count":12,"href":"https:\/\/korea-transmission.com\/it\/wp-json\/wp\/v2\/pages\/6801\/revisions"}],"predecessor-version":[{"id":6823,"href":"https:\/\/korea-transmission.com\/it\/wp-json\/wp\/v2\/pages\/6801\/revisions\/6823"}],"wp:attachment":[{"href":"https:\/\/korea-transmission.com\/it\/wp-json\/wp\/v2\/media?parent=6801"}],"curies":[{"name":"parola chiave","href":"https:\/\/api.w.org\/{rel}","templated":true}]}}