{"id":7299,"date":"2026-05-07T09:14:13","date_gmt":"2026-05-07T09:14:13","guid":{"rendered":"https:\/\/korea-transmission.com\/?page_id=7299"},"modified":"2026-05-11T10:03:14","modified_gmt":"2026-05-11T10:03:14","slug":"pto-shaft-for-sprayer","status":"publish","type":"page","link":"https:\/\/korea-transmission.com\/fr\/pto-shaft-for-sprayer\/","title":{"rendered":"Arbre de prise de force pour pulv\u00e9risateur"},"content":{"rendered":"<p>[et_pb_section fb_built=”1″ _builder_version=”4.27.5″ _module_preset=”default” use_background_color_gradient=”on” background_color_gradient_stops=”#ffffff 0%|rgba(255,255,255,0) 100%” background_color_gradient_overlays_image=”on” background_image=”https:\/\/korea-transmission.com\/wp-content\/uploads\/2026\/05\/0_PTO-Shaft-for-Sprayer-1.webp” custom_padding=”92px||92px|||” global_colors_info=”{}”][et_pb_row _builder_version=”4.27.5″ _module_preset=”default” global_colors_info=”{}”][et_pb_column type=”4_4″ _builder_version=”4.27.5″ _module_preset=”default” global_colors_info=”{}”][et_pb_text _builder_version=”4.27.5″ _module_preset=”default” header_text_align=”center” header_font_size=”60px” global_colors_info=”{}”]<\/p>\n<h1>Arbre de prise de force pour pulv\u00e9risateur<\/h1>\n<p>[\/et_pb_text][et_pb_text _builder_version=”4.27.5″ _module_preset=”default” text_text_color=”#000000″ text_orientation=”center” global_colors_info=”{}”]A PTO shaft for a sprayer functions as a specialized driveline assembly that conveys rotational power directly from a tractor’s power take-off outlet to the implement’s pump and fan mechanisms. In orchard applications, it equips models such as the Nelson Hardie Air Blast Sprayer, Rears Pul-Blast Sprayer, Windmill Orchard Sprayer, and D&#038;M Orchard Sprayer by delivering consistent torque to generate the high-pressure spray and powerful airflow required for thorough canopy coverage. [\/et_pb_text][et_pb_button button_url=”#contacts” button_text=”Request A Quote” button_alignment=”center” _builder_version=”4.27.5″ _module_preset=”default” custom_button=”on” button_text_color=”#000000″ global_colors_info=”{}”][\/et_pb_button][\/et_pb_column][\/et_pb_row][\/et_pb_section][et_pb_section fb_built=”1″ _builder_version=”4.27.5″ _module_preset=”default” custom_padding=”35px||27px|||” global_colors_info=”{}”][et_pb_row _builder_version=”4.27.5″ _module_preset=”default” custom_padding=”||16px|||” global_colors_info=”{}”][et_pb_column type=”4_4″ _builder_version=”4.27.5″ _module_preset=”default” global_colors_info=”{}”][et_pb_text _builder_version=”4.27.5″ _module_preset=”default” header_2_font_size=”36px” global_colors_info=”{}”]<\/p>\n<h2>Sprayer PTO Shaft Types<\/h2>\n<p>[\/et_pb_text][et_pb_text _builder_version=”4.27.5″ _module_preset=”default” global_colors_info=”{}”]A PTO shaft for a sprayer is a robust driveline component that transfers rotational power directly from a tractor\u2019s rear power take-off to the sprayer\u2019s pump, fan, or gearbox. In orchard and vineyard applications, it drives the high-pressure system required for atomizing and distributing spray mixtures evenly across tree canopies or crop rows. This shaft is engineered for compatibility with established models including the Nelson Hardie Sprayer, Rears Pul-Blast Sprayer, Windmill Orchard Sprayer, and D&#038;M Orchard Sprayer, ensuring seamless torque delivery at standard 540 or 1000 rpm speeds. Its telescoping design, protective shielding, and heavy-duty universal joints allow safe, flexible operation while accommodating varying tractor-to-implement distances and terrain changes. [\/et_pb_text][\/et_pb_column][\/et_pb_row][\/et_pb_section][et_pb_section fb_built=”1″ _builder_version=”4.27.5″ _module_preset=”default” custom_padding=”21px||19px|||” global_colors_info=”{}”][et_pb_row _builder_version=”4.27.5″ _module_preset=”default” global_colors_info=”{}”][et_pb_column type=”4_4″ _builder_version=”4.27.5″ _module_preset=”default” global_colors_info=”{}”][et_pb_text _builder_version=”4.27.5″ _module_preset=”default” header_2_font_size=”36px” global_colors_info=”{}”]<\/p>\n<h2>Arbre de prise de force pour pulv\u00e9risateur Nelson Hardie<\/h2>\n<p>[\/et_pb_text][\/et_pb_column][\/et_pb_row][et_pb_row column_structure=”1_3,1_3,1_3″ _builder_version=”4.27.5″ _module_preset=”default” global_colors_info=”{}”][et_pb_column type=”1_3″ _builder_version=”4.27.5″ _module_preset=”default” global_colors_info=”{}”][et_pb_image src=”https:\/\/korea-transmission.com\/wp-content\/uploads\/2026\/05\/PTO-Shaft-for-Nelson-Hardie-Sprayer-1.webp” alt=”PTO Shaft for Nelson Hardie Sprayer” title_text=”PTO Shaft for Nelson Hardie Sprayer-1″ url=”https:\/\/korea-transmission.com\/product\/pto-shaft-for-nelson-hardie-airblast-orchard-sprayer-4000p\/” _builder_version=”4.27.5″ _module_preset=”default” global_colors_info=”{}”][\/et_pb_image][et_pb_text _builder_version=”4.27.5″ _module_preset=”default” global_colors_info=”{}”]<\/p>\n<h3><a href=\"https:\/\/korea-transmission.com\/fr\/produit\/pto-shaft-for-nelson-hardie-airblast-orchard-sprayer-4000p\/\">PTO Shaft for Nelson Hardie Airblast Orchard Sprayer 4000P<\/a><\/h3>\n<p>[\/et_pb_text][\/et_pb_column][et_pb_column type=”1_3″ _builder_version=”4.27.5″ _module_preset=”default” global_colors_info=”{}”][et_pb_image src=”https:\/\/korea-transmission.com\/wp-content\/uploads\/2026\/05\/PTO-Shaft-for-Nelson-Hardie-Sprayer-2.webp” alt=”PTO Shaft for Nelson Hardie Sprayer” title_text=”PTO Shaft for Nelson Hardie Sprayer-2″ url=”https:\/\/korea-transmission.com\/product\/pto-shaft-for-nelson-hardie-airblast-orchard-sprayer-6800p\/” _builder_version=”4.27.5″ _module_preset=”default” global_colors_info=”{}”][\/et_pb_image][et_pb_text _builder_version=”4.27.5″ _module_preset=”default” global_colors_info=”{}”]<\/p>\n<h3><a href=\"https:\/\/korea-transmission.com\/fr\/produit\/pto-shaft-for-nelson-hardie-airblast-orchard-sprayer-6800p\/\">PTO Shaft for Nelson Hardie Airblast Orchard Sprayer 6800P<\/a><\/h3>\n<p>[\/et_pb_text][\/et_pb_column][et_pb_column type=”1_3″ _builder_version=”4.27.5″ _module_preset=”default” global_colors_info=”{}”][\/et_pb_column][\/et_pb_row][\/et_pb_section][et_pb_section fb_built=”1″ _builder_version=”4.27.5″ _module_preset=”default” custom_padding=”21px||19px|||” global_colors_info=”{}”][et_pb_row _builder_version=”4.27.5″ _module_preset=”default” global_colors_info=”{}”][et_pb_column type=”4_4″ _builder_version=”4.27.5″ _module_preset=”default” global_colors_info=”{}”][et_pb_text _builder_version=”4.27.5″ _module_preset=”default” header_2_font_size=”36px” global_colors_info=”{}”]<\/p>\n<h2>Arbre de prise de force pour pulv\u00e9risateur Pul-Blast arri\u00e8re<\/h2>\n<p>[\/et_pb_text][\/et_pb_column][\/et_pb_row][et_pb_row column_structure=”1_3,1_3,1_3″ _builder_version=”4.27.5″ _module_preset=”default” global_colors_info=”{}”][et_pb_column type=”1_3″ _builder_version=”4.27.5″ _module_preset=”default” global_colors_info=”{}”][et_pb_image src=”https:\/\/korea-transmission.com\/wp-content\/uploads\/2026\/05\/PTO-Shaft-for-Rears-Pul-Blast-Sprayer-1.webp” alt=”PTO Shaft for Rears Pul-Blast Sprayer” title_text=”PTO Shaft for Rears Pul-Blast Sprayer-1″ url=”https:\/\/korea-transmission.com\/product\/pto-shaft-for-rears-pul-blast-sprayer-100-200-300-400-500-gallon-tank\/” _builder_version=”4.27.5″ _module_preset=”default” global_colors_info=”{}”][\/et_pb_image][et_pb_text _builder_version=”4.27.5″ _module_preset=”default” global_colors_info=”{}”]<\/p>\n<h3><a href=\"https:\/\/korea-transmission.com\/fr\/produit\/pto-shaft-for-rears-pul-blast-sprayer-100-200-300-400-500-gallon-tank\/\">Arbre de prise de force arri\u00e8re pour pulv\u00e9risateur Pul-Blast, r\u00e9servoir de 100, 200, 300, 400 et 500 gallons<\/a><\/h3>\n<p>[\/et_pb_text][\/et_pb_column][et_pb_column type=”1_3″ _builder_version=”4.27.5″ _module_preset=”default” global_colors_info=”{}”][\/et_pb_column][et_pb_column type=”1_3″ _builder_version=”4.27.5″ _module_preset=”default” global_colors_info=”{}”][\/et_pb_column][\/et_pb_row][\/et_pb_section][et_pb_section fb_built=”1″ _builder_version=”4.27.5″ _module_preset=”default” custom_padding=”21px||19px|||” global_colors_info=”{}”][et_pb_row _builder_version=”4.27.5″ _module_preset=”default” global_colors_info=”{}”][et_pb_column type=”4_4″ _builder_version=”4.27.5″ _module_preset=”default” global_colors_info=”{}”][et_pb_text _builder_version=”4.27.5″ _module_preset=”default” header_2_font_size=”36px” global_colors_info=”{}”]<\/p>\n<h2>Arbre de prise de force pour pulv\u00e9risateur de verger \u00e0 \u00e9olienne<\/h2>\n<p>[\/et_pb_text][\/et_pb_column][\/et_pb_row][et_pb_row column_structure=”1_3,1_3,1_3″ _builder_version=”4.27.5″ _module_preset=”default” global_colors_info=”{}”][et_pb_column type=”1_3″ _builder_version=”4.27.5″ _module_preset=”default” global_colors_info=”{}”][et_pb_image src=”https:\/\/korea-transmission.com\/wp-content\/uploads\/2026\/05\/PTO-Shaft-for-Windmill-Orchard-Sprayer-1.webp” alt=”PTO Shaft for Windmill Orchard Sprayer” title_text=”PTO Shaft for Windmill Orchard Sprayer-1″ url=”https:\/\/korea-transmission.com\/product\/pto-shaft-for-windmill-orchard-sprayer-775-towed-sprayer\/” _builder_version=”4.27.5″ _module_preset=”default” global_colors_info=”{}”][\/et_pb_image][et_pb_text _builder_version=”4.27.5″ _module_preset=”default” global_colors_info=”{}”]<\/p>\n<h3><a href=\"https:\/\/korea-transmission.com\/fr\/produit\/pto-shaft-for-windmill-orchard-sprayer-775-towed-sprayer\/\">Arbre de prise de force pour pulv\u00e9risateur \u00e0 verger Windmill 775 Pulv\u00e9risateur tract\u00e9<\/a><\/h3>\n<p>[\/et_pb_text][\/et_pb_column][et_pb_column type=”1_3″ _builder_version=”4.27.5″ _module_preset=”default” global_colors_info=”{}”][et_pb_image src=”https:\/\/korea-transmission.com\/wp-content\/uploads\/2026\/05\/PTO-Shaft-for-Windmill-Orchard-Sprayer-2.webp” alt=”PTO Shaft for Windmill Orchard Sprayer” title_text=”PTO Shaft for Windmill Orchard Sprayer-2″ _builder_version=”4.27.5″ _module_preset=”default” hover_enabled=”0″ global_colors_info=”{}” url=”https:\/\/korea-transmission.com\/product\/pto-shaft-for-windmill-orchard-sprayer-1075-towed-sprayer\/” sticky_enabled=”0″][\/et_pb_image][et_pb_text _builder_version=”4.27.5″ _module_preset=”default” hover_enabled=”0″ global_colors_info=”{}” sticky_enabled=”0″]<\/p>\n<h3><a href=\"https:\/\/korea-transmission.com\/fr\/produit\/pto-shaft-for-windmill-orchard-sprayer-1075-towed-sprayer\/\">Arbre de prise de force pour pulv\u00e9risateur \u00e0 verger Windmill 1075 tract\u00e9<\/a><\/h3>\n<p>[\/et_pb_text][\/et_pb_column][et_pb_column type=”1_3″ _builder_version=”4.27.5″ _module_preset=”default” global_colors_info=”{}”][\/et_pb_column][\/et_pb_row][\/et_pb_section][et_pb_section fb_built=”1″ _builder_version=”4.27.5″ _module_preset=”default” custom_padding=”21px||19px|||” global_colors_info=”{}”][et_pb_row _builder_version=”4.27.5″ _module_preset=”default” global_colors_info=”{}”][et_pb_column type=”4_4″ _builder_version=”4.27.5″ _module_preset=”default” global_colors_info=”{}”][et_pb_text _builder_version=”4.27.5″ _module_preset=”default” header_2_font_size=”36px” global_colors_info=”{}”]<\/p>\n<h2>PTO Shaft for D&#038;M Orchard Sprayer<\/h2>\n<p>[\/et_pb_text][\/et_pb_column][\/et_pb_row][et_pb_row column_structure=”1_3,1_3,1_3″ _builder_version=”4.27.5″ _module_preset=”default” global_colors_info=”{}”][et_pb_column type=”1_3″ _builder_version=”4.27.5″ _module_preset=”default” global_colors_info=”{}”][et_pb_image src=”https:\/\/korea-transmission.com\/wp-content\/uploads\/2026\/05\/PTO-Shaft-for-DM-Orchard-Sprayer-1.webp” alt=”PTO Shaft for D&#038;M Orchard Sprayer” title_text=”PTO Shaft for D&#038;M Orchard Sprayer-1″ _builder_version=”4.27.5″ _module_preset=”default” hover_enabled=”0″ global_colors_info=”{}” url=”https:\/\/korea-transmission.com\/product\/pto-shaft-for-dm-orchard-sprayer-300-400-500-600-gallon-tank\/” sticky_enabled=”0″][\/et_pb_image][et_pb_text _builder_version=”4.27.5″ _module_preset=”default” hover_enabled=”0″ global_colors_info=”{}” sticky_enabled=”0″]<\/p>\n<h3><a href=\"https:\/\/korea-transmission.com\/fr\/produit\/pto-shaft-for-dm-orchard-sprayer-300-400-500-600-gallon-tank\/\">Arbre de prise de force pour pulv\u00e9risateur D&amp;M Orchard avec r\u00e9servoir de 300, 400, 500 et 600 gallons<\/a><\/h3>\n<p>[\/et_pb_text][\/et_pb_column][et_pb_column type=”1_3″ _builder_version=”4.27.5″ _module_preset=”default” global_colors_info=”{}”][\/et_pb_column][et_pb_column type=”1_3″ _builder_version=”4.27.5″ _module_preset=”default” global_colors_info=”{}”][\/et_pb_column][\/et_pb_row][\/et_pb_section]<\/p>","protected":false},"excerpt":{"rendered":"<p>PTO Shaft for SprayerA PTO shaft for a sprayer functions as a specialized driveline assembly that conveys rotational power directly from a tractor’s power take-off outlet to the implement’s pump and fan mechanisms. In orchard applications, it equips models such as the Nelson Hardie Air Blast Sprayer, Rears Pul-Blast Sprayer, Windmill Orchard Sprayer, and D&#038;M [&hellip;]<\/p>","protected":false},"author":2,"featured_media":0,"parent":0,"menu_order":0,"comment_status":"closed","ping_status":"closed","template":"","meta":{"_et_pb_use_builder":"on","_et_pb_old_content":"","_et_gb_content_width":"","footnotes":""},"class_list":["post-7299","page","type-page","status-publish","hentry"],"_links":{"self":[{"href":"https:\/\/korea-transmission.com\/fr\/wp-json\/wp\/v2\/pages\/7299","targetHints":{"allow":["GET"]}}],"collection":[{"href":"https:\/\/korea-transmission.com\/fr\/wp-json\/wp\/v2\/pages"}],"about":[{"href":"https:\/\/korea-transmission.com\/fr\/wp-json\/wp\/v2\/types\/page"}],"author":[{"embeddable":true,"href":"https:\/\/korea-transmission.com\/fr\/wp-json\/wp\/v2\/users\/2"}],"replies":[{"embeddable":true,"href":"https:\/\/korea-transmission.com\/fr\/wp-json\/wp\/v2\/comments?post=7299"}],"version-history":[{"count":15,"href":"https:\/\/korea-transmission.com\/fr\/wp-json\/wp\/v2\/pages\/7299\/revisions"}],"predecessor-version":[{"id":7391,"href":"https:\/\/korea-transmission.com\/fr\/wp-json\/wp\/v2\/pages\/7299\/revisions\/7391"}],"wp:attachment":[{"href":"https:\/\/korea-transmission.com\/fr\/wp-json\/wp\/v2\/media?parent=7299"}],"curies":[{"name":"wp","href":"https:\/\/api.w.org\/{rel}","templated":true}]}}