{"id":6328,"date":"2026-03-23T05:50:31","date_gmt":"2026-03-23T05:50:31","guid":{"rendered":"https:\/\/korea-transmission.com\/?page_id=6328"},"modified":"2026-03-25T07:39:07","modified_gmt":"2026-03-25T07:39:07","slug":"pto-shaft-for-square-baler","status":"publish","type":"page","link":"https:\/\/korea-transmission.com\/fi\/pto-shaft-for-square-baler\/","title":{"rendered":"PTO-akseli neli\u00f6paalaimelle"},"content":{"rendered":"<p>[et_pb_section fb_built=”1″ _builder_version=”4.27.5″ _module_preset=”default” use_background_color_gradient=”on” background_color_gradient_stops=”#ffffff 0%|rgba(255,255,255,0) 100%” background_color_gradient_overlays_image=”on” background_image=”https:\/\/korea-transmission.com\/wp-content\/uploads\/2026\/03\/0_PTO-Shaft-for-Square-Baler-2.webp” custom_padding=”100px||100px|||” global_colors_info=”{}”][et_pb_row _builder_version=”4.27.5″ _module_preset=”default” global_colors_info=”{}”][et_pb_column type=”4_4″ _builder_version=”4.27.5″ _module_preset=”default” global_colors_info=”{}”][et_pb_text _builder_version=”4.27.5″ _module_preset=”default” header_font_size=”60px” global_colors_info=”{}”]<\/p>\n<h1 style=\"text-align: center;\">PTO-akseli neli\u00f6paalaimelle<\/h1>\n<p>[\/et_pb_text][et_pb_text _builder_version=\u201d4.27.5\u2033 _module_preset=\u201doletus\u201d text_text_color=\u201d#333333\u2033 global_colors_info=\u201d{}\u201d]<\/p>\n<p style=\"text-align: center;\">Neli\u00f6paalainten nivelakseli toimii ensisijaisena mekaanisena linkkin\u00e4, joka siirt\u00e4\u00e4 py\u00f6rimisvoiman traktorin voimanotosta paalaimen sis\u00e4iseen voimansiirtoon. Se on suunniteltu erityisesti yhteensopivaksi New Hollandin, Hesstonin, John Deeren ja Kronen mallien kanssa ja k\u00e4ytt\u00e4\u00e4 olennaisia \u200b\u200btoimintoja, kuten noukkimen kelaa, sy\u00f6tt\u00f6haarukoita ja puristusm\u00e4nt\u00e4\u00e4, mik\u00e4 mahdollistaa tasaisen paalin muodostumisen vaativissa pelto-olosuhteissa. <\/p>\n<p>[\/et_pb_text][et_pb_button button_url=”#contacts” button_text=”Request A Quote” button_alignment=”center” _builder_version=”4.27.5″ _module_preset=”default” custom_button=”on” button_text_color=”#333333″ global_colors_info=”{}”][\/et_pb_button][\/et_pb_column][\/et_pb_row][\/et_pb_section][et_pb_section fb_built=”1″ _builder_version=”4.27.5″ _module_preset=”default” custom_padding=”||20px|||” global_colors_info=”{}”][et_pb_row _builder_version=”4.27.5″ _module_preset=”default” global_colors_info=”{}”][et_pb_column type=”4_4″ _builder_version=”4.27.5″ _module_preset=”default” global_colors_info=”{}”][et_pb_text _builder_version=”4.27.5″ _module_preset=”default” header_2_font_size=”36px” global_colors_info=”{}”]<\/p>\n<h2>Neli\u00f6paalaimen nivelakselityypit<\/h2>\n<p>[\/et_pb_text][et_pb_text _builder_version=”4.27.5″ _module_preset=”default” global_colors_info=”{}”]The PTO shaft for square balers serves as the primary mechanical link that transfers rotational power from a tractor\u2019s power take-off outlet to the baler\u2019s internal drivetrain. Engineered specifically for compatibility with models from New Holland, Hesston, John Deere, and Krone, it drives essential operations including the pickup reel, feeder forks, and compression plunger, enabling consistent bale formation under demanding field conditions. Constructed from durable tubular steel with telescopic sections and protected universal joints, the shaft adjusts to varying tractor-to-baler distances while maintaining smooth torque delivery. Proper installation and regular lubrication of this component directly influence baler throughput, reduce vibration-related wear, and extend overall service life, making it indispensable for efficient hay and straw harvesting in modern agricultural operations.[\/et_pb_text][\/et_pb_column][\/et_pb_row][\/et_pb_section][et_pb_section fb_built=”1″ _builder_version=”4.27.5″ _module_preset=”default” custom_padding=”20px||22px|||” global_colors_info=”{}”][et_pb_row _builder_version=”4.27.5″ _module_preset=”default” global_colors_info=”{}”][et_pb_column type=”4_4″ _builder_version=”4.27.5″ _module_preset=”default” global_colors_info=”{}”][et_pb_text _builder_version=”4.27.5″ _module_preset=”default” header_2_font_size=”36px” global_colors_info=”{}”]<\/p>\n<h2>Nivelakseli New Holland -kanttipaalaimeen<\/h2>\n<p>[\/et_pb_text][\/et_pb_column][\/et_pb_row][et_pb_row column_structure=”1_3,1_3,1_3″ _builder_version=”4.27.5″ _module_preset=”default” global_colors_info=”{}”][et_pb_column type=”1_3″ _builder_version=”4.27.5″ _module_preset=”default” global_colors_info=”{}”][et_pb_image src=”https:\/\/korea-transmission.com\/wp-content\/uploads\/2026\/03\/0_PTO-Shaft-for-New-Holland-Square-Baler-1.webp” alt=”PTO Shaft for New Holland Square Baler” title_text=”0_PTO Shaft for New Holland Square Baler-1″ _builder_version=”4.27.5″ _module_preset=”default” hover_enabled=”0″ global_colors_info=”{}” url=”https:\/\/korea-transmission.com\/product\/pto-shaft-for-new-holland-square-baler-bigbaler-330-340\/” sticky_enabled=”0″][\/et_pb_image][et_pb_text _builder_version=”4.27.5″ _module_preset=”default” hover_enabled=”0″ global_colors_info=”{}” sticky_enabled=”0″]<\/p>\n<h3 style=\"text-align: left;\"><a href=\"https:\/\/korea-transmission.com\/fi\/tuote\/pto-shaft-for-new-holland-square-baler-bigbaler-330-340\/\">Nivelakseli New Holland Bigbaler 330, 340 -kanttipaalaimiin<\/a><\/h3>\n<p>[\/et_pb_text][\/et_pb_column][et_pb_column type=”1_3″ _builder_version=”4.27.5″ _module_preset=”default” global_colors_info=”{}”][et_pb_image src=”https:\/\/korea-transmission.com\/wp-content\/uploads\/2026\/03\/0_PTO-Shaft-for-New-Holland-Square-Baler-2.webp” alt=”PTO Shaft for New Holland Square Baler” title_text=”0_PTO Shaft for New Holland Square Baler-2″ _builder_version=”4.27.5″ _module_preset=”default” hover_enabled=”0″ global_colors_info=”{}” url=”https:\/\/korea-transmission.com\/product\/pto-shaft-for-new-holland-square-balers-bb9050-bb9060-bb9070-bb9080\/” sticky_enabled=”0″][\/et_pb_image][et_pb_text _builder_version=”4.27.5″ _module_preset=”default” hover_enabled=”0″ global_colors_info=”{}” sticky_enabled=”0″]<\/p>\n<h3 style=\"text-align: left;\"><a href=\"https:\/\/korea-transmission.com\/fi\/tuote\/pto-shaft-for-new-holland-square-balers-bb9050-bb9060-bb9070-bb9080\/\">Nivelakseli New Hollandin kanttipaalaimiin BB9050, BB9060, BB9070, BB9080<\/a><\/h3>\n<p>[\/et_pb_text][\/et_pb_column][et_pb_column type=”1_3″ _builder_version=”4.27.5″ _module_preset=”default” global_colors_info=”{}”][\/et_pb_column][\/et_pb_row][\/et_pb_section][et_pb_section fb_built=”1″ _builder_version=”4.27.5″ _module_preset=”default” custom_padding=”27px||22px|||” global_colors_info=”{}”][et_pb_row _builder_version=”4.27.5″ _module_preset=”default” global_colors_info=”{}”][et_pb_column type=”4_4″ _builder_version=”4.27.5″ _module_preset=”default” global_colors_info=”{}”][et_pb_text _builder_version=”4.27.5″ _module_preset=”default” header_2_font_size=”36px” global_colors_info=”{}”]<\/p>\n<h2>John Deere -kanttipaalaimen nivelakseli<\/h2>\n<p>[\/et_pb_text][\/et_pb_column][\/et_pb_row][et_pb_row column_structure=”1_3,1_3,1_3″ _builder_version=”4.27.5″ _module_preset=”default” global_colors_info=”{}”][et_pb_column type=”1_3″ _builder_version=”4.27.5″ _module_preset=”default” global_colors_info=”{}”][et_pb_image src=”https:\/\/korea-transmission.com\/wp-content\/uploads\/2026\/03\/0_PTO-Shaft-for-John-Deere-Square-Baler-1.webp” alt=”PTO Shaft for John Deere Square Baler” title_text=”0_PTO Shaft for John Deere Square Baler-1″ _builder_version=”4.27.5″ _module_preset=”default” hover_enabled=”0″ global_colors_info=”{}” url=”https:\/\/korea-transmission.com\/product\/pto-shaft-for-john-deere-square-balers-100\/” sticky_enabled=”0″][\/et_pb_image][et_pb_text _builder_version=”4.27.5″ _module_preset=”default” hover_enabled=”0″ global_colors_info=”{}” sticky_enabled=”0″]<\/p>\n<h3 style=\"text-align: left;\"><a href=\"https:\/\/korea-transmission.com\/fi\/tuote\/pto-shaft-for-john-deere-square-balers-100\/\">John Deere -kanttipaalainten nivelakseli 100<\/a><\/h3>\n<p>[\/et_pb_text][\/et_pb_column][et_pb_column type=”1_3″ _builder_version=”4.27.5″ _module_preset=”default” global_colors_info=”{}”][\/et_pb_column][et_pb_column type=”1_3″ _builder_version=”4.27.5″ _module_preset=”default” global_colors_info=”{}”][\/et_pb_column][\/et_pb_row][\/et_pb_section][et_pb_section fb_built=”1″ _builder_version=”4.27.5″ _module_preset=”default” custom_padding=”27px||22px|||” global_colors_info=”{}”][et_pb_row _builder_version=”4.27.5″ _module_preset=”default” global_colors_info=”{}”][et_pb_column type=”4_4″ _builder_version=”4.27.5″ _module_preset=”default” global_colors_info=”{}”][et_pb_text _builder_version=”4.27.5″ _module_preset=”default” header_2_font_size=”36px” global_colors_info=”{}”]<\/p>\n<h2>Hesstonin neli\u00f6paalaimen nivelakseli<\/h2>\n<p>[\/et_pb_text][\/et_pb_column][\/et_pb_row][et_pb_row column_structure=”1_3,1_3,1_3″ _builder_version=”4.27.5″ _module_preset=”default” global_colors_info=”{}”][et_pb_column type=”1_3″ _builder_version=”4.27.5″ _module_preset=”default” global_colors_info=”{}”][et_pb_image src=”https:\/\/korea-transmission.com\/wp-content\/uploads\/2026\/03\/0_PTO-Shaft-for-Hesston-Square-Baler-1.webp” alt=”PTO Shaft for Hesston Square Baler” title_text=”0_PTO Shaft for Hesston Square Baler-1″ _builder_version=”4.27.5″ _module_preset=”default” hover_enabled=”0″ global_colors_info=”{}” url=”https:\/\/korea-transmission.com\/product\/pto-shaft-for-hesston-square-balers-4690-4690s\/” sticky_enabled=”0″][\/et_pb_image][et_pb_text _builder_version=”4.27.5″ _module_preset=”default” hover_enabled=”0″ global_colors_info=”{}” sticky_enabled=”0″]<\/p>\n<h3 style=\"text-align: left;\"><a href=\"https:\/\/korea-transmission.com\/fi\/tuote\/pto-shaft-for-hesston-square-balers-4690-4690s\/\">Nivelakseli Hesstonin neli\u00f6paalaimeen 4690, 4690S<\/a><\/h3>\n<p>[\/et_pb_text][\/et_pb_column][et_pb_column type=”1_3″ _builder_version=”4.27.5″ _module_preset=”default” global_colors_info=”{}”][\/et_pb_column][et_pb_column type=”1_3″ _builder_version=”4.27.5″ _module_preset=”default” global_colors_info=”{}”][\/et_pb_column][\/et_pb_row][\/et_pb_section][et_pb_section fb_built=”1″ _builder_version=”4.27.5″ _module_preset=”default” custom_padding=”27px||22px|||” global_colors_info=”{}”][et_pb_row _builder_version=”4.27.5″ _module_preset=”default” global_colors_info=”{}”][et_pb_column type=”4_4″ _builder_version=”4.27.5″ _module_preset=”default” global_colors_info=”{}”][et_pb_text _builder_version=”4.27.5″ _module_preset=”default” header_2_font_size=”36px” global_colors_info=”{}”]<\/p>\n<h2>Krone-kanttipaalaimen nivelakseli<\/h2>\n<p>[\/et_pb_text][\/et_pb_column][\/et_pb_row][et_pb_row column_structure=”1_3,1_3,1_3″ _builder_version=”4.27.5″ _module_preset=”default” global_colors_info=”{}”][et_pb_column type=”1_3″ _builder_version=”4.27.5″ _module_preset=”default” global_colors_info=”{}”][et_pb_image src=”https:\/\/korea-transmission.com\/wp-content\/uploads\/2026\/03\/0_PTO-Shaft-for-Krone-Square-Baler-1.webp” alt=”PTO Shaft for Krone Square Baler” title_text=”0_PTO Shaft for Krone Square Baler-1″ _builder_version=”4.27.5″ _module_preset=”default” hover_enabled=”0″ global_colors_info=”{}” url=”https:\/\/korea-transmission.com\/product\/pto-shaft-for-krone-big-pack-large-square-balers-890-1270-1290-1290-hdp-1290-xc-12130-hdp-12130-xc\/” sticky_enabled=”0″][\/et_pb_image][et_pb_text _builder_version=”4.27.5″ _module_preset=”default” hover_enabled=”0″ global_colors_info=”{}” sticky_enabled=”0″]<\/p>\n<h3 style=\"text-align: left;\"><a href=\"https:\/\/korea-transmission.com\/fi\/tuote\/pto-shaft-for-krone-big-pack-large-square-balers-890-1270-1290-1290-hdp-1290-xc-12130-hdp-12130-xc\/\">Nivelakseli Krone BiG Pack MultiBale -suurkanttipaalaimiin 890, 1270, 1290, 1290 HDP, 1290 XC, 12130 HDP, 12130 XC<\/a><\/h3>\n<p>[\/et_pb_text][\/et_pb_column][et_pb_column type=\u201d1_3\u2033 _builder_version=\u201d4.27.5\u2033 _module_preset=\u201doletus\u201d global_colors_info=\u201d{}\u201d][\/et_pb_column][et_pb_column type=\u201d1_3\u2033 _builder_version=\u201d4.27.5\u2033 _module_preset=\u201doletus\u201d global_colors_info=\u201d{}\u201d][\/et_pb_column][\/et_pb_row][\/et_pb_section]<\/p>","protected":false},"excerpt":{"rendered":"<p>PTO Shaft for Square BalerThe PTO shaft for square balers serves as the primary mechanical link that transfers rotational power from a tractor\u2019s power take-off outlet to the baler\u2019s internal drivetrain. Engineered specifically for compatibility with models from New Holland, Hesston, John Deere, and Krone, it drives essential operations including the pickup reel, feeder forks, [&hellip;]<\/p>","protected":false},"author":2,"featured_media":0,"parent":0,"menu_order":0,"comment_status":"closed","ping_status":"closed","template":"","meta":{"_et_pb_use_builder":"on","_et_pb_old_content":"","_et_gb_content_width":"","footnotes":""},"class_list":["post-6328","page","type-page","status-publish","hentry"],"_links":{"self":[{"href":"https:\/\/korea-transmission.com\/fi\/wp-json\/wp\/v2\/pages\/6328","targetHints":{"allow":["GET"]}}],"collection":[{"href":"https:\/\/korea-transmission.com\/fi\/wp-json\/wp\/v2\/pages"}],"about":[{"href":"https:\/\/korea-transmission.com\/fi\/wp-json\/wp\/v2\/types\/page"}],"author":[{"embeddable":true,"href":"https:\/\/korea-transmission.com\/fi\/wp-json\/wp\/v2\/users\/2"}],"replies":[{"embeddable":true,"href":"https:\/\/korea-transmission.com\/fi\/wp-json\/wp\/v2\/comments?post=6328"}],"version-history":[{"count":14,"href":"https:\/\/korea-transmission.com\/fi\/wp-json\/wp\/v2\/pages\/6328\/revisions"}],"predecessor-version":[{"id":6432,"href":"https:\/\/korea-transmission.com\/fi\/wp-json\/wp\/v2\/pages\/6328\/revisions\/6432"}],"wp:attachment":[{"href":"https:\/\/korea-transmission.com\/fi\/wp-json\/wp\/v2\/media?parent=6328"}],"curies":[{"name":"wp","href":"https:\/\/api.w.org\/{rel}","templated":true}]}}