{"id":6244,"date":"2026-03-20T07:15:22","date_gmt":"2026-03-20T07:15:22","guid":{"rendered":"https:\/\/korea-transmission.com\/?page_id=6244"},"modified":"2026-03-23T05:23:47","modified_gmt":"2026-03-23T05:23:47","slug":"pto-shaft-for-round-baler","status":"publish","type":"page","link":"https:\/\/korea-transmission.com\/fi\/pto-shaft-for-round-baler\/","title":{"rendered":"Py\u00f6r\u00f6paalaimen nivelakseli"},"content":{"rendered":"<p>[et_pb_section fb_built=\u201d1\u2033 _builder_version=\u201d4.27.5\u2033 _module_preset=\u201ddefault\u201d use_background_color_gradient=\u201don\u201d background_color_gradient_stops=\u201d#ffffff 0%|rgba(255,255,255,0) 100%\u201d background_color_gradient_overlays_image=\u201don\u201d background_image=\u201dhttps:\/\/korea-transmission.com\/wp-content\/uploads\/2026\/03\/0_PTO-Shaft-for-Round-Baler-1.webp\u201d custom_padding=\u201d100px||80px|||\u201d global_colors_info=\u201d{}\u201d][et_pb_row _builder_version=\u201d4.27.5\u2033 _module_preset=\u201doletus\u201d custom_margin=\u201d|auto|52px|auto||\u201d global_colors_info=\u201d{}\u201d][et_pb_column type=\u201d4_4\u2033 _builder_version=\u201d4.27.5\u2033 _module_preset=\u201doletus\u201d global_colors_info=\u201d{}\u201d][et_pb_text _builder_version=\u201d4.27.5\u2033 _module_preset=\u201doletus\u201d header_font_size=\u201d60px\u201d global_colors_info=\u201d{}\u201d]<\/p>\n<h1 style=\"text-align: center;\">Py\u00f6r\u00f6paalaimen nivelakseli<\/h1>\n<p>[\/et_pb_text][et_pb_text _builder_version=\u201d4.27.5\u2033 _module_preset=\u201doletus\u201d text_text_color=\u201d#333333\u2033 global_colors_info=\u201d{}\u201d]<\/p>\n<p style=\"text-align: center;\">Voimanottoakseli (PTO) on py\u00f6r\u00f6paalainten voimansiirron kriittinen osa, joka on suunniteltu siirt\u00e4m\u00e4\u00e4n py\u00f6rimisvoimaa traktorin moottorista paalaimen ty\u00f6mekanismeihin, kuten noukkimeen, puristusteloihin ja verkko- tai narusidontaj\u00e4rjestelm\u00e4\u00e4n. Se on laajalti yhteensopiva t\u00e4rkeimpien py\u00f6r\u00f6paalainmerkkien, kuten Kronen, New Hollandin, CASE IH:n ja John Deeren, kanssa.<\/p>\n<p>[\/et_pb_text][et_pb_button button_url=\u201d#contacts\u201d button_text=\u201dPyyd\u00e4 tarjous\u201d button_alignment=\u201dcenter\u201d _builder_version=\u201d4.27.5\u2033 _module_preset=\u201ddefault\u201d custom_button=\u201don\u201d button_text_color=\u201d#333333\u2033 global_colors_info=\u201d{}\u201d][\/et_pb_button][\/et_pb_column][\/et_pb_row][\/et_pb_section][et_pb_section fb_built=\u201d1\u2033 _builder_version=\u201d4.27.5\u2033 _module_preset=\u201ddefault\u201d custom_padding=\u201d||25px|||\u201d global_colors_info=\u201d{}\u201d][et_pb_row _builder_version=\u201d4.27.5\u2033 _module_preset=\u201doletus\u201d custom_padding=\u201d||23px|||\u201d global_colors_info=\u201d{}\u201d][et_pb_column type=\u201d4_4\u2033 _builder_version=\u201d4.27.5\u2033 _module_preset=\u201doletus\u201d global_colors_info=\u201d{}\u201d][et_pb_text _builder_version=\u201d4.27.5\u2033 _module_preset=\u201doletus\u201d header_2_font_size=\u201d36px\u201d global_colors_info=\u201d{}\u201d]<\/p>\n<h2>Py\u00f6r\u00f6paalaimen nivelakselityypit<\/h2>\n<p>[\/et_pb_text][et_pb_text _builder_version=\u201d4.27.5\u2033 _module_preset=\u201ddefault\u201d global_colors_info=\u201d{}\u201d]PTO-akseli on py\u00f6r\u00f6paalainten voimansiirron kriittinen osa, joka on suunniteltu siirt\u00e4m\u00e4\u00e4n py\u00f6rimisvoimaa traktorin moottorista paalaimen ty\u00f6mekanismeihin, kuten noukkimeen, puristusteloihin ja verkko- tai narusidontaj\u00e4rjestelm\u00e4\u00e4n. Se on laajalti yhteensopiva suurten py\u00f6r\u00f6paalainmerkkien, kuten Kronen, New Hollandin, CASE IH:n ja John Deeren, kanssa. PTO-akselissa on tyypillisesti teleskooppirakenne, jossa on nivelet molemmissa p\u00e4iss\u00e4, mink\u00e4 ansiosta se mukautuu traktorin ja paalaimen v\u00e4lisiin kulma- ja et\u00e4isyysvaihteluihin peltok\u00e4yt\u00f6n aikana. Se on my\u00f6s varustettu suojauksella k\u00e4ytt\u00e4j\u00e4n turvallisuuden varmistamiseksi. Sopivaa PTO-akselia valittaessa on otettava huomioon t\u00e4rkeimm\u00e4t tekij\u00e4t, kuten nopeuden yhteensopivuus (yleens\u00e4 540 RPM tai 1000 RPM), v\u00e4\u00e4nt\u00f6momenttikapasiteetti, akselin halkaisijan tiedot ja mallikohtainen sovitus, jotka kaikki ovat olennaisia \u200b\u200btehokkaan, luotettavan ja turvallisen k\u00e4yt\u00f6n varmistamiseksi. paalausteho maataloustoiminnassa.[\/et_pb_text][\/et_pb_column][\/et_pb_row][\/et_pb_section][et_pb_section fb_built=\u201d1\u2033 _builder_version=\u201d4.27.5\u2033 _module_preset=\u201doletus\u201d custom_padding=\u201d24px|||||\u201d global_colors_info=\u201d{}\u201d][et_pb_row _builder_version=\u201d4.27.5\u2033 _module_preset=\u201doletus\u201d custom_padding=\u201d19px||19px|||\u201d global_colors_info=\u201d{}\u201d][et_pb_column type=\u201d4_4\u2033 _builder_version=\u201d4.27.5\u2033 _module_preset=\u201doletus\u201d global_colors_info=\u201d{}\u201d][et_pb_text _builder_version=\u201d4.27.5\u2033 _module_preset=\u201doletus\u201d header_2_font_size=\u201d36px\u201d global_colors_info=\u201d{}\u201d]<\/p>\n<h2>John Deere -py\u00f6r\u00f6paalaimen nivelakseli<\/h2>\n<p>[\/et_pb_text][\/et_pb_column][\/et_pb_row][et_pb_row column_structure=\u201d1_3,1_3,1_3\u2033 _builder_version=\u201d4.27.5\u2033 _module_preset=\u201ddefault\u201d global_colors_info=\u201d{}\u201d][et_pb_column type=\u201d1_3\u2033 _builder_version=\u201d4.27.5\u2033 _module_preset=\u201ddefault\u201d global_colors_info=\u201d{}\u201d][et_pb_image src=\u201dhttps:\/\/korea-transmission.com\/wp-content\/uploads\/2026\/03\/0_PTO-Shaft-for-John-Deere-Round-Baler-1.webp\u201d alt=\u201dVoimanottoakseli John Deere -py\u00f6r\u00f6paalaimeen\u201d title_text=\u201d0_Voimanottoakseli John Deere -py\u00f6r\u00f6paalaimeen-1\u2033 url=\u201dhttps:\/\/korea-transmission.com\/product\/pto-shaft-for-john-deere-round-balers-469-569\/\u201d _builder_version=\u201d4.27.5\u2033 _module_preset=\u201doletus\u201d global_colors_info=\u201d{}\u201d][\/et_pb_image][et_pb_text _builder_version=\u201d4.27.5\u2033 _module_preset=\u201doletus\u201d global_colors_info=\u201d{}\u201d]<\/p>\n<h3><a href=\"https:\/\/korea-transmission.com\/fi\/tuote\/pto-shaft-for-john-deere-round-balers-469-569\/\">John Deere -py\u00f6r\u00f6paalainten nivelakseli 469, 569<\/a><\/h3>\n<p>[\/et_pb_text][\/et_pb_column][et_pb_column type=\u201d1_3\u2033 _builder_version=\u201d4.27.5\u2033 _module_preset=\u201ddefault\u201d global_colors_info=\u201d{}\u201d][et_pb_image src=\u201dhttps:\/\/korea-transmission.com\/wp-content\/uploads\/2026\/03\/0_PTO-Shaft-for-John-Deere-Round-Baler-2.webp\u201d alt=\u201dVoimanottoakseli John Deere -py\u00f6r\u00f6paalaimeen\u201d title_text=\u201d0_Voimanottoakseli John Deere -py\u00f6r\u00f6paalaimeen-2\u2033 url=\u201dhttps:\/\/korea-transmission.com\/product\/pto-shaft-for-john-deere-round-balers-447-449-457-458-459-467-468-469-547\/\u201d _builder_version=\u201d4.27.5\u2033 _module_preset=\u201doletus\u201d global_colors_info=\u201d{}\u201d][\/et_pb_image][et_pb_text _builder_version=\u201d4.27.5\u2033 _module_preset=\u201doletus\u201d global_colors_info=\u201d{}\u201d]<\/p>\n<h3><a href=\"https:\/\/korea-transmission.com\/fi\/tuote\/pto-shaft-for-john-deere-round-balers-447-449-457-458-459-467-468-469-547\/\">Nivelakseli John Deere -py\u00f6r\u00f6paalaimiin 447, 449, 457, 458, 459, 467, 468, 469, 547<\/a><\/h3>\n<p>[\/et_pb_text][\/et_pb_column][et_pb_column type=\u201d1_3\u2033 _builder_version=\u201d4.27.5\u2033 _module_preset=\u201doletus\u201d global_colors_info=\u201d{}\u201d][\/et_pb_column][\/et_pb_row][\/et_pb_section][et_pb_section fb_built=\u201d1\u2033 _builder_version=\u201d4.27.5\u2033 _module_preset=\u201doletus\u201d custom_padding=\u201d24px|||||\u201d global_colors_info=\u201d{}\u201d][et_pb_row _builder_version=\u201d4.27.5\u2033 _module_preset=\u201doletus\u201d custom_padding=\u201d19px||19px|||\u201d global_colors_info=\u201d{}\u201d][et_pb_column type=\u201d4_4\u2033 _builder_version=\u201d4.27.5\u2033 _module_preset=\u201doletus\u201d global_colors_info=\u201d{}\u201d][et_pb_text _builder_version=\u201d4.27.5\u2033 _module_preset=\u201doletus\u201d header_2_font_size=\u201d36px\u201d global_colors_info=\u201d{}\u201d]<\/p>\n<h2>Nivelakseli New Holland -py\u00f6r\u00f6paalaimeen<\/h2>\n<p>[\/et_pb_text][\/et_pb_column][\/et_pb_row][et_pb_row column_structure=\u201d1_3,1_3,1_3\u2033 _builder_version=\u201d4.27.5\u2033 _module_preset=\u201ddefault\u201d global_colors_info=\u201d{}\u201d][et_pb_column type=\u201d1_3\u2033 _builder_version=\u201d4.27.5\u2033 _module_preset=\u201ddefault\u201d global_colors_info=\u201d{}\u201d][et_pb_image src=\u201dhttps:\/\/korea-transmission.com\/wp-content\/uploads\/2026\/03\/0_PTO-Shaft-for-New-Holland-Round-Baler-1.webp\u201d alt=\u201dVoimanottoakseli New Holland -py\u00f6r\u00f6paalaimeen\u201d title_text=\u201d0_Voimanottoakseli New Holland -py\u00f6r\u00f6paalaimeen-1\u2033 url=\u201dhttps:\/\/korea-transmission.com\/product\/pto-shaft-for-new-holland-round-balers-br7050-br7060-br7070-br7080-br7090\/\u201d _builder_version=\u201d4.27.5\u2033 _module_preset=\u201doletus\u201d global_colors_info=\u201d{}\u201d][\/et_pb_image][et_pb_text _builder_version=\u201d4.27.5\u2033 _module_preset=\u201doletus\u201d global_colors_info=\u201d{}\u201d]<\/p>\n<h3><a href=\"https:\/\/korea-transmission.com\/fi\/tuote\/pto-shaft-for-new-holland-round-balers-br7050-br7060-br7070-br7080-br7090\/\">Nivelakseli New Holland -py\u00f6r\u00f6paalaimiin BR7050, BR7060, BR7070, BR7080, BR7090<\/a><\/h3>\n<p>[\/et_pb_text][\/et_pb_column][et_pb_column type=\u201d1_3\u2033 _builder_version=\u201d4.27.5\u2033 _module_preset=\u201doletus\u201d global_colors_info=\u201d{}\u201d][\/et_pb_column][et_pb_column type=\u201d1_3\u2033 _builder_version=\u201d4.27.5\u2033 _module_preset=\u201doletus\u201d global_colors_info=\u201d{}\u201d][\/et_pb_column][\/et_pb_row][\/et_pb_section][et_pb_section fb_built=\u201d1\u2033 _builder_version=\u201d4.27.5\u2033 _module_preset=\u201doletus\u201d custom_padding=\u201d24px|||||\u201d global_colors_info=\u201d{}\u201d][et_pb_row _builder_version=\u201d4.27.5\u2033 _module_preset=\u201doletus\u201d custom_padding=\u201d19px||19px|||\u201d global_colors_info=\u201d{}\u201d][et_pb_column type=\u201d4_4\u2033 _builder_version=\u201d4.27.5\u2033 _module_preset=\u201doletus\u201d global_colors_info=\u201d{}\u201d][et_pb_text _builder_version=\u201d4.27.5\u2033 _module_preset=\u201doletus\u201d header_2_font_size=\u201d36px\u201d global_colors_info=\u201d{}\u201d]<\/p>\n<h2>Case IH -py\u00f6r\u00f6paalaimen nivelakseli<\/h2>\n<p>[\/et_pb_text][\/et_pb_column][\/et_pb_row][et_pb_row column_structure=\u201d1_3,1_3,1_3\u2033 _builder_version=\u201d4.27.5\u2033 _module_preset=\u201ddefault\u201d global_colors_info=\u201d{}\u201d][et_pb_column type=\u201d1_3\u2033 _builder_version=\u201d4.27.5\u2033 _module_preset=\u201ddefault\u201d global_colors_info=\u201d{}\u201d][et_pb_image src=\u201dhttps:\/\/korea-transmission.com\/wp-content\/uploads\/2026\/03\/0_PTO-Shaft-for-Case-IH-Round-Baler-1.webp\u201d alt=\u201dVoimanottoakseli Case IH -py\u00f6r\u00f6paalaimeen\u201d title_text=\u201d0_Voimanottoakseli Case IH -py\u00f6r\u00f6paalaimeen-1\u2033 _builder_version=\u201d4.27.5\u2033 _module_preset=\u201doletus\u201d hover_enabled=\u201d0\u2033 global_colors_info=\u201d{}\u201d url=\u201dhttps:\/\/korea-transmission.com\/product\/pto-shaft-for-case-ih-round-balers-rb444-rb454-rb455a-rb464-rb554-rb564\/\u201d sticky_enabled=\u201d0\u2033][\/et_pb_image][et_pb_text _builder_version=\u201d4.27.5\u2033 _module_preset=\u201doletus\u201d hover_enabled=\u201d0\u2033 global_colors_info=\u201d{}\u201d sticky_enabled=\u201d0\u2033]<\/p>\n<h3><a href=\"https:\/\/korea-transmission.com\/fi\/tuote\/pto-shaft-for-case-ih-round-balers-rb444-rb454-rb455a-rb464-rb554-rb564\/\">Nivelakseli Case IH -py\u00f6r\u00f6paalaimiin RB444, RB454, RB455A, RB464, RB554, RB564<\/a><\/h3>\n<p>[\/et_pb_text][\/et_pb_column][et_pb_column type=\u201d1_3\u2033 _builder_version=\u201d4.27.5\u2033 _module_preset=\u201doletus\u201d global_colors_info=\u201d{}\u201d][\/et_pb_column][et_pb_column type=\u201d1_3\u2033 _builder_version=\u201d4.27.5\u2033 _module_preset=\u201doletus\u201d global_colors_info=\u201d{}\u201d][\/et_pb_column][\/et_pb_row][\/et_pb_section][et_pb_section fb_built=\u201d1\u2033 _builder_version=\u201d4.27.5\u2033 _module_preset=\u201doletus\u201d custom_padding=\u201d24px|||||\u201d global_colors_info=\u201d{}\u201d][et_pb_row _builder_version=\u201d4.27.5\u2033 _module_preset=\u201doletus\u201d custom_padding=\u201d19px||19px|||\u201d global_colors_info=\u201d{}\u201d][et_pb_column type=\u201d4_4\u2033 _builder_version=\u201d4.27.5\u2033 _module_preset=\u201doletus\u201d global_colors_info=\u201d{}\u201d][et_pb_text _builder_version=\u201d4.27.5\u2033 _module_preset=\u201doletus\u201d header_2_font_size=\u201d36px\u201d global_colors_info=\u201d{}\u201d]<\/p>\n<h2>Krone-py\u00f6r\u00f6paalaimen nivelakseli<\/h2>\n<p>[\/et_pb_text][\/et_pb_column][\/et_pb_row][et_pb_row column_structure=\u201d1_3,1_3,1_3\u2033 _builder_version=\u201d4.27.5\u2033 _module_preset=\u201ddefault\u201d global_colors_info=\u201d{}\u201d][et_pb_column type=\u201d1_3\u2033 _builder_version=\u201d4.27.5\u2033 _module_preset=\u201ddefault\u201d global_colors_info=\u201d{}\u201d][et_pb_image src=\u201dhttps:\/\/korea-transmission.com\/wp-content\/uploads\/2026\/03\/0_PTO-Shaft-for-Krone-Round-Baler-1.webp\u201d alt=\u201dVoimanottoakseli Krone-py\u00f6r\u00f6paalaimeen\u201d title_text=\u201d0_Voimanottoakseli Krone-py\u00f6r\u00f6paalaimeen-1\u2033 _builder_version=\u201d4.27.5\u2033 _module_preset=\u201doletus\u201d hover_enabled=\u201d0\u2033 global_colors_info=\u201d{}\u201d url=\u201dhttps:\/\/korea-transmission.com\/product\/pto-shaft-for-krone-round-balers-kr100-kr130-kr155-kr160-v-1500-v-1500-mc-v-1800-mc\/\u201d sticky_enabled=\u201d0\u2033][\/et_pb_image][et_pb_text _builder_version=\u201d4.27.5\u2033 _module_preset=\u201doletus\u201d hover_enabled=\u201d0\u2033 global_colors_info=\u201d{}\u201d sticky_enabled=\u201d0\u2033]<\/p>\n<h3><a href=\"https:\/\/korea-transmission.com\/fi\/tuote\/pto-shaft-for-krone-round-balers-kr100-kr130-kr155-kr160-v-1500-v-1500-mc-v-1800-mc\/\">Nivelakseli Krone-py\u00f6r\u00f6paalaimiin KR100, KR130, KR155, KR160, V 1500, V 1500 MC, V 1800 MC<\/a><\/h3>\n<p>[\/et_pb_text][\/et_pb_column][et_pb_column type=\u201d1_3\u2033 _builder_version=\u201d4.27.5\u2033 _module_preset=\u201doletus\u201d global_colors_info=\u201d{}\u201d][\/et_pb_column][et_pb_column type=\u201d1_3\u2033 _builder_version=\u201d4.27.5\u2033 _module_preset=\u201doletus\u201d global_colors_info=\u201d{}\u201d][\/et_pb_column][\/et_pb_row][\/et_pb_section]<\/p>","protected":false},"excerpt":{"rendered":"<p>Py\u00f6r\u00f6paalaimen voimanottoakseliPotenttiakseli on py\u00f6r\u00f6paalainten voimansiirron kriittinen osa, joka on suunniteltu siirt\u00e4m\u00e4\u00e4n py\u00f6rimisvoimaa traktorin moottorista paalaimen ty\u00f6mekanismeihin, kuten noukkimeen, puristusteloihin ja verkko- tai narusidontaj\u00e4rjestelm\u00e4\u00e4n. Se on laajalti yhteensopiva t\u00e4rkeimpien py\u00f6r\u00f6paalainmerkkien, kuten [\u2026]<\/p>","protected":false},"author":2,"featured_media":0,"parent":0,"menu_order":0,"comment_status":"closed","ping_status":"closed","template":"","meta":{"_et_pb_use_builder":"on","_et_pb_old_content":"","_et_gb_content_width":"","footnotes":""},"class_list":["post-6244","page","type-page","status-publish","hentry"],"_links":{"self":[{"href":"https:\/\/korea-transmission.com\/fi\/wp-json\/wp\/v2\/pages\/6244","targetHints":{"allow":["GET"]}}],"collection":[{"href":"https:\/\/korea-transmission.com\/fi\/wp-json\/wp\/v2\/pages"}],"about":[{"href":"https:\/\/korea-transmission.com\/fi\/wp-json\/wp\/v2\/types\/page"}],"author":[{"embeddable":true,"href":"https:\/\/korea-transmission.com\/fi\/wp-json\/wp\/v2\/users\/2"}],"replies":[{"embeddable":true,"href":"https:\/\/korea-transmission.com\/fi\/wp-json\/wp\/v2\/comments?post=6244"}],"version-history":[{"count":13,"href":"https:\/\/korea-transmission.com\/fi\/wp-json\/wp\/v2\/pages\/6244\/revisions"}],"predecessor-version":[{"id":6327,"href":"https:\/\/korea-transmission.com\/fi\/wp-json\/wp\/v2\/pages\/6244\/revisions\/6327"}],"wp:attachment":[{"href":"https:\/\/korea-transmission.com\/fi\/wp-json\/wp\/v2\/media?parent=6244"}],"curies":[{"name":"wp","href":"https:\/\/api.w.org\/{rel}","templated":true}]}}