{"id":1423,"date":"2025-06-30T06:32:40","date_gmt":"2025-06-30T06:32:40","guid":{"rendered":"https:\/\/korea-transmission.com\/?post_type=product&#038;p=1423"},"modified":"2025-06-30T09:25:21","modified_gmt":"2025-06-30T09:25:21","slug":"floating-hydraulic-cylinder-for-arm-type-aerial-work-platform","status":"publish","type":"product","link":"https:\/\/korea-transmission.com\/de\/produkt\/floating-hydraulic-cylinder-for-arm-type-aerial-work-platform\/","title":{"rendered":"Schwimmender Hydraulikzylinder f\u00fcr Hubarbeitsb\u00fchnen mit Arm"},"content":{"rendered":"<p>Ein schwimmend gelagerter Hydraulikzylinder f\u00fcr eine Hubarbeitsb\u00fchne mit Ausleger ist eine spezielle Hydraulikkomponente, die f\u00fcr kontrollierte Bewegung, Stabilit\u00e4t und Flexibilit\u00e4t des Auslegermechanismus der Plattform sorgt. Er spielt eine entscheidende Rolle beim Heben, Senken und Positionieren der Plattform w\u00e4hrend des Betriebs. Die Bezeichnung \u201eschwimmend\u201c bezieht sich auf seine F\u00e4higkeit, sich dynamisch an unterschiedliche Lasten und Betriebswinkel anzupassen, ohne Spannungen oder Fehlausrichtungen im System zu verursachen. Diese Anpassungsf\u00e4higkeit gew\u00e4hrleistet eine reibungslose Bewegung, selbst bei ungleichm\u00e4\u00dfiger Gewichtsverteilung oder \u00e4u\u00dferen Kr\u00e4ften wie Wind.<\/p>\n<p>Der Hydraulikzylinder arbeitet mit Druckbeaufschlagung durch Hydraulikfl\u00fcssigkeit, die die notwendige Kraft zum Aus- und Einfahren des Arms erzeugt. Er ist mit fortschrittlichen Dichtungen, hochfesten Materialien und pr\u00e4zisen Toleranzen ausgestattet, um hohe Belastungen zu bew\u00e4ltigen und gleichzeitig Zuverl\u00e4ssigkeit und Langlebigkeit zu gew\u00e4hrleisten. Dar\u00fcber hinaus minimiert seine schwimmende Konstruktion den Verschlei\u00df an den Armgelenken, reduziert das Risiko von Sch\u00e4den durch \u00dcberdehnung und erh\u00f6ht die Sicherheit des Ger\u00e4ts. Dies macht ihn zu einer unverzichtbaren Komponente f\u00fcr Hubarbeitsb\u00fchnen, die im Bauwesen, in der Instandhaltung und in anderen Branchen mit hohem Zugangsbedarf eingesetzt werden.<\/p>\n<p><img loading=\"lazy\" decoding=\"async\" class=\"aligncenter wp-image-1424 size-full\" src=\"https:\/\/korea-transmission.com\/wp-content\/uploads\/2025\/06\/Floating-Hydraulic-Cylinder-3.webp\" alt=\"Schwimmender Hydraulikzylinder\" width=\"800\" height=\"800\" srcset=\"https:\/\/korea-transmission.com\/wp-content\/uploads\/2025\/06\/Floating-Hydraulic-Cylinder-3.webp 800w, https:\/\/korea-transmission.com\/wp-content\/uploads\/2025\/06\/Floating-Hydraulic-Cylinder-3-480x480.webp 480w\" sizes=\"(min-width: 0px) and (max-width: 480px) 480px, (min-width: 481px) 800px, 100vw\" \/><\/p>\n<h2>Abmessungen des schwimmenden Hydraulikzylinders<\/h2>\n<table style=\"border-collapse: collapse; width: 100%;\">\n<tbody>\n<tr>\n<td style=\"width: 50%;\" colspan=\"2\"><img loading=\"lazy\" decoding=\"async\" class=\"aligncenter wp-image-1428 size-full\" src=\"https:\/\/korea-transmission.com\/wp-content\/uploads\/2025\/06\/Floating-Hydraulic-Cylinder-Dimensions-3.webp\" alt=\"Abmessungen des schwimmenden Hydraulikzylinders\" width=\"1438\" height=\"612\" srcset=\"https:\/\/korea-transmission.com\/wp-content\/uploads\/2025\/06\/Floating-Hydraulic-Cylinder-Dimensions-3.webp 1438w, https:\/\/korea-transmission.com\/wp-content\/uploads\/2025\/06\/Floating-Hydraulic-Cylinder-Dimensions-3-1280x545.webp 1280w, https:\/\/korea-transmission.com\/wp-content\/uploads\/2025\/06\/Floating-Hydraulic-Cylinder-Dimensions-3-980x417.webp 980w, https:\/\/korea-transmission.com\/wp-content\/uploads\/2025\/06\/Floating-Hydraulic-Cylinder-Dimensions-3-480x204.webp 480w\" sizes=\"(min-width: 0px) and (max-width: 480px) 480px, (min-width: 481px) and (max-width: 980px) 980px, (min-width: 981px) and (max-width: 1280px) 1280px, (min-width: 1281px) 1438px, 100vw\" \/><\/td>\n<\/tr>\n<tr>\n<td style=\"width: 50%;\"><img loading=\"lazy\" decoding=\"async\" class=\"aligncenter wp-image-1426 size-full\" src=\"https:\/\/korea-transmission.com\/wp-content\/uploads\/2025\/06\/Floating-Hydraulic-Cylinder-Dimensions-1.webp\" alt=\"Abmessungen des schwimmenden Hydraulikzylinders\" width=\"965\" height=\"459\" srcset=\"https:\/\/korea-transmission.com\/wp-content\/uploads\/2025\/06\/Floating-Hydraulic-Cylinder-Dimensions-1.webp 965w, https:\/\/korea-transmission.com\/wp-content\/uploads\/2025\/06\/Floating-Hydraulic-Cylinder-Dimensions-1-480x228.webp 480w\" sizes=\"(min-width: 0px) and (max-width: 480px) 480px, (min-width: 481px) 965px, 100vw\" \/><\/td>\n<td style=\"width: 50%;\"><img loading=\"lazy\" decoding=\"async\" class=\"aligncenter wp-image-1427 size-full\" src=\"https:\/\/korea-transmission.com\/wp-content\/uploads\/2025\/06\/Floating-Hydraulic-Cylinder-Dimensions-2.webp\" alt=\"Abmessungen des schwimmenden Hydraulikzylinders\" width=\"965\" height=\"459\" srcset=\"https:\/\/korea-transmission.com\/wp-content\/uploads\/2025\/06\/Floating-Hydraulic-Cylinder-Dimensions-2.webp 965w, https:\/\/korea-transmission.com\/wp-content\/uploads\/2025\/06\/Floating-Hydraulic-Cylinder-Dimensions-2-480x228.webp 480w\" sizes=\"(min-width: 0px) and (max-width: 480px) 480px, (min-width: 481px) 965px, 100vw\" \/><\/td>\n<\/tr>\n<\/tbody>\n<\/table>\n<table style=\"height: 230px; width: 100%;\" border=\"1\" cellspacing=\"0\" cellpadding=\"0\">\n<tbody>\n<tr>\n<td style=\"text-align: center; width: 46.788%;\">Produktname:<\/td>\n<td style=\"text-align: center; width: 52.9979%;\">Schwimmender Hydraulikzylinder<\/td>\n<\/tr>\n<tr>\n<td style=\"text-align: center; width: 46.788%;\">Funktion:<\/td>\n<td style=\"text-align: center; width: 52.9979%;\">Ziel ist es, ein schwebendes Fahrverhalten zu erreichen, die \u00dcberwindung zu verbessern, die Fahrzeugstabilit\u00e4t aufrechtzuerhalten und die Gel\u00e4ndeg\u00e4ngigkeit der gesamten Maschine zu steigern.<\/td>\n<\/tr>\n<tr>\n<td style=\"text-align: center; width: 46.788%;\">Zylinderdurchmesser:<\/td>\n<td style=\"text-align: center; width: 52.9979%;\">80 mm\u201395 mm<\/td>\n<\/tr>\n<tr>\n<td style=\"text-align: center; width: 46.788%;\">Stangendurchmesser:<\/td>\n<td style=\"text-align: center; width: 52.9979%;\">20 mm\u201350 mm<\/td>\n<\/tr>\n<tr>\n<td style=\"text-align: center; width: 46.788%;\">\u00a0Reisen:<\/td>\n<td style=\"text-align: center; width: 52.9979%;\">110 mm\u2013300 mm<\/td>\n<\/tr>\n<tr>\n<td style=\"text-align: center; width: 46.788%;\">\u00a0Maximaler Druck:<\/td>\n<td style=\"text-align: center; width: 52.9979%;\">20 MPa<\/td>\n<\/tr>\n<tr>\n<td style=\"text-align: center; width: 46.788%;\">\u00a0Maximaler Schub:<\/td>\n<td style=\"text-align: center; width: 52.9979%;\">100 kN<\/td>\n<\/tr>\n<\/tbody>\n<\/table>\n<h2>Arten von Hydraulikzylindern f\u00fcr Hubarbeitsb\u00fchnen mit Ausleger<\/h2>\n<ul>\n<li><strong>Nivellierungshydraulikzylinder<br \/>\n<\/strong>Leveling hydraulic cylinders ensures the work platform remains horizontal during operation. Mounted on the arm or basket, they adjust the platform’s angle to compensate for the arm’s tilt. Constructed with durable materials, they provide precise control, enhancing operator safety and comfort in tasks like maintenance or construction at height.<\/li>\n<li><strong>Teleskop-Hydraulikzylinder<br \/>\n<\/strong>Teleskop-Hydraulikzylinder erm\u00f6glichen das Aus- und Einfahren des Arms von Hubarbeitsb\u00fchnen. Sie bestehen aus mehreren ineinandergreifenden Segmenten und bieten eine kompakte Bauweise bei gleichzeitig gro\u00dfer Reichweite. Die hochfeste Stahlkonstruktion gew\u00e4hrleistet Zuverl\u00e4ssigkeit auch unter hohen Belastungen und ist ideal f\u00fcr das effiziente Erreichen erh\u00f6hter oder weit entfernter Arbeitsbereiche.<\/li>\n<li><strong>Lenkhydraulikzylinder<br \/>\n<\/strong>Steering hydraulic cylinders control the directional movement of the aerial work platform’s chassis or arm. These double-acting cylinders provide smooth, precise steering for maneuverability in tight spaces. Robust seals and high-pressure resistance ensure durability, supporting safe navigation on uneven terrain or crowded job sites.<\/li>\n<li><strong>Schwimmende Hydraulikzylinder<br \/>\n<\/strong>Schwimmend gelagerte Hydraulikzylinder absorbieren St\u00f6\u00dfe und Vibrationen und verbessern so die Stabilit\u00e4t der Plattform. Dank ihrer D\u00e4mpfungsstruktur erm\u00f6glichen sie leichte Bewegungen und reduzieren dadurch die Belastung des Arms bei dynamischen Lasten. Gefertigt aus korrosionsbest\u00e4ndigen Materialien, gew\u00e4hrleisten sie einen reibungslosen Betrieb und eine lange Lebensdauer auch in anspruchsvollen Umgebungen wie dem Bauwesen oder der Instandhaltung von Versorgungsanlagen.<\/li>\n<li><strong>Hubhydraulikzylinder<br \/>\n<\/strong>Auslegerhydraulikzylinder steuern das vertikale Schwenken oder Neigen des Auslegerarms. Sie erm\u00f6glichen pr\u00e4zise Winkeleinstellungen, um die Plattform auf die gew\u00fcnschte H\u00f6he zu positionieren. Gefertigt aus hochfesten Legierungen, bew\u00e4ltigen sie erhebliche Lasten und gew\u00e4hrleisten stabile und kontrollierte Bewegungen bei Aufgaben, die H\u00f6henverstellungen erfordern.<\/li>\n<li><strong>Ausleger-Hydraulikzylinder<br \/>\n<\/strong>Die Hydraulikzylinder des Auslegers steuern dessen Bewegung und erm\u00f6glichen so zus\u00e4tzliche Reichweite und Flexibilit\u00e4t. Sie erlauben die pr\u00e4zise Positionierung der Plattform f\u00fcr den Zugang zu schwer erreichbaren Bereichen. Dank fortschrittlicher Dichtungen und robuster Materialien gew\u00e4hrleisten sie zuverl\u00e4ssige Leistung und Sicherheit bei komplexen Arbeiten in der H\u00f6he.<\/li>\n<\/ul>\n<p><img loading=\"lazy\" decoding=\"async\" class=\"aligncenter wp-image-1412 size-full\" src=\"https:\/\/korea-transmission.com\/wp-content\/uploads\/2025\/06\/Arm-Type-Aerial-Work-Platform-Hydraulic-Cylinder-Types.webp\" alt=\"Arten von Hydraulikzylindern f\u00fcr Hubarbeitsb\u00fchnen mit Ausleger\" width=\"1171\" height=\"640\" srcset=\"https:\/\/korea-transmission.com\/wp-content\/uploads\/2025\/06\/Arm-Type-Aerial-Work-Platform-Hydraulic-Cylinder-Types.webp 1171w, https:\/\/korea-transmission.com\/wp-content\/uploads\/2025\/06\/Arm-Type-Aerial-Work-Platform-Hydraulic-Cylinder-Types-980x536.webp 980w, https:\/\/korea-transmission.com\/wp-content\/uploads\/2025\/06\/Arm-Type-Aerial-Work-Platform-Hydraulic-Cylinder-Types-480x262.webp 480w\" sizes=\"(min-width: 0px) and (max-width: 480px) 480px, (min-width: 481px) and (max-width: 980px) 980px, (min-width: 981px) 1171px, 100vw\" \/><\/p>\n<h2>Teile f\u00fcr schwimmende Hydraulikzylinder von Hubarbeitsb\u00fchnen mit Ausleger.<\/h2>\n<ol>\n<li><strong>Zylinderlauf<\/strong><br \/>\nDer Zylinderzylinder ist das Hauptgeh\u00e4use des schwimmend gelagerten Hydraulikzylinders und dient der Aufnahme der Hydraulikfl\u00fcssigkeit unter hohem Druck. Er wird typischerweise aus hochfestem Stahl gefertigt, um extremen Kr\u00e4ften standzuhalten und Verformungen w\u00e4hrend des Betriebs zu verhindern.<\/li>\n<li><strong>Kolben und Kolbenstange<\/strong><br \/>\nDer Kolben und die Kolbenstange des Hydraulikzylinders sind entscheidende Bauteile, die den Hydraulikdruck in mechanische Bewegung umwandeln. Der Kolben bewegt sich im Zylinderrohr, w\u00e4hrend die Stange nach au\u00dfen ausf\u00e4hrt. Dies erm\u00f6glicht eine kontrollierte Armbewegung und die pr\u00e4zise Positionierung der Hubarbeitsb\u00fchne.<\/li>\n<li><strong>Hydraulikdichtungen<\/strong><br \/>\nHydraulikzylinderdichtungen gew\u00e4hrleisten den sicheren Verschluss des Zylinders mit Druckfl\u00fcssigkeit, verhindern Leckagen und erhalten die Leistungsf\u00e4higkeit aufrecht. Diese Dichtungen bestehen aus robusten, verschlei\u00dffesten Materialien und sind f\u00fcr hohen Druck und Dauerbetrieb geeignet, ohne die Leistung zu beeintr\u00e4chtigen.<\/li>\n<li><strong>Endkappen<\/strong><br \/>\nDie Endkappen des Hydraulikzylinders befinden sich an beiden Enden des Zylinders und dienen der strukturellen Stabilisierung sowie der Aufnahme der internen Komponenten. Sie beherbergen au\u00dferdem Anschl\u00fcsse f\u00fcr den Ein- und Austritt des Hydraulik\u00f6ls und gew\u00e4hrleisten so einen reibungslosen \u00d6lfluss und eine pr\u00e4zise Druckregulierung.<\/li>\n<li><strong>Befestigungspunkte<\/strong><br \/>\nDie Befestigungspunkte sind Verbindungsstellen, die den Hydraulikzylinder am Armmechanismus befestigen. Diese Punkte sind so konstruiert, dass sie die schwimmende Funktion erm\u00f6glichen und somit Flexibilit\u00e4t gew\u00e4hrleisten sowie die Belastung anderer Strukturbauteile w\u00e4hrend der Bewegung reduzieren.<\/li>\n<li><strong>Hydraulikanschl\u00fcsse<\/strong><br \/>\nDie Anschl\u00fcsse an Hydraulikzylindern dienen als Ein- und Austrittspunkte f\u00fcr das Hydraulik\u00f6l und erm\u00f6glichen so den f\u00fcr den Zylinderbetrieb notwendigen Durchfluss. Diese Anschl\u00fcsse sind f\u00fcr eine effiziente Abdichtung und Kompatibilit\u00e4t mit Hydraulikschl\u00e4uchen ausgelegt und gew\u00e4hrleisten dadurch einen zuverl\u00e4ssigen Betrieb unter verschiedenen Betriebsbedingungen.<\/li>\n<\/ol>\n<p><img loading=\"lazy\" decoding=\"async\" class=\"aligncenter wp-image-1429 size-full\" src=\"https:\/\/korea-transmission.com\/wp-content\/uploads\/2025\/06\/Floating-Hydraulic-Cylinder-Parts.webp\" alt=\"Floating Hydraulic Cylinder Parts\" width=\"800\" height=\"800\" srcset=\"https:\/\/korea-transmission.com\/wp-content\/uploads\/2025\/06\/Floating-Hydraulic-Cylinder-Parts.webp 800w, https:\/\/korea-transmission.com\/wp-content\/uploads\/2025\/06\/Floating-Hydraulic-Cylinder-Parts-480x480.webp 480w\" sizes=\"(min-width: 0px) and (max-width: 480px) 480px, (min-width: 481px) 800px, 100vw\" \/><\/p>\n<h2>Schwimmender Hydraulikzylinder f\u00fcr Hubarbeitsb\u00fchnen mit Arm<\/h2>\n<p>Ein schwimmend gelagerter Hydraulikzylinder in einer Hubarbeitsb\u00fchne mit Ausleger ist eine wichtige Komponente, die die Stabilit\u00e4t erh\u00f6ht und dynamische Belastungen im Betrieb absorbiert. Er funktioniert durch die Nutzung des Hydraulikfl\u00fcssigkeitsdrucks in einem speziell konstruierten Zylinder, um kontrollierte Bewegungen und Sto\u00dfd\u00e4mpfung zu erm\u00f6glichen.<\/p>\n<p>Der hydraulische Schwimmzylinder besteht aus einem Zylinderrohr, einem Kolben, einer Kolbenstange, Dichtungen und einem Schwimmd\u00e4mpfer. Hydraulikfl\u00fcssigkeit, typischerweise \u00d6l, wird durch \u00d6ffnungen in den Endkappen in den Zylinder gepumpt. Der dadurch entstehende Druck bewegt den Kolben. Diese Bewegung f\u00e4hrt die Kolbenstange aus oder ein. Die Kolbenstange ist mit dem Ausleger oder dem Fahrgestell der Plattform verbunden und erm\u00f6glicht so ein pr\u00e4zises Neigen oder Schwenken zur Positionsverstellung der Plattform.<\/p>\n<p>Das charakteristische Merkmal eines schwimmend gelagerten Hydraulikzylinders ist sein D\u00e4mpfungsmechanismus. Dieser erm\u00f6glicht leichte seitliche oder axiale Bewegungen, um St\u00f6\u00dfe und Vibrationen durch unebenes Gel\u00e4nde oder pl\u00f6tzliche Lastver\u00e4nderungen abzufangen. Dadurch wird die Belastung des Zylinderarms reduziert, strukturelle Sch\u00e4den werden vermieden und die Sicherheit des Bedieners gew\u00e4hrleistet. Die Dichtungen und Dichtungsringe erhalten die Druckdichtigkeit und verhindern Leckagen, w\u00e4hrend sie gleichzeitig hohen Dr\u00fccken und rauen Umgebungsbedingungen standhalten.<\/p>\n<p>Der schwimmend gelagerte Zylinder aus hochfestem Stahl oder Aluminium umschlie\u00dft die Komponenten und ist korrosionsbest\u00e4ndig. Durch den Ausgleich von Hydraulikkraft und D\u00e4mpfungseffekt gew\u00e4hrleistet der Zylinder sanfte und kontrollierte Bewegungen \u2013 unerl\u00e4sslich f\u00fcr Arbeiten wie Bau- oder Wartungsarbeiten in der H\u00f6he. Diese Konstruktion erh\u00f6ht die Stabilit\u00e4t der Arbeitsb\u00fchne, verl\u00e4ngert die Lebensdauer der Komponenten und sorgt f\u00fcr einen sichereren und zuverl\u00e4ssigeren Betrieb unter dynamischen Bedingungen.<\/p>\n<p><img loading=\"lazy\" decoding=\"async\" class=\"aligncenter wp-image-1430 size-full\" src=\"https:\/\/korea-transmission.com\/wp-content\/uploads\/2025\/06\/Floating-Hydraulic-Cylinder-4.webp\" alt=\"Schwimmender Hydraulikzylinder\" width=\"1024\" height=\"672\" srcset=\"https:\/\/korea-transmission.com\/wp-content\/uploads\/2025\/06\/Floating-Hydraulic-Cylinder-4.webp 1024w, https:\/\/korea-transmission.com\/wp-content\/uploads\/2025\/06\/Floating-Hydraulic-Cylinder-4-980x643.webp 980w, https:\/\/korea-transmission.com\/wp-content\/uploads\/2025\/06\/Floating-Hydraulic-Cylinder-4-480x315.webp 480w\" sizes=\"(min-width: 0px) and (max-width: 480px) 480px, (min-width: 481px) and (max-width: 980px) 980px, (min-width: 981px) 1024px, 100vw\" \/><\/p>","protected":false},"excerpt":{"rendered":"<p>Ein schwimmend gelagerter Hydraulikzylinder f\u00fcr eine Hubarbeitsb\u00fchne mit Ausleger ist eine spezielle Hydraulikkomponente, die f\u00fcr kontrollierte Bewegung, Stabilit\u00e4t und Flexibilit\u00e4t des Auslegermechanismus der Plattform sorgt. Er spielt eine entscheidende Rolle beim Heben, Senken und Positionieren der Plattform w\u00e4hrend des Betriebs. Die Bezeichnung \u201eschwimmend\u201c bezieht sich auf seine F\u00e4higkeit, sich dynamisch an unterschiedliche Lasten und Betriebswinkel anzupassen, ohne Spannungen oder Fehlausrichtungen im System zu verursachen. Diese Anpassungsf\u00e4higkeit gew\u00e4hrleistet eine reibungslose Bewegung, selbst bei ungleichm\u00e4\u00dfiger Gewichtsverteilung oder \u00e4u\u00dferen Kr\u00e4ften wie Wind.<\/p>","protected":false},"featured_media":1424,"comment_status":"open","ping_status":"closed","template":"","meta":{"_et_pb_use_builder":"","_et_pb_old_content":"","_et_gb_content_width":""},"product_brand":[],"product_cat":[20,48],"product_tag":[53,55,51,54,52,49,50],"class_list":{"0":"post-1423","1":"product","2":"type-product","3":"status-publish","4":"has-post-thumbnail","6":"product_cat-hydraulic-cylinders","7":"product_cat-aerial-work-vehicle-hydraulic-cylinders","8":"product_tag-aerial-work-vehicle-hydraulic-cylinder","9":"product_tag-hydraulic-cylinder-for-aerial-work-platform","10":"product_tag-hydraulic-cylinder-manufacturers","11":"product_tag-hydraulic-cylinder-price","12":"product_tag-hydraulic-cylinder-suppliers","13":"product_tag-hydraulic-cylinders","14":"product_tag-hydraulic-cylinders-for-sale","16":"first","17":"instock","18":"shipping-taxable","19":"product-type-simple"},"_links":{"self":[{"href":"https:\/\/korea-transmission.com\/de\/wp-json\/wp\/v2\/product\/1423","targetHints":{"allow":["GET"]}}],"collection":[{"href":"https:\/\/korea-transmission.com\/de\/wp-json\/wp\/v2\/product"}],"about":[{"href":"https:\/\/korea-transmission.com\/de\/wp-json\/wp\/v2\/types\/product"}],"replies":[{"embeddable":true,"href":"https:\/\/korea-transmission.com\/de\/wp-json\/wp\/v2\/comments?post=1423"}],"wp:featuredmedia":[{"embeddable":true,"href":"https:\/\/korea-transmission.com\/de\/wp-json\/wp\/v2\/media\/1424"}],"wp:attachment":[{"href":"https:\/\/korea-transmission.com\/de\/wp-json\/wp\/v2\/media?parent=1423"}],"wp:term":[{"taxonomy":"product_brand","embeddable":true,"href":"https:\/\/korea-transmission.com\/de\/wp-json\/wp\/v2\/product_brand?post=1423"},{"taxonomy":"product_cat","embeddable":true,"href":"https:\/\/korea-transmission.com\/de\/wp-json\/wp\/v2\/product_cat?post=1423"},{"taxonomy":"product_tag","embeddable":true,"href":"https:\/\/korea-transmission.com\/de\/wp-json\/wp\/v2\/product_tag?post=1423"}],"curies":[{"name":"wp","href":"https:\/\/api.w.org\/{rel}","templated":true}]}}