{"id":6880,"date":"2026-04-24T08:25:53","date_gmt":"2026-04-24T08:25:53","guid":{"rendered":"https:\/\/korea-transmission.com\/?page_id=6880"},"modified":"2026-04-24T09:56:41","modified_gmt":"2026-04-24T09:56:41","slug":"pto-shaft-for-rotary-tiller","status":"publish","type":"page","link":"https:\/\/korea-transmission.com\/de\/pto-shaft-for-rotary-tiller\/","title":{"rendered":"Zapfwelle f\u00fcr Motorhacke"},"content":{"rendered":"<p>[et_pb_section fb_built=”1″ _builder_version=”4.27.5″ _module_preset=”default” hover_enabled=”0″ global_colors_info=”{}” alt=”PTO Shaft for Rotary Tiller” title_text=”0_PTO Shaft for Rotary Tiller-1″ background_image=”https:\/\/korea-transmission.com\/wp-content\/uploads\/2026\/04\/0_PTO-Shaft-for-Rotary-Tiller-1.webp” sticky_enabled=”0″ use_background_color_gradient=”on” background_color_gradient_stops=”#ffffff 0%|rgba(255,255,255,0) 100%” background_color_gradient_overlays_image=”on” custom_padding=”90px||90px|||”][et_pb_row _builder_version=”4.27.5″ _module_preset=”default” global_colors_info=”{}”][et_pb_column type=”4_4″ _builder_version=”4.27.5″ _module_preset=”default” global_colors_info=”{}”][et_pb_text _builder_version=”4.27.5″ _module_preset=”default” hover_enabled=”0″ global_colors_info=”{}” header_font_size=”60px” sticky_enabled=”0″]<\/p>\n<h1 style=\"text-align: center;\">Zapfwelle f\u00fcr Motorhacke<\/h1>\n<p>[\/et_pb_text][et_pb_text _builder_version=”4.27.5″ _module_preset=”default” text_text_color=”#000000″ hover_enabled=”0″ sticky_enabled=”0″]<\/p>\n<p style=\"text-align: center;\">Die Zapfwelle (PTO) einer Bodenfr\u00e4se ist das zentrale Antriebselement, das die mechanische Kraft vom Heckausgang des Traktors direkt auf das Getriebe des Anbauger\u00e4ts \u00fcbertr\u00e4gt. Bei den John Deere Bodenfr\u00e4senmodellen 647, 655, 665, 673 und 681 treibt diese Welle den horizontalen Rotor und seine Zinken an. Dadurch wird eine gr\u00fcndliche Bodenbearbeitung erm\u00f6glicht, indem Erdklumpen zerkleinert, der Boden bel\u00fcftet und organische Substanz eingearbeitet wird, um ein optimales Saatbett zu schaffen. <\/p>\n<p>[\/et_pb_text][et_pb_button button_text=”Request A Quote” _builder_version=”4.27.5″ _module_preset=”default” hover_enabled=”0″ sticky_enabled=”0″ button_url=”#contacts” button_alignment=”center” custom_button=”on” button_text_color=”#000000″][\/et_pb_button][\/et_pb_column][\/et_pb_row][\/et_pb_section][et_pb_section fb_built=”1″ theme_builder_area=”post_content” _builder_version=”4.27.5″ _module_preset=”default” custom_padding=”||16px|||”][et_pb_row _builder_version=”4.27.5″ _module_preset=”default” theme_builder_area=”post_content”][et_pb_column _builder_version=”4.27.5″ _module_preset=”default” type=”4_4″ theme_builder_area=”post_content”][et_pb_text _builder_version=”4.27.5″ _module_preset=”default” theme_builder_area=”post_content” hover_enabled=”0″ sticky_enabled=”0″ header_2_font_size=”36px”]<\/p>\n<h2>Zapfwellentypen f\u00fcr Bodenfr\u00e4sen<\/h2>\n<p>[\/et_pb_text][et_pb_text _builder_version=”4.27.5″ _module_preset=”default” theme_builder_area=”post_content” hover_enabled=”0″ sticky_enabled=”0″]The Power Take-Off shaft, or PTO shaft, serves as the essential driveline component that transfers rotational power from a tractor to a rotary tiller. In the case of John Deere rotary tillers such as models 647, 655, 665, 673, and 681, it connects the tractor’s PTO output to the tiller’s gearbox, enabling the rotor and tines to operate effectively for soil preparation. These shafts are typically constructed with robust materials, featuring telescopic sections, universal joints, and safety mechanisms like slip clutches to handle varying field conditions and prevent overload damage. Proper compatibility and maintenance of the PTO shaft contribute to safe and efficient performance in agricultural tasks.[\/et_pb_text][\/et_pb_column][\/et_pb_row][\/et_pb_section][et_pb_section fb_built=”1″ theme_builder_area=”post_content” _builder_version=”4.27.5″ _module_preset=”default” custom_padding=”17px||22px|||”][et_pb_row _builder_version=”4.27.5″ _module_preset=”default” theme_builder_area=”post_content”][et_pb_column _builder_version=”4.27.5″ _module_preset=”default” type=”4_4″ theme_builder_area=”post_content”][et_pb_text _builder_version=”4.27.5″ _module_preset=”default” theme_builder_area=”post_content” hover_enabled=”0″ sticky_enabled=”0″ header_2_font_size=”36px”]<\/p>\n<h2>Zapfwelle f\u00fcr John Deere Bodenfr\u00e4se<\/h2>\n<p>[\/et_pb_text][\/et_pb_column][\/et_pb_row][et_pb_row _builder_version=”4.27.5″ _module_preset=”default” column_structure=”1_3,1_3,1_3″ theme_builder_area=”post_content” hover_enabled=”0″ sticky_enabled=”0″][et_pb_column _builder_version=”4.27.5″ _module_preset=”default” type=”1_3″ theme_builder_area=”post_content”][et_pb_image src=”https:\/\/korea-transmission.com\/wp-content\/uploads\/2026\/04\/PTO-Shaft-for-John-Deere-Rotary-Tiller-1.webp” _builder_version=”4.27.5″ _module_preset=”default” theme_builder_area=”post_content” hover_enabled=”0″ sticky_enabled=”0″ alt=”PTO Shaft for John Deere Rotary Tiller” title_text=”PTO Shaft for John Deere Rotary Tiller-1″][\/et_pb_image][et_pb_text _builder_version=”4.27.5″ _module_preset=”default” theme_builder_area=”post_content” hover_enabled=”0″ sticky_enabled=”0″]<\/p>\n<h3>Zapfwelle f\u00fcr John Deere Bodenfr\u00e4sen 647, 655, 665, 673, 681<\/h3>\n<p>[\/et_pb_text][\/et_pb_column][et_pb_column _builder_version=”4.27.5″ _module_preset=”default” type=”1_3″ theme_builder_area=”post_content”][\/et_pb_column][et_pb_column _builder_version=”4.27.5″ _module_preset=”default” type=”1_3″ theme_builder_area=”post_content”][\/et_pb_column][\/et_pb_row][\/et_pb_section][et_pb_section fb_built=”1″ theme_builder_area=”post_content” _builder_version=”4.27.5″ _module_preset=”default” custom_padding=”17px||22px|||”][et_pb_row _builder_version=”4.27.5″ _module_preset=”default” theme_builder_area=”post_content”][et_pb_column _builder_version=”4.27.5″ _module_preset=”default” type=”4_4″ theme_builder_area=”post_content”][et_pb_text _builder_version=”4.27.5″ _module_preset=”default” theme_builder_area=”post_content” hover_enabled=”0″ sticky_enabled=”0″ header_2_font_size=”36px”]<\/p>\n<h2>Zapfwelle f\u00fcr Farm-Maxx Bodenfr\u00e4se<\/h2>\n<p>[\/et_pb_text][\/et_pb_column][\/et_pb_row][et_pb_row _builder_version=”4.27.5″ _module_preset=”default” column_structure=”1_3,1_3,1_3″ theme_builder_area=”post_content” hover_enabled=”0″ sticky_enabled=”0″][et_pb_column _builder_version=”4.27.5″ _module_preset=”default” type=”1_3″ theme_builder_area=”post_content”][et_pb_image src=”https:\/\/korea-transmission.com\/wp-content\/uploads\/2026\/04\/PTO-Shaft-for-Farm-Maxx-Rotary-Tiller.webp” _builder_version=”4.27.5″ _module_preset=”default” theme_builder_area=”post_content” hover_enabled=”0″ sticky_enabled=”0″ alt=”PTO Shaft for Farm-Maxx Rotary Tiller” title_text=”PTO Shaft for Farm-Maxx Rotary Tiller”][\/et_pb_image][et_pb_text _builder_version=”4.27.5″ _module_preset=”default” theme_builder_area=”post_content” hover_enabled=”0″ sticky_enabled=”0″]<\/p>\n<h3>Zapfwelle f\u00fcr Farm-Maxx Bodenfr\u00e4sen der Serien FTL, FTM und FTH<\/h3>\n<p>[\/et_pb_text][\/et_pb_column][et_pb_column _builder_version=”4.27.5″ _module_preset=”default” type=”1_3″ theme_builder_area=”post_content”][\/et_pb_column][et_pb_column _builder_version=”4.27.5″ _module_preset=”default” type=”1_3″ theme_builder_area=”post_content”][\/et_pb_column][\/et_pb_row][\/et_pb_section][et_pb_section fb_built=”1″ theme_builder_area=”post_content” _builder_version=”4.27.5″ _module_preset=”default” custom_padding=”17px||22px|||”][et_pb_row _builder_version=”4.27.5″ _module_preset=”default” theme_builder_area=”post_content”][et_pb_column _builder_version=”4.27.5″ _module_preset=”default” type=”4_4″ theme_builder_area=”post_content”][et_pb_text _builder_version=”4.27.5″ _module_preset=”default” theme_builder_area=”post_content” hover_enabled=”0″ sticky_enabled=”0″ header_2_font_size=”36px”]<\/p>\n<h2>Zapfwelle f\u00fcr King Kutter Bodenfr\u00e4se<\/h2>\n<p>[\/et_pb_text][\/et_pb_column][\/et_pb_row][et_pb_row _builder_version=”4.27.5″ _module_preset=”default” column_structure=”1_3,1_3,1_3″ theme_builder_area=”post_content” hover_enabled=”0″ sticky_enabled=”0″][et_pb_column _builder_version=”4.27.5″ _module_preset=”default” type=”1_3″ theme_builder_area=”post_content”][et_pb_image src=”https:\/\/korea-transmission.com\/wp-content\/uploads\/2026\/04\/PTO-Shaft-for-King-Kutter-Rotary-Tiller-1.webp” _builder_version=”4.27.5″ _module_preset=”default” theme_builder_area=”post_content” hover_enabled=”0″ sticky_enabled=”0″ alt=”PTO Shaft for King Kutter Rotary Tiller” title_text=”PTO Shaft for King Kutter Rotary Tiller-1″][\/et_pb_image][et_pb_text _builder_version=”4.27.5″ _module_preset=”default” theme_builder_area=”post_content” hover_enabled=”0″ sticky_enabled=”0″]<\/p>\n<h3>Zapfwelle f\u00fcr King Kutter Motorhacken TG-48, TG-60, TG-72, TG-84<\/h3>\n<p>[\/et_pb_text][\/et_pb_column][et_pb_column _builder_version=”4.27.5″ _module_preset=”default” type=”1_3″ theme_builder_area=”post_content”][\/et_pb_column][et_pb_column _builder_version=”4.27.5″ _module_preset=”default” type=”1_3″ theme_builder_area=”post_content”][\/et_pb_column][\/et_pb_row][\/et_pb_section]<\/p>","protected":false},"excerpt":{"rendered":"<p>PTO Shaft for Rotary TillerThe Power Take-Off (PTO) shaft for a rotary tiller functions as the critical driveline that transmits mechanical power from a tractor’s rear output directly to the implement’s gearbox. For John Deere rotary tiller models 647, 655, 665, 673, and 681, this shaft drives the horizontal rotor and its array of tines, [&hellip;]<\/p>","protected":false},"author":2,"featured_media":0,"parent":0,"menu_order":0,"comment_status":"closed","ping_status":"closed","template":"","meta":{"_et_pb_use_builder":"on","_et_pb_old_content":"","_et_gb_content_width":"","footnotes":""},"class_list":["post-6880","page","type-page","status-publish","hentry"],"_links":{"self":[{"href":"https:\/\/korea-transmission.com\/de\/wp-json\/wp\/v2\/pages\/6880","targetHints":{"allow":["GET"]}}],"collection":[{"href":"https:\/\/korea-transmission.com\/de\/wp-json\/wp\/v2\/pages"}],"about":[{"href":"https:\/\/korea-transmission.com\/de\/wp-json\/wp\/v2\/types\/page"}],"author":[{"embeddable":true,"href":"https:\/\/korea-transmission.com\/de\/wp-json\/wp\/v2\/users\/2"}],"replies":[{"embeddable":true,"href":"https:\/\/korea-transmission.com\/de\/wp-json\/wp\/v2\/comments?post=6880"}],"version-history":[{"count":17,"href":"https:\/\/korea-transmission.com\/de\/wp-json\/wp\/v2\/pages\/6880\/revisions"}],"predecessor-version":[{"id":6907,"href":"https:\/\/korea-transmission.com\/de\/wp-json\/wp\/v2\/pages\/6880\/revisions\/6907"}],"wp:attachment":[{"href":"https:\/\/korea-transmission.com\/de\/wp-json\/wp\/v2\/media?parent=6880"}],"curies":[{"name":"wp","href":"https:\/\/api.w.org\/{rel}","templated":true}]}}